{"id":13499,"date":"2026-02-16T19:03:50","date_gmt":"2026-02-16T10:03:50","guid":{"rendered":"https:\/\/allo-korea.com\/?post_type=product&#038;p=13499"},"modified":"2026-03-11T18:03:38","modified_gmt":"2026-03-11T09:03:38","slug":"sophie-b","status":"publish","type":"product","link":"https:\/\/allo-korea.com\/sv\/produit\/sophie-b\/","title":{"rendered":"Sophie B."},"content":{"rendered":"<section id=\"ak-final-roadmap\">\n<div class=\"ak-wrap\">\n<div class=\"ak-card anim\" style=\"animation-delay: 0.1s;\">\n      <span class=\"ak-card-title\">Akademisk plan<\/span><\/p>\n<div class=\"ak-highlight-box blue-box\">\n        <span class=\"ak-h-label\">Total studieavgift (2 terminer)<\/span><\/p>\n<div class=\"ak-h-value\">\u20a93,600,000<span>KRW<\/span><\/div>\n<div class=\"ak-h-sub\">\u2248 $2.700 USD<\/div>\n<\/p><\/div>\n<div class=\"ak-info-list\">\n<div class=\"ak-info-item\"><span class=\"ak-i-label\">Universitet<\/span><span class=\"ak-i-value\">Yonsei universitet<\/span><\/div>\n<div class=\"ak-info-item\"><span class=\"ak-i-label\">Tidsperiod<\/span><span class=\"ak-i-value\">H\u00f6st (september)<\/span><\/div>\n<div class=\"ak-info-item\"><span class=\"ak-i-label\">Terminens startdatum<\/span><span class=\"ak-i-value\">1 september 2026<\/span><\/div>\n<div class=\"ak-info-item\"><span class=\"ak-i-label\">Varaktighet<\/span><span class=\"ak-i-value\">2 terminer (6 m\u00e5nader)<\/span><\/div>\n<div class=\"ak-info-item\"><span class=\"ak-i-label\">Schema<\/span><span class=\"ak-i-value\">Eftermiddagsklass<\/span><\/div>\n<div class=\"ak-info-item\"><span class=\"ak-i-label\">Niv\u00e5test<\/span><span class=\"ak-i-value\">Komplett nyb\u00f6rjare<\/span><\/div>\n<div class=\"ak-info-item\"><span class=\"ak-i-label\">Klass f\u00f6r f\u00f6rkoreanska<\/span><span class=\"ak-i-value\">Till\u00e4mpad (Ja)<\/span><\/div>\n<div class=\"ak-info-item\"><span class=\"ak-i-label\">Visumst\u00f6d<\/span><span class=\"ak-i-value\">Studentvisum (D-4-1)<\/span><\/div>\n<\/p><\/div>\n<\/p><\/div>\n<div class=\"ak-card anim\" style=\"animation-delay: 0.2s;\">\n      <span class=\"ak-card-title\">Boende &amp; inflyttning<\/span><\/p>\n<div class=\"ak-highlight-box orange-box\">\n        <span class=\"ak-h-label\">\u00d6st. M\u00e5natlig boendekostnad<\/span><\/p>\n<div class=\"ak-h-value\">$300 - $450<span>\/ M\u00e5nad<\/span><\/div>\n<div class=\"ak-h-sub\">Baserat p\u00e5 skolans elevhem<\/div>\n<\/p><\/div>\n<div class=\"ak-info-list\">\n<div class=\"ak-info-item\"><span class=\"ak-i-label\">Inflyttningsdatum<\/span><span class=\"ak-i-value\">25 augusti 2026<\/span><\/div>\n<div class=\"ak-info-item\"><span class=\"ak-i-label\">Typ av hus<\/span><span class=\"ak-i-value\">Skolans sovsal<\/span><\/div>\n<div class=\"ak-info-item\"><span class=\"ak-i-label\">Avst\u00e5nd till skolan<\/span><span class=\"ak-i-value\">G\u00e5ngavst\u00e5nd<\/span><\/div>\n<div class=\"ak-info-item\"><span class=\"ak-i-label\">S\u00e4kerhetsdeposition<\/span><span class=\"ak-i-value\">\u00c5terbetalningsbar<\/span><\/div>\n<\/p><\/div>\n<\/p><\/div>\n<div class=\"ak-card anim\" style=\"animation-delay: 0.3s;\">\n      <span class=\"ak-card-title\">F\u00f6rlikningspaket<\/span><\/p>\n<div class=\"ak-check-item\">\n<div class=\"ak-check-box\"><\/div>\n<p><span class=\"ak-check-text\">Inst\u00e4llning av lokalt bankkonto<\/span><\/div>\n<div class=\"ak-check-item\">\n<div class=\"ak-check-box\"><\/div>\n<p><span class=\"ak-check-text\">SIM-kort med h\u00f6g hastighet (4G\/5G)<\/span><\/div>\n<div class=\"ak-check-item\">\n<div class=\"ak-check-box\"><\/div>\n<p><span class=\"ak-check-text\">V\u00e4gledning f\u00f6r ARC ans\u00f6kan<\/span><\/div>\n<\/p><\/div>\n<\/section>","protected":false},"excerpt":{"rendered":"<p>Yonsei universitet - Seoul<\/p>","protected":false},"featured_media":13503,"comment_status":"open","ping_status":"closed","template":"","meta":{"_crdt_document":"","jetpack_publicize_message":"","jetpack_publicize_feature_enabled":true,"jetpack_social_post_already_shared":true,"jetpack_social_options":{"image_generator_settings":{"template":"highway","default_image_id":0,"font":"","enabled":false},"version":2},"_wpas_customize_per_network":false},"product_brand":[],"product_cat":[1462],"product_tag":[1460],"class_list":{"0":"post-13499","1":"product","2":"type-product","3":"status-publish","4":"has-post-thumbnail","6":"product_cat-seoul","7":"product_tag-completed","9":"first","10":"instock","11":"virtual","12":"purchasable","13":"product-type-simple"},"yoast_head":"<!-- This site is optimized with the Yoast SEO Premium plugin v24.7 (Yoast SEO v27.4) - https:\/\/yoast.com\/product\/yoast-seo-premium-wordpress\/ -->\n<title>Sophie B. - ALLO KOREA<\/title>\n<meta name=\"robots\" content=\"index, follow, max-snippet:-1, max-image-preview:large, max-video-preview:-1\" \/>\n<link rel=\"canonical\" href=\"https:\/\/allo-korea.com\/sv\/produit\/sophie-b\/\" \/>\n<meta property=\"og:locale\" content=\"sv_SE\" \/>\n<meta property=\"og:type\" content=\"article\" \/>\n<meta property=\"og:title\" content=\"Sophie B.\" \/>\n<meta property=\"og:description\" content=\"Yonsei University \u00b7 Seoul\" \/>\n<meta property=\"og:url\" content=\"https:\/\/allo-korea.com\/sv\/produit\/sophie-b\/\" \/>\n<meta property=\"og:site_name\" content=\"ALLO KOREA\" \/>\n<meta property=\"article:modified_time\" content=\"2026-03-11T09:03:38+00:00\" \/>\n<meta property=\"og:image\" content=\"https:\/\/allo-korea.com\/wp-content\/uploads\/2026\/02\/GB.gif\" \/>\n\t<meta property=\"og:image:width\" content=\"150\" \/>\n\t<meta property=\"og:image:height\" content=\"100\" \/>\n\t<meta property=\"og:image:type\" content=\"image\/gif\" \/>\n<meta name=\"twitter:card\" content=\"summary_large_image\" \/>\n<meta name=\"twitter:label1\" content=\"Ber\u00e4knad l\u00e4stid\" \/>\n\t<meta name=\"twitter:data1\" content=\"1 minut\" \/>\n<script type=\"application\/ld+json\" class=\"yoast-schema-graph\">{\"@context\":\"https:\\\/\\\/schema.org\",\"@graph\":[{\"@type\":\"WebPage\",\"@id\":\"https:\\\/\\\/allo-korea.com\\\/produit\\\/sophie-b\\\/\",\"url\":\"https:\\\/\\\/allo-korea.com\\\/produit\\\/sophie-b\\\/\",\"name\":\"Sophie B. - ALLO KOREA\",\"isPartOf\":{\"@id\":\"https:\\\/\\\/allo-korea.com\\\/#website\"},\"primaryImageOfPage\":{\"@id\":\"https:\\\/\\\/allo-korea.com\\\/produit\\\/sophie-b\\\/#primaryimage\"},\"image\":{\"@id\":\"https:\\\/\\\/allo-korea.com\\\/produit\\\/sophie-b\\\/#primaryimage\"},\"thumbnailUrl\":\"https:\\\/\\\/i0.wp.com\\\/allo-korea.com\\\/wp-content\\\/uploads\\\/2026\\\/02\\\/GB.gif?fit=150%2C100&ssl=1\",\"datePublished\":\"2026-02-16T10:03:50+00:00\",\"dateModified\":\"2026-03-11T09:03:38+00:00\",\"breadcrumb\":{\"@id\":\"https:\\\/\\\/allo-korea.com\\\/produit\\\/sophie-b\\\/#breadcrumb\"},\"inLanguage\":\"sv-SE\",\"potentialAction\":[{\"@type\":\"ReadAction\",\"target\":[\"https:\\\/\\\/allo-korea.com\\\/produit\\\/sophie-b\\\/\"]}]},{\"@type\":\"ImageObject\",\"inLanguage\":\"sv-SE\",\"@id\":\"https:\\\/\\\/allo-korea.com\\\/produit\\\/sophie-b\\\/#primaryimage\",\"url\":\"https:\\\/\\\/i0.wp.com\\\/allo-korea.com\\\/wp-content\\\/uploads\\\/2026\\\/02\\\/GB.gif?fit=150%2C100&ssl=1\",\"contentUrl\":\"https:\\\/\\\/i0.wp.com\\\/allo-korea.com\\\/wp-content\\\/uploads\\\/2026\\\/02\\\/GB.gif?fit=150%2C100&ssl=1\",\"width\":150,\"height\":100},{\"@type\":\"BreadcrumbList\",\"@id\":\"https:\\\/\\\/allo-korea.com\\\/produit\\\/sophie-b\\\/#breadcrumb\",\"itemListElement\":[{\"@type\":\"ListItem\",\"position\":1,\"name\":\"Accueil\",\"item\":\"https:\\\/\\\/allo-korea.com\\\/\"},{\"@type\":\"ListItem\",\"position\":2,\"name\":\"500+ Verified Student Reports | ALLO KOREA\",\"item\":\"https:\\\/\\\/allo-korea.com\\\/archives\\\/\"},{\"@type\":\"ListItem\",\"position\":3,\"name\":\"Sophie B.\"}]},{\"@type\":\"WebSite\",\"@id\":\"https:\\\/\\\/allo-korea.com\\\/#website\",\"url\":\"https:\\\/\\\/allo-korea.com\\\/\",\"name\":\"ALLO-KOREA | Vivre et \u00c9tudier en Cor\u00e9e \u2013 Logement, Visa, Services\",\"description\":\"Live in Korea. Settle Fast. Stay Smart.\",\"publisher\":{\"@id\":\"https:\\\/\\\/allo-korea.com\\\/#organization\"},\"alternateName\":\"ALLO-KOREA\",\"potentialAction\":[{\"@type\":\"SearchAction\",\"target\":{\"@type\":\"EntryPoint\",\"urlTemplate\":\"https:\\\/\\\/allo-korea.com\\\/?s={search_term_string}\"},\"query-input\":{\"@type\":\"PropertyValueSpecification\",\"valueRequired\":true,\"valueName\":\"search_term_string\"}}],\"inLanguage\":\"sv-SE\"},{\"@type\":\"Organization\",\"@id\":\"https:\\\/\\\/allo-korea.com\\\/#organization\",\"name\":\"ALLO KOREA\",\"url\":\"https:\\\/\\\/allo-korea.com\\\/\",\"logo\":{\"@type\":\"ImageObject\",\"inLanguage\":\"sv-SE\",\"@id\":\"https:\\\/\\\/allo-korea.com\\\/#\\\/schema\\\/logo\\\/image\\\/\",\"url\":\"https:\\\/\\\/i0.wp.com\\\/allo-korea.com\\\/wp-content\\\/uploads\\\/2025\\\/03\\\/%EC%A0%9C%EB%AA%A9%EC%9D%84-%EC%9E%85%EB%A0%A5%ED%95%B4%EC%A3%BC%EC%84%B8%EC%9A%94__%EB%B3%B5%EC%82%AC%EB%B3%B8-1-001-2.png?fit=2518%2C480&ssl=1\",\"contentUrl\":\"https:\\\/\\\/i0.wp.com\\\/allo-korea.com\\\/wp-content\\\/uploads\\\/2025\\\/03\\\/%EC%A0%9C%EB%AA%A9%EC%9D%84-%EC%9E%85%EB%A0%A5%ED%95%B4%EC%A3%BC%EC%84%B8%EC%9A%94__%EB%B3%B5%EC%82%AC%EB%B3%B8-1-001-2.png?fit=2518%2C480&ssl=1\",\"width\":2518,\"height\":480,\"caption\":\"ALLO KOREA\"},\"image\":{\"@id\":\"https:\\\/\\\/allo-korea.com\\\/#\\\/schema\\\/logo\\\/image\\\/\"},\"description\":\"Move to Korea or study in Korea without the stress. ALLO KOREA handles your visa, housing, bank, phone, and ARC \u2014 helping you start living freely from day one.\",\"email\":\"contact@allo-korea.com\",\"legalName\":\"ALLO KOREA\",\"foundingDate\":\"2025-05-01\",\"vatID\":\"776-81-03840\",\"taxID\":\"776-81-03840\",\"duns\":\"696339103\",\"numberOfEmployees\":{\"@type\":\"QuantitativeValue\",\"minValue\":\"1\",\"maxValue\":\"10\"}}]}<\/script>\n<!-- \/ Yoast SEO Premium plugin. -->","yoast_head_json":{"title":"Sophie B. - ALLO KOREA","robots":{"index":"index","follow":"follow","max-snippet":"max-snippet:-1","max-image-preview":"max-image-preview:large","max-video-preview":"max-video-preview:-1"},"canonical":"https:\/\/allo-korea.com\/sv\/produit\/sophie-b\/","og_locale":"sv_SE","og_type":"article","og_title":"Sophie B.","og_description":"Yonsei University \u00b7 Seoul","og_url":"https:\/\/allo-korea.com\/sv\/produit\/sophie-b\/","og_site_name":"ALLO KOREA","article_modified_time":"2026-03-11T09:03:38+00:00","og_image":[{"width":150,"height":100,"url":"https:\/\/allo-korea.com\/wp-content\/uploads\/2026\/02\/GB.gif","type":"image\/gif"}],"twitter_card":"summary_large_image","twitter_misc":{"Ber\u00e4knad l\u00e4stid":"1 minut"},"schema":{"@context":"https:\/\/schema.org","@graph":[{"@type":"WebPage","@id":"https:\/\/allo-korea.com\/produit\/sophie-b\/","url":"https:\/\/allo-korea.com\/produit\/sophie-b\/","name":"Sophie B. - ALLO KOREA","isPartOf":{"@id":"https:\/\/allo-korea.com\/#website"},"primaryImageOfPage":{"@id":"https:\/\/allo-korea.com\/produit\/sophie-b\/#primaryimage"},"image":{"@id":"https:\/\/allo-korea.com\/produit\/sophie-b\/#primaryimage"},"thumbnailUrl":"https:\/\/i0.wp.com\/allo-korea.com\/wp-content\/uploads\/2026\/02\/GB.gif?fit=150%2C100&ssl=1","datePublished":"2026-02-16T10:03:50+00:00","dateModified":"2026-03-11T09:03:38+00:00","breadcrumb":{"@id":"https:\/\/allo-korea.com\/produit\/sophie-b\/#breadcrumb"},"inLanguage":"sv-SE","potentialAction":[{"@type":"ReadAction","target":["https:\/\/allo-korea.com\/produit\/sophie-b\/"]}]},{"@type":"ImageObject","inLanguage":"sv-SE","@id":"https:\/\/allo-korea.com\/produit\/sophie-b\/#primaryimage","url":"https:\/\/i0.wp.com\/allo-korea.com\/wp-content\/uploads\/2026\/02\/GB.gif?fit=150%2C100&ssl=1","contentUrl":"https:\/\/i0.wp.com\/allo-korea.com\/wp-content\/uploads\/2026\/02\/GB.gif?fit=150%2C100&ssl=1","width":150,"height":100},{"@type":"BreadcrumbList","@id":"https:\/\/allo-korea.com\/produit\/sophie-b\/#breadcrumb","itemListElement":[{"@type":"ListItem","position":1,"name":"Accueil","item":"https:\/\/allo-korea.com\/"},{"@type":"ListItem","position":2,"name":"500+ Verified Student Reports | ALLO KOREA","item":"https:\/\/allo-korea.com\/archives\/"},{"@type":"ListItem","position":3,"name":"Sophie B."}]},{"@type":"WebSite","@id":"https:\/\/allo-korea.com\/#website","url":"https:\/\/allo-korea.com\/","name":"ALLO-KOREA | Vivre et \u00c9tudier en Cor\u00e9e - Logement, Visa, Tj\u00e4nster","description":"Bo i Korea. Bos\u00e4tt dig snabbt. H\u00e5ll dig smart.","publisher":{"@id":"https:\/\/allo-korea.com\/#organization"},"alternateName":"ALLO-KOREA","potentialAction":[{"@type":"SearchAction","target":{"@type":"EntryPoint","urlTemplate":"https:\/\/allo-korea.com\/?s={search_term_string}"},"query-input":{"@type":"PropertyValueSpecification","valueRequired":true,"valueName":"search_term_string"}}],"inLanguage":"sv-SE"},{"@type":"Organization","@id":"https:\/\/allo-korea.com\/#organization","name":"ALLO KOREA","url":"https:\/\/allo-korea.com\/","logo":{"@type":"ImageObject","inLanguage":"sv-SE","@id":"https:\/\/allo-korea.com\/#\/schema\/logo\/image\/","url":"https:\/\/i0.wp.com\/allo-korea.com\/wp-content\/uploads\/2025\/03\/%EC%A0%9C%EB%AA%A9%EC%9D%84-%EC%9E%85%EB%A0%A5%ED%95%B4%EC%A3%BC%EC%84%B8%EC%9A%94__%EB%B3%B5%EC%82%AC%EB%B3%B8-1-001-2.png?fit=2518%2C480&ssl=1","contentUrl":"https:\/\/i0.wp.com\/allo-korea.com\/wp-content\/uploads\/2025\/03\/%EC%A0%9C%EB%AA%A9%EC%9D%84-%EC%9E%85%EB%A0%A5%ED%95%B4%EC%A3%BC%EC%84%B8%EC%9A%94__%EB%B3%B5%EC%82%AC%EB%B3%B8-1-001-2.png?fit=2518%2C480&ssl=1","width":2518,"height":480,"caption":"ALLO KOREA"},"image":{"@id":"https:\/\/allo-korea.com\/#\/schema\/logo\/image\/"},"description":"Flytta till Korea eller studera i Korea utan stress. ALLO KOREA hanterar ditt visum, bostad, bank, telefon och ARC - s\u00e5 att du kan b\u00f6rja leva fritt fr\u00e5n dag ett.","email":"contact@allo-korea.com","legalName":"ALLO KOREA","foundingDate":"2025-05-01","vatID":"776-81-03840","taxID":"776-81-03840","duns":"696339103","numberOfEmployees":{"@type":"QuantitativeValue","minValue":"1","maxValue":"10"}}]}},"jetpack_publicize_connections":[],"jetpack_likes_enabled":true,"jetpack_sharing_enabled":true,"_links":{"self":[{"href":"https:\/\/allo-korea.com\/sv\/wp-json\/wp\/v2\/product\/13499","targetHints":{"allow":["GET"]}}],"collection":[{"href":"https:\/\/allo-korea.com\/sv\/wp-json\/wp\/v2\/product"}],"about":[{"href":"https:\/\/allo-korea.com\/sv\/wp-json\/wp\/v2\/types\/product"}],"replies":[{"embeddable":true,"href":"https:\/\/allo-korea.com\/sv\/wp-json\/wp\/v2\/comments?post=13499"}],"wp:featuredmedia":[{"embeddable":true,"href":"https:\/\/allo-korea.com\/sv\/wp-json\/wp\/v2\/media\/13503"}],"wp:attachment":[{"href":"https:\/\/allo-korea.com\/sv\/wp-json\/wp\/v2\/media?parent=13499"}],"wp:term":[{"taxonomy":"product_brand","embeddable":true,"href":"https:\/\/allo-korea.com\/sv\/wp-json\/wp\/v2\/product_brand?post=13499"},{"taxonomy":"product_cat","embeddable":true,"href":"https:\/\/allo-korea.com\/sv\/wp-json\/wp\/v2\/product_cat?post=13499"},{"taxonomy":"product_tag","embeddable":true,"href":"https:\/\/allo-korea.com\/sv\/wp-json\/wp\/v2\/product_tag?post=13499"}],"curies":[{"name":"wp","href":"https:\/\/api.w.org\/{rel}","templated":true}]}}