{"id":11729,"date":"2026-01-03T18:47:51","date_gmt":"2026-01-03T09:47:51","guid":{"rendered":"https:\/\/allo-korea.com\/?post_type=product&#038;p=11729"},"modified":"2026-01-03T19:08:14","modified_gmt":"2026-01-03T10:08:14","slug":"mg-gunja","status":"publish","type":"product","link":"https:\/\/allo-korea.com\/sv\/produit\/mg-gunja\/","title":{"rendered":"Gunja - M"},"content":{"rendered":"<div class=\"ak-map-wrap\"><iframe style=\"border: 0; border-radius: 28px;\" src=\"https:\/\/www.google.com\/maps\/embed?pb=!1m18!1m12!1m3!1d3162.798889938378!2d127.08477047643021!3d37.55980172451334!2m3!1f0!2f0!3f0!3m2!1i1024!2i768!4f13.1!3m3!1m2!1s0x357cbad6bbfe2c77%3A0x2dd1188cad4f6d7c!2z7ISc7Jq47Yq567OE7IucIOq0keynhOq1rCDspJHqs6Hrj5kgNTYtMg!5e0!3m2!1sko!2skr!4v1767434108846!5m2!1sko!2skr\" width=\"600\" height=\"450\" allowfullscreen=\"allowfullscreen\"><br \/>\n<\/iframe><\/div>","protected":false},"excerpt":{"rendered":"<p style=\"margin: 0; font-size: 14px; font-weight: 900; color: #111; line-height: 1.15;\">\u20a9750,000 <span style=\"font-size: 12.5px; font-weight: 500; color: #777; line-height: 1.35;\"><span style=\"color: #bbb;\">| <\/span><\/span><span style=\"font-size: 12.5px; font-weight: 500; color: #777; line-height: 1.35;\"><span style=\"font-weight: bold; color: #999;\">Deluxe <\/span><span style=\"color: #999999;\">(<\/span>\u2248 USD 535)<\/span><\/p>\n<p style=\"margin: 0; font-size: 14px; font-weight: 900; color: #111; line-height: 1.15;\">\u20a9820,000 <span style=\"font-size: 12.5px; font-weight: 500; color: #777; line-height: 1.35;\"><span style=\"color: #bbb;\">| <\/span><\/span><span style=\"font-size: 12.5px; font-weight: 500; color: #777; line-height: 1.35;\"><span style=\"font-weight: bold; color: #999;\">Svit <\/span><span style=\"color: #999999;\">(<\/span>\u2248 USD 585)<\/span><\/p>\n<p style=\"margin: 0; font-size: 12.8px; color: #666;\"><span style=\"color: #000000;\">Ins\u00e4ttning<\/span> <span style=\"color: #000000;\">$150<\/span> <span style=\"color: #888;\">(\u00c5terbetalningsbar)<\/span><\/p>","protected":false},"featured_media":11747,"comment_status":"open","ping_status":"closed","template":"","meta":{"_crdt_document":"","jetpack_publicize_message":"","jetpack_publicize_feature_enabled":true,"jetpack_social_post_already_shared":true,"jetpack_social_options":{"image_generator_settings":{"template":"highway","default_image_id":0,"font":"","enabled":false},"version":2},"_wpas_customize_per_network":false},"product_brand":[],"product_cat":[1449],"product_tag":[1442,1456,1458,1440,1457],"class_list":{"0":"post-11729","1":"product","2":"type-product","3":"status-publish","4":"has-post-thumbnail","6":"product_cat-mg-accommodation","7":"product_tag-uni-hanyang","8":"product_tag-uni-konkuk","9":"product_tag-sta-konkukdae","10":"product_tag-uni-ku","11":"product_tag-uni-sejong","13":"first","14":"instock","15":"virtual","16":"purchasable","17":"product-type-simple"},"yoast_head":"<!-- This site is optimized with the Yoast SEO Premium plugin v24.7 (Yoast SEO v27.3) - https:\/\/yoast.com\/product\/yoast-seo-premium-wordpress\/ -->\n<title>Accommodation for Student in Korea (Gunja) - ALLO KOREA<\/title>\n<meta name=\"robots\" content=\"index, follow, max-snippet:-1, max-image-preview:large, max-video-preview:-1\" \/>\n<link rel=\"canonical\" href=\"https:\/\/allo-korea.com\/sv\/produit\/mg-gunja\/\" \/>\n<meta property=\"og:locale\" content=\"sv_SE\" \/>\n<meta property=\"og:type\" content=\"article\" \/>\n<meta property=\"og:title\" content=\"Gunja - M\" \/>\n<meta property=\"og:description\" content=\"\u20a9750,000 | Deluxe (\u2248 USD 535) \u20a9820,000 | Suite (\u2248 USD 585) Deposit $150 (Refundable)\" \/>\n<meta property=\"og:url\" content=\"https:\/\/allo-korea.com\/sv\/produit\/mg-gunja\/\" \/>\n<meta property=\"og:site_name\" content=\"ALLO KOREA\" \/>\n<meta property=\"article:modified_time\" content=\"2026-01-03T10:08:14+00:00\" \/>\n<meta property=\"og:image\" content=\"https:\/\/allo-korea.com\/wp-content\/uploads\/2026\/01\/5-9.webp\" \/>\n\t<meta property=\"og:image:width\" content=\"1280\" \/>\n\t<meta property=\"og:image:height\" content=\"853\" \/>\n\t<meta property=\"og:image:type\" content=\"image\/webp\" \/>\n<meta name=\"twitter:card\" content=\"summary_large_image\" \/>\n<meta name=\"twitter:label1\" content=\"Ber\u00e4knad l\u00e4stid\" \/>\n\t<meta name=\"twitter:data1\" content=\"1 minut\" \/>\n<script type=\"application\/ld+json\" class=\"yoast-schema-graph\">{\"@context\":\"https:\\\/\\\/schema.org\",\"@graph\":[{\"@type\":\"WebPage\",\"@id\":\"https:\\\/\\\/allo-korea.com\\\/produit\\\/mg-gunja\\\/\",\"url\":\"https:\\\/\\\/allo-korea.com\\\/produit\\\/mg-gunja\\\/\",\"name\":\"Accommodation for Student in Korea (Gunja) - ALLO KOREA\",\"isPartOf\":{\"@id\":\"https:\\\/\\\/allo-korea.com\\\/#website\"},\"primaryImageOfPage\":{\"@id\":\"https:\\\/\\\/allo-korea.com\\\/produit\\\/mg-gunja\\\/#primaryimage\"},\"image\":{\"@id\":\"https:\\\/\\\/allo-korea.com\\\/produit\\\/mg-gunja\\\/#primaryimage\"},\"thumbnailUrl\":\"https:\\\/\\\/i0.wp.com\\\/allo-korea.com\\\/wp-content\\\/uploads\\\/2026\\\/01\\\/5-9.webp?fit=1280%2C853&ssl=1\",\"datePublished\":\"2026-01-03T09:47:51+00:00\",\"dateModified\":\"2026-01-03T10:08:14+00:00\",\"breadcrumb\":{\"@id\":\"https:\\\/\\\/allo-korea.com\\\/produit\\\/mg-gunja\\\/#breadcrumb\"},\"inLanguage\":\"sv-SE\",\"potentialAction\":[{\"@type\":\"ReadAction\",\"target\":[\"https:\\\/\\\/allo-korea.com\\\/produit\\\/mg-gunja\\\/\"]}]},{\"@type\":\"ImageObject\",\"inLanguage\":\"sv-SE\",\"@id\":\"https:\\\/\\\/allo-korea.com\\\/produit\\\/mg-gunja\\\/#primaryimage\",\"url\":\"https:\\\/\\\/i0.wp.com\\\/allo-korea.com\\\/wp-content\\\/uploads\\\/2026\\\/01\\\/5-9.webp?fit=1280%2C853&ssl=1\",\"contentUrl\":\"https:\\\/\\\/i0.wp.com\\\/allo-korea.com\\\/wp-content\\\/uploads\\\/2026\\\/01\\\/5-9.webp?fit=1280%2C853&ssl=1\",\"width\":1280,\"height\":853},{\"@type\":\"BreadcrumbList\",\"@id\":\"https:\\\/\\\/allo-korea.com\\\/produit\\\/mg-gunja\\\/#breadcrumb\",\"itemListElement\":[{\"@type\":\"ListItem\",\"position\":1,\"name\":\"Accueil\",\"item\":\"https:\\\/\\\/allo-korea.com\\\/\"},{\"@type\":\"ListItem\",\"position\":2,\"name\":\"500+ Verified Student Reports | ALLO KOREA\",\"item\":\"https:\\\/\\\/allo-korea.com\\\/archives\\\/\"},{\"@type\":\"ListItem\",\"position\":3,\"name\":\"Gunja &#8211; M\"}]},{\"@type\":\"WebSite\",\"@id\":\"https:\\\/\\\/allo-korea.com\\\/#website\",\"url\":\"https:\\\/\\\/allo-korea.com\\\/\",\"name\":\"ALLO-KOREA | Vivre et \u00c9tudier en Cor\u00e9e \u2013 Logement, Visa, Services\",\"description\":\"Live in Korea. Settle Fast. Stay Smart.\",\"publisher\":{\"@id\":\"https:\\\/\\\/allo-korea.com\\\/#organization\"},\"alternateName\":\"ALLO-KOREA\",\"potentialAction\":[{\"@type\":\"SearchAction\",\"target\":{\"@type\":\"EntryPoint\",\"urlTemplate\":\"https:\\\/\\\/allo-korea.com\\\/?s={search_term_string}\"},\"query-input\":{\"@type\":\"PropertyValueSpecification\",\"valueRequired\":true,\"valueName\":\"search_term_string\"}}],\"inLanguage\":\"sv-SE\"},{\"@type\":\"Organization\",\"@id\":\"https:\\\/\\\/allo-korea.com\\\/#organization\",\"name\":\"ALLO KOREA\",\"url\":\"https:\\\/\\\/allo-korea.com\\\/\",\"logo\":{\"@type\":\"ImageObject\",\"inLanguage\":\"sv-SE\",\"@id\":\"https:\\\/\\\/allo-korea.com\\\/#\\\/schema\\\/logo\\\/image\\\/\",\"url\":\"https:\\\/\\\/i0.wp.com\\\/allo-korea.com\\\/wp-content\\\/uploads\\\/2025\\\/03\\\/%EC%A0%9C%EB%AA%A9%EC%9D%84-%EC%9E%85%EB%A0%A5%ED%95%B4%EC%A3%BC%EC%84%B8%EC%9A%94__%EB%B3%B5%EC%82%AC%EB%B3%B8-1-001-2.png?fit=2518%2C480&ssl=1\",\"contentUrl\":\"https:\\\/\\\/i0.wp.com\\\/allo-korea.com\\\/wp-content\\\/uploads\\\/2025\\\/03\\\/%EC%A0%9C%EB%AA%A9%EC%9D%84-%EC%9E%85%EB%A0%A5%ED%95%B4%EC%A3%BC%EC%84%B8%EC%9A%94__%EB%B3%B5%EC%82%AC%EB%B3%B8-1-001-2.png?fit=2518%2C480&ssl=1\",\"width\":2518,\"height\":480,\"caption\":\"ALLO KOREA\"},\"image\":{\"@id\":\"https:\\\/\\\/allo-korea.com\\\/#\\\/schema\\\/logo\\\/image\\\/\"},\"description\":\"Move to Korea or study in Korea without the stress. ALLO KOREA handles your visa, housing, bank, phone, and ARC \u2014 helping you start living freely from day one.\",\"email\":\"contact@allo-korea.com\",\"legalName\":\"ALLO KOREA\",\"foundingDate\":\"2025-05-01\",\"vatID\":\"776-81-03840\",\"taxID\":\"776-81-03840\",\"duns\":\"696339103\",\"numberOfEmployees\":{\"@type\":\"QuantitativeValue\",\"minValue\":\"1\",\"maxValue\":\"10\"}}]}<\/script>\n<!-- \/ Yoast SEO Premium plugin. -->","yoast_head_json":{"title":"Boende f\u00f6r student i Korea (Gunja) - ALLO KOREA","robots":{"index":"index","follow":"follow","max-snippet":"max-snippet:-1","max-image-preview":"max-image-preview:large","max-video-preview":"max-video-preview:-1"},"canonical":"https:\/\/allo-korea.com\/sv\/produit\/mg-gunja\/","og_locale":"sv_SE","og_type":"article","og_title":"Gunja - M","og_description":"\u20a9750,000 | Deluxe (\u2248 USD 535) \u20a9820,000 | Suite (\u2248 USD 585) Deposit $150 (Refundable)","og_url":"https:\/\/allo-korea.com\/sv\/produit\/mg-gunja\/","og_site_name":"ALLO KOREA","article_modified_time":"2026-01-03T10:08:14+00:00","og_image":[{"width":1280,"height":853,"url":"https:\/\/allo-korea.com\/wp-content\/uploads\/2026\/01\/5-9.webp","type":"image\/webp"}],"twitter_card":"summary_large_image","twitter_misc":{"Ber\u00e4knad l\u00e4stid":"1 minut"},"schema":{"@context":"https:\/\/schema.org","@graph":[{"@type":"WebPage","@id":"https:\/\/allo-korea.com\/produit\/mg-gunja\/","url":"https:\/\/allo-korea.com\/produit\/mg-gunja\/","name":"Boende f\u00f6r student i Korea (Gunja) - ALLO KOREA","isPartOf":{"@id":"https:\/\/allo-korea.com\/#website"},"primaryImageOfPage":{"@id":"https:\/\/allo-korea.com\/produit\/mg-gunja\/#primaryimage"},"image":{"@id":"https:\/\/allo-korea.com\/produit\/mg-gunja\/#primaryimage"},"thumbnailUrl":"https:\/\/i0.wp.com\/allo-korea.com\/wp-content\/uploads\/2026\/01\/5-9.webp?fit=1280%2C853&ssl=1","datePublished":"2026-01-03T09:47:51+00:00","dateModified":"2026-01-03T10:08:14+00:00","breadcrumb":{"@id":"https:\/\/allo-korea.com\/produit\/mg-gunja\/#breadcrumb"},"inLanguage":"sv-SE","potentialAction":[{"@type":"ReadAction","target":["https:\/\/allo-korea.com\/produit\/mg-gunja\/"]}]},{"@type":"ImageObject","inLanguage":"sv-SE","@id":"https:\/\/allo-korea.com\/produit\/mg-gunja\/#primaryimage","url":"https:\/\/i0.wp.com\/allo-korea.com\/wp-content\/uploads\/2026\/01\/5-9.webp?fit=1280%2C853&ssl=1","contentUrl":"https:\/\/i0.wp.com\/allo-korea.com\/wp-content\/uploads\/2026\/01\/5-9.webp?fit=1280%2C853&ssl=1","width":1280,"height":853},{"@type":"BreadcrumbList","@id":"https:\/\/allo-korea.com\/produit\/mg-gunja\/#breadcrumb","itemListElement":[{"@type":"ListItem","position":1,"name":"Accueil","item":"https:\/\/allo-korea.com\/"},{"@type":"ListItem","position":2,"name":"500+ Verified Student Reports | ALLO KOREA","item":"https:\/\/allo-korea.com\/archives\/"},{"@type":"ListItem","position":3,"name":"Gunja &#8211; M"}]},{"@type":"WebSite","@id":"https:\/\/allo-korea.com\/#website","url":"https:\/\/allo-korea.com\/","name":"ALLO-KOREA | Vivre et \u00c9tudier en Cor\u00e9e - Logement, Visa, Tj\u00e4nster","description":"Bo i Korea. Bos\u00e4tt dig snabbt. H\u00e5ll dig smart.","publisher":{"@id":"https:\/\/allo-korea.com\/#organization"},"alternateName":"ALLO-KOREA","potentialAction":[{"@type":"SearchAction","target":{"@type":"EntryPoint","urlTemplate":"https:\/\/allo-korea.com\/?s={search_term_string}"},"query-input":{"@type":"PropertyValueSpecification","valueRequired":true,"valueName":"search_term_string"}}],"inLanguage":"sv-SE"},{"@type":"Organization","@id":"https:\/\/allo-korea.com\/#organization","name":"ALLO KOREA","url":"https:\/\/allo-korea.com\/","logo":{"@type":"ImageObject","inLanguage":"sv-SE","@id":"https:\/\/allo-korea.com\/#\/schema\/logo\/image\/","url":"https:\/\/i0.wp.com\/allo-korea.com\/wp-content\/uploads\/2025\/03\/%EC%A0%9C%EB%AA%A9%EC%9D%84-%EC%9E%85%EB%A0%A5%ED%95%B4%EC%A3%BC%EC%84%B8%EC%9A%94__%EB%B3%B5%EC%82%AC%EB%B3%B8-1-001-2.png?fit=2518%2C480&ssl=1","contentUrl":"https:\/\/i0.wp.com\/allo-korea.com\/wp-content\/uploads\/2025\/03\/%EC%A0%9C%EB%AA%A9%EC%9D%84-%EC%9E%85%EB%A0%A5%ED%95%B4%EC%A3%BC%EC%84%B8%EC%9A%94__%EB%B3%B5%EC%82%AC%EB%B3%B8-1-001-2.png?fit=2518%2C480&ssl=1","width":2518,"height":480,"caption":"ALLO KOREA"},"image":{"@id":"https:\/\/allo-korea.com\/#\/schema\/logo\/image\/"},"description":"Flytta till Korea eller studera i Korea utan stress. ALLO KOREA hanterar ditt visum, bostad, bank, telefon och ARC - s\u00e5 att du kan b\u00f6rja leva fritt fr\u00e5n dag ett.","email":"contact@allo-korea.com","legalName":"ALLO KOREA","foundingDate":"2025-05-01","vatID":"776-81-03840","taxID":"776-81-03840","duns":"696339103","numberOfEmployees":{"@type":"QuantitativeValue","minValue":"1","maxValue":"10"}}]}},"jetpack_publicize_connections":[],"jetpack_likes_enabled":true,"jetpack_sharing_enabled":true,"_links":{"self":[{"href":"https:\/\/allo-korea.com\/sv\/wp-json\/wp\/v2\/product\/11729","targetHints":{"allow":["GET"]}}],"collection":[{"href":"https:\/\/allo-korea.com\/sv\/wp-json\/wp\/v2\/product"}],"about":[{"href":"https:\/\/allo-korea.com\/sv\/wp-json\/wp\/v2\/types\/product"}],"replies":[{"embeddable":true,"href":"https:\/\/allo-korea.com\/sv\/wp-json\/wp\/v2\/comments?post=11729"}],"wp:featuredmedia":[{"embeddable":true,"href":"https:\/\/allo-korea.com\/sv\/wp-json\/wp\/v2\/media\/11747"}],"wp:attachment":[{"href":"https:\/\/allo-korea.com\/sv\/wp-json\/wp\/v2\/media?parent=11729"}],"wp:term":[{"taxonomy":"product_brand","embeddable":true,"href":"https:\/\/allo-korea.com\/sv\/wp-json\/wp\/v2\/product_brand?post=11729"},{"taxonomy":"product_cat","embeddable":true,"href":"https:\/\/allo-korea.com\/sv\/wp-json\/wp\/v2\/product_cat?post=11729"},{"taxonomy":"product_tag","embeddable":true,"href":"https:\/\/allo-korea.com\/sv\/wp-json\/wp\/v2\/product_tag?post=11729"}],"curies":[{"name":"wp","href":"https:\/\/api.w.org\/{rel}","templated":true}]}}