{"id":13183,"date":"2026-02-12T16:57:30","date_gmt":"2026-02-12T07:57:30","guid":{"rendered":"https:\/\/allo-korea.com\/?page_id=13183"},"modified":"2026-02-17T20:42:53","modified_gmt":"2026-02-17T11:42:53","slug":"step10-1","status":"publish","type":"page","link":"https:\/\/allo-korea.com\/it\/application-program\/step10-1\/","title":{"rendered":"Domanda di partecipazione al programma di lingua coreana10-1 | ALLO KOREA"},"content":{"rendered":"<div data-elementor-type=\"wp-page\" data-elementor-id=\"13183\" class=\"elementor elementor-13183\" data-elementor-post-type=\"page\">\n\t\t\t\t<div data-particle_enable=\"false\" data-particle-mobile-disabled=\"false\" class=\"elementor-element elementor-element-8618d66 e-con-full e-flex e-con e-parent\" data-id=\"8618d66\" data-element_type=\"container\" data-e-type=\"container\" data-settings=\"{&quot;background_background&quot;:&quot;classic&quot;}\">\n\t\t<div data-particle_enable=\"false\" data-particle-mobile-disabled=\"false\" class=\"elementor-element elementor-element-54b9428 e-con-full e-flex e-con e-child\" data-id=\"54b9428\" data-element_type=\"container\" data-e-type=\"container\" data-settings=\"{&quot;background_background&quot;:&quot;classic&quot;}\">\n\t\t\t\t<div class=\"elementor-element elementor-element-6935c9e elementor-widget elementor-widget-html\" data-id=\"6935c9e\" data-element_type=\"widget\" data-e-type=\"widget\" data-widget_type=\"html.default\">\n\t\t\t\t\t<link rel=\"stylesheet\" as=\"style\" crossorigin href=\"https:\/\/cdn.jsdelivr.net\/gh\/orioncactus\/pretendard@v1.3.9\/dist\/web\/static\/pretendard.min.css\" \/>\r\n\r\n<section id=\"ak-step-total-unified\">\r\n  <style>\r\n    \/* 1. \uae30\ubcf8 \uad6c\uc870 \ubc0f \uc5ec\ubc31 \uc720\uc9c0 *\/\r\n    #ak-step-total-unified {\r\n      font-family: 'Pretendard Variable', Pretendard, sans-serif;\r\n      background: #ffffff;\r\n      color: #191f28;\r\n      width: 100%;\r\n      margin: 0;\r\n      padding: 0; \r\n      overflow-x: hidden;\r\n      -webkit-font-smoothing: antialiased;\r\n    }\r\n\r\n    \/* 2. \uc560\ub2c8\uba54\uc774\uc158 \ud6a8\uacfc \uc720\uc9c0 *\/\r\n    @keyframes akSlideUp {\r\n      from { opacity: 0; transform: translateY(20px); }\r\n      to { opacity: 1; transform: translateY(0); }\r\n    }\r\n    .anim { opacity: 0; animation: akSlideUp 0.6s cubic-bezier(0.16, 1, 0.3, 1) forwards; }\r\n    .d1 { animation-delay: 0.1s; }\r\n    .d2 { animation-delay: 0.25s; }\r\n\r\n    \/* 3. \ubc31\ubc84\ud2bc \uc2a4\ud0c0\uc77c \uc644\ubcbd \uc720\uc9c0 (\u2039 Back) *\/\r\n    #ak-step-total-unified .back {\r\n      display: inline-flex;\r\n      align-items: center;\r\n      gap: 6px;\r\n      font-size: 13px;\r\n      font-weight: 600;\r\n      color: rgba(17, 17, 17, 0.45);\r\n      cursor: pointer;\r\n      margin: 14px 0 24px 0;\r\n      background: none;\r\n      border: none;\r\n      padding: 0;\r\n    }\r\n    #ak-step-total-unified .back::before { content: \"\u2039\"; font-size: 18px; }\r\n\r\n    \/* 4. \uba85\ud655\ud55c \ud0c0\uc774\ud2c0 (Black 900) *\/\r\n    .header { margin-bottom: 40px; }\r\n    .header h1 {\r\n      font-size: 32px;\r\n      font-weight: 900; \r\n      line-height: 1.3;\r\n      letter-spacing: -1.2px;\r\n      margin: 0;\r\n    }\r\n    .header .sub-text {\r\n      display: block;\r\n      margin-top: 12px;\r\n      font-size: 16px;\r\n      font-weight: 500;\r\n      color: #8b95a1;\r\n    }\r\n\r\n    \/* 5. \ub2e8\uc77c \ud1b5\ud569 \uce74\ub4dc UI (Toss Accent Style) *\/\r\n    .content-area {\r\n      display: flex;\r\n      flex-direction: column;\r\n    }\r\n\r\n    .info-card {\r\n      background: #f2f7ff; \/* \ud3ec\uc778\ud2b8 \ube14\ub8e8 \ud2f4\ud2b8 *\/\r\n      padding: 40px 24px;\r\n      border-radius: 32px; \/* \uc870\uae08 \ub354 \ub465\uae00\uac8c \uac15\uc870 *\/\r\n      display: flex;\r\n      flex-direction: column;\r\n      gap: 12px;\r\n      text-align: center; \/* \uae08\uc561 \uac15\uc870\ub97c \uc704\ud574 \uc911\uc559 \uc815\ub82c *\/\r\n    }\r\n\r\n    .label {\r\n      font-size: 14px;\r\n      font-weight: 700;\r\n      color: #3182f6;\r\n      text-transform: uppercase;\r\n      letter-spacing: 0.5px;\r\n      margin-bottom: 4px;\r\n    }\r\n\r\n    \/* \uae30\uac04 & \ube44\uc6a9 \uac15\uc870 *\/\r\n    .value-main {\r\n      font-size: 34px;\r\n      font-weight: 900; \/* Black 900 *\/\r\n      color: #191f28;\r\n      letter-spacing: -1px;\r\n      line-height: 1.1;\r\n    }\r\n\r\n    .value-sub {\r\n      font-size: 20px;\r\n      font-weight: 800;\r\n      color: #3182f6;\r\n      margin-top: 4px;\r\n    }\r\n\r\n    .desc {\r\n      font-size: 15px;\r\n      font-weight: 500;\r\n      color: #8b95a1;\r\n      margin-top: 12px;\r\n      line-height: 1.5;\r\n    }\r\n  <\/style>\r\n\r\n  <div class=\"wrap\">\r\n    <div class=\"back anim d1\" onclick=\"history.back()\">Indietro<\/div>\r\n\r\n    <div class=\"header anim d1\">\r\n      <h1>Stimato <br>Bilancio totale<\/h1>\r\n      <span class=\"sub-text\">Tutto il necessario per il vostro soggiorno.<\/span>\r\n    <\/div>\r\n\r\n    <div class=\"content-area anim d2\">\r\n      <div class=\"info-card\">\r\n        <span class=\"label\">Piano totale<\/span>\r\n        \r\n        <div class=\"value-main\">$3.000 - $5.000<\/div>\r\n        <div class=\"value-sub\">per 3 mesi<\/div>\r\n        \r\n        <p class=\"desc\">\r\n          Totale stimato per 1 mandato, comprensivo di <br>\r\n          Tasse, alloggio e spese di soggiorno.\r\n        <\/p>\r\n      <\/div>\r\n    <\/div>\r\n  <\/div>\r\n<\/section>\t\t\t\t<\/div>\n\t\t\t\t<div class=\"elementor-element elementor-element-a97ea2d elementor-align-justify elementor-widget__width-initial ak-cta elementor-widget elementor-widget-button\" data-id=\"a97ea2d\" data-element_type=\"widget\" data-e-type=\"widget\" data-widget_type=\"button.default\">\n\t\t\t\t\t\t\t\t\t\t<a class=\"elementor-button elementor-button-link elementor-size-sm\" href=\"\/it\/application-program\/step11-1\/\">\n\t\t\t\t\t\t<span class=\"elementor-button-content-wrapper\">\n\t\t\t\t\t\t\t\t\t<span class=\"elementor-button-text\">Ok, capisco<\/span>\n\t\t\t\t\t<\/span>\n\t\t\t\t\t<\/a>\n\t\t\t\t\t\t\t\t<\/div>\n\t\t\t\t<\/div>\n\t\t\t\t<\/div>\n\t\t\t\t<\/div>","protected":false},"excerpt":{"rendered":"<p>Fate domanda per una scuola di lingua coreana in Corea con ALLO KOREA. Verificate l'idoneit\u00e0 al visto, scegliete il semestre e assicuratevi il posto prima che i programmi si riempiano.<\/p>","protected":false},"author":263901211,"featured_media":21,"parent":11862,"menu_order":0,"comment_status":"closed","ping_status":"closed","template":"","meta":{"_crdt_document":"","footnotes":""},"class_list":["post-13183","page","type-page","status-publish","has-post-thumbnail","hentry"],"yoast_head":"<!-- This site is optimized with the Yoast SEO Premium plugin v24.7 (Yoast SEO v27.3) - https:\/\/yoast.com\/product\/yoast-seo-premium-wordpress\/ -->\n<title>Korean Language Program Application | ALLO KOREA<\/title>\n<meta name=\"description\" content=\"Apply to a Korean language school in Korea with ALLO KOREA. Check your visa eligibility, choose your semester, and secure your spot before programs fill up.\" \/>\n<meta name=\"robots\" content=\"index, follow, max-snippet:-1, max-image-preview:large, max-video-preview:-1\" \/>\n<link rel=\"canonical\" href=\"https:\/\/allo-korea.com\/it\/application-program\/step10-1\/\" \/>\n<meta property=\"og:locale\" content=\"it_IT\" \/>\n<meta property=\"og:type\" content=\"article\" \/>\n<meta property=\"og:title\" content=\"Korean Language Program Application | ALLO KOREA\" \/>\n<meta property=\"og:description\" content=\"Apply to a Korean language school in Korea with ALLO KOREA. Check your visa eligibility, choose your semester, and secure your spot before programs fill up.\" \/>\n<meta property=\"og:url\" content=\"https:\/\/allo-korea.com\/it\/application-program\/step10-1\/\" \/>\n<meta property=\"og:site_name\" content=\"ALLO KOREA\" \/>\n<meta property=\"article:modified_time\" content=\"2026-02-17T11:42:53+00:00\" \/>\n<meta property=\"og:image\" content=\"https:\/\/allo-korea.com\/wp-content\/uploads\/2025\/03\/\uc81c\ubaa9\uc744-\uc785\ub825\ud574\uc8fc\uc138\uc694__\ubcf5\uc0ac\ubcf8-2-001-1.png\" \/>\n\t<meta property=\"og:image:width\" content=\"1200\" \/>\n\t<meta property=\"og:image:height\" content=\"630\" \/>\n\t<meta property=\"og:image:type\" content=\"image\/png\" \/>\n<meta name=\"twitter:card\" content=\"summary_large_image\" \/>\n<meta name=\"twitter:title\" content=\"Korean Language Program Application | ALLO KOREA\" \/>\n<meta name=\"twitter:description\" content=\"Apply to a Korean language school in Korea with ALLO KOREA. Check your visa eligibility, choose your semester, and secure your spot before programs fill up.\" \/>\n<meta name=\"twitter:label1\" content=\"Tempo di lettura stimato\" \/>\n\t<meta name=\"twitter:data1\" content=\"1 minuto\" \/>\n<script type=\"application\/ld+json\" class=\"yoast-schema-graph\">{\"@context\":\"https:\\\/\\\/schema.org\",\"@graph\":[{\"@type\":[\"WebPage\",\"ContactPage\"],\"@id\":\"https:\\\/\\\/allo-korea.com\\\/en\\\/application-program\\\/step10-1\\\/\",\"url\":\"https:\\\/\\\/allo-korea.com\\\/en\\\/application-program\\\/step10-1\\\/\",\"name\":\"Korean Language Program Application | ALLO KOREA\",\"isPartOf\":{\"@id\":\"https:\\\/\\\/allo-korea.com\\\/#website\"},\"primaryImageOfPage\":{\"@id\":\"https:\\\/\\\/allo-korea.com\\\/en\\\/application-program\\\/step10-1\\\/#primaryimage\"},\"image\":{\"@id\":\"https:\\\/\\\/allo-korea.com\\\/en\\\/application-program\\\/step10-1\\\/#primaryimage\"},\"thumbnailUrl\":\"https:\\\/\\\/i0.wp.com\\\/allo-korea.com\\\/wp-content\\\/uploads\\\/2025\\\/03\\\/%EC%A0%9C%EB%AA%A9%EC%9D%84-%EC%9E%85%EB%A0%A5%ED%95%B4%EC%A3%BC%EC%84%B8%EC%9A%94__%EB%B3%B5%EC%82%AC%EB%B3%B8-2-001-1.png?fit=1200%2C630&ssl=1\",\"datePublished\":\"2026-02-12T07:57:30+00:00\",\"dateModified\":\"2026-02-17T11:42:53+00:00\",\"description\":\"Apply to a Korean language school in Korea with ALLO KOREA. Check your visa eligibility, choose your semester, and secure your spot before programs fill up.\",\"breadcrumb\":{\"@id\":\"https:\\\/\\\/allo-korea.com\\\/en\\\/application-program\\\/step10-1\\\/#breadcrumb\"},\"inLanguage\":\"it-IT\",\"potentialAction\":[{\"@type\":\"ReadAction\",\"target\":[\"https:\\\/\\\/allo-korea.com\\\/en\\\/application-program\\\/step10-1\\\/\"]}]},{\"@type\":\"ImageObject\",\"inLanguage\":\"it-IT\",\"@id\":\"https:\\\/\\\/allo-korea.com\\\/en\\\/application-program\\\/step10-1\\\/#primaryimage\",\"url\":\"https:\\\/\\\/i0.wp.com\\\/allo-korea.com\\\/wp-content\\\/uploads\\\/2025\\\/03\\\/%EC%A0%9C%EB%AA%A9%EC%9D%84-%EC%9E%85%EB%A0%A5%ED%95%B4%EC%A3%BC%EC%84%B8%EC%9A%94__%EB%B3%B5%EC%82%AC%EB%B3%B8-2-001-1.png?fit=1200%2C630&ssl=1\",\"contentUrl\":\"https:\\\/\\\/i0.wp.com\\\/allo-korea.com\\\/wp-content\\\/uploads\\\/2025\\\/03\\\/%EC%A0%9C%EB%AA%A9%EC%9D%84-%EC%9E%85%EB%A0%A5%ED%95%B4%EC%A3%BC%EC%84%B8%EC%9A%94__%EB%B3%B5%EC%82%AC%EB%B3%B8-2-001-1.png?fit=1200%2C630&ssl=1\",\"width\":1200,\"height\":630,\"caption\":\"Vivre en Cor\u00e9e, \u00c9tudier en Cor\u00e9e, Logement en Cor\u00e9e, Visa Cor\u00e9e\"},{\"@type\":\"BreadcrumbList\",\"@id\":\"https:\\\/\\\/allo-korea.com\\\/en\\\/application-program\\\/step10-1\\\/#breadcrumb\",\"itemListElement\":[{\"@type\":\"ListItem\",\"position\":1,\"name\":\"Accueil\",\"item\":\"https:\\\/\\\/allo-korea.com\\\/\"},{\"@type\":\"ListItem\",\"position\":2,\"name\":\"Korean Language Program Application | ALLO KOREA\",\"item\":\"https:\\\/\\\/allo-korea.com\\\/application-program\\\/\"},{\"@type\":\"ListItem\",\"position\":3,\"name\":\"Korean Language Program Application10-1 | ALLO KOREA\"}]},{\"@type\":\"WebSite\",\"@id\":\"https:\\\/\\\/allo-korea.com\\\/#website\",\"url\":\"https:\\\/\\\/allo-korea.com\\\/\",\"name\":\"ALLO-KOREA | Vivre et \u00c9tudier en Cor\u00e9e \u2013 Logement, Visa, Services\",\"description\":\"Live in Korea. Settle Fast. Stay Smart.\",\"publisher\":{\"@id\":\"https:\\\/\\\/allo-korea.com\\\/#organization\"},\"alternateName\":\"ALLO-KOREA\",\"potentialAction\":[{\"@type\":\"SearchAction\",\"target\":{\"@type\":\"EntryPoint\",\"urlTemplate\":\"https:\\\/\\\/allo-korea.com\\\/?s={search_term_string}\"},\"query-input\":{\"@type\":\"PropertyValueSpecification\",\"valueRequired\":true,\"valueName\":\"search_term_string\"}}],\"inLanguage\":\"it-IT\"},{\"@type\":\"Organization\",\"@id\":\"https:\\\/\\\/allo-korea.com\\\/#organization\",\"name\":\"ALLO KOREA\",\"url\":\"https:\\\/\\\/allo-korea.com\\\/\",\"logo\":{\"@type\":\"ImageObject\",\"inLanguage\":\"it-IT\",\"@id\":\"https:\\\/\\\/allo-korea.com\\\/#\\\/schema\\\/logo\\\/image\\\/\",\"url\":\"https:\\\/\\\/i0.wp.com\\\/allo-korea.com\\\/wp-content\\\/uploads\\\/2025\\\/03\\\/%EC%A0%9C%EB%AA%A9%EC%9D%84-%EC%9E%85%EB%A0%A5%ED%95%B4%EC%A3%BC%EC%84%B8%EC%9A%94__%EB%B3%B5%EC%82%AC%EB%B3%B8-1-001-2.png?fit=2518%2C480&ssl=1\",\"contentUrl\":\"https:\\\/\\\/i0.wp.com\\\/allo-korea.com\\\/wp-content\\\/uploads\\\/2025\\\/03\\\/%EC%A0%9C%EB%AA%A9%EC%9D%84-%EC%9E%85%EB%A0%A5%ED%95%B4%EC%A3%BC%EC%84%B8%EC%9A%94__%EB%B3%B5%EC%82%AC%EB%B3%B8-1-001-2.png?fit=2518%2C480&ssl=1\",\"width\":2518,\"height\":480,\"caption\":\"ALLO KOREA\"},\"image\":{\"@id\":\"https:\\\/\\\/allo-korea.com\\\/#\\\/schema\\\/logo\\\/image\\\/\"},\"description\":\"Move to Korea or study in Korea without the stress. ALLO KOREA handles your visa, housing, bank, phone, and ARC \u2014 helping you start living freely from day one.\",\"email\":\"contact@allo-korea.com\",\"legalName\":\"ALLO KOREA\",\"foundingDate\":\"2025-05-01\",\"vatID\":\"776-81-03840\",\"taxID\":\"776-81-03840\",\"duns\":\"696339103\",\"numberOfEmployees\":{\"@type\":\"QuantitativeValue\",\"minValue\":\"1\",\"maxValue\":\"10\"}}]}<\/script>\n<!-- \/ Yoast SEO Premium plugin. -->","yoast_head_json":{"title":"Domanda di partecipazione al programma di lingua coreana | ALLO KOREA","description":"Fate domanda per una scuola di lingua coreana in Corea con ALLO KOREA. Verificate l'idoneit\u00e0 al visto, scegliete il semestre e assicuratevi il posto prima che i programmi si riempiano.","robots":{"index":"index","follow":"follow","max-snippet":"max-snippet:-1","max-image-preview":"max-image-preview:large","max-video-preview":"max-video-preview:-1"},"canonical":"https:\/\/allo-korea.com\/it\/application-program\/step10-1\/","og_locale":"it_IT","og_type":"article","og_title":"Korean Language Program Application | ALLO KOREA","og_description":"Apply to a Korean language school in Korea with ALLO KOREA. Check your visa eligibility, choose your semester, and secure your spot before programs fill up.","og_url":"https:\/\/allo-korea.com\/it\/application-program\/step10-1\/","og_site_name":"ALLO KOREA","article_modified_time":"2026-02-17T11:42:53+00:00","og_image":[{"width":1200,"height":630,"url":"https:\/\/allo-korea.com\/wp-content\/uploads\/2025\/03\/\uc81c\ubaa9\uc744-\uc785\ub825\ud574\uc8fc\uc138\uc694__\ubcf5\uc0ac\ubcf8-2-001-1.png","type":"image\/png"}],"twitter_card":"summary_large_image","twitter_title":"Korean Language Program Application | ALLO KOREA","twitter_description":"Apply to a Korean language school in Korea with ALLO KOREA. Check your visa eligibility, choose your semester, and secure your spot before programs fill up.","twitter_misc":{"Tempo di lettura stimato":"1 minuto"},"schema":{"@context":"https:\/\/schema.org","@graph":[{"@type":["WebPage","ContactPage"],"@id":"https:\/\/allo-korea.com\/en\/application-program\/step10-1\/","url":"https:\/\/allo-korea.com\/en\/application-program\/step10-1\/","name":"Domanda di partecipazione al programma di lingua coreana | ALLO KOREA","isPartOf":{"@id":"https:\/\/allo-korea.com\/#website"},"primaryImageOfPage":{"@id":"https:\/\/allo-korea.com\/en\/application-program\/step10-1\/#primaryimage"},"image":{"@id":"https:\/\/allo-korea.com\/en\/application-program\/step10-1\/#primaryimage"},"thumbnailUrl":"https:\/\/i0.wp.com\/allo-korea.com\/wp-content\/uploads\/2025\/03\/%EC%A0%9C%EB%AA%A9%EC%9D%84-%EC%9E%85%EB%A0%A5%ED%95%B4%EC%A3%BC%EC%84%B8%EC%9A%94__%EB%B3%B5%EC%82%AC%EB%B3%B8-2-001-1.png?fit=1200%2C630&ssl=1","datePublished":"2026-02-12T07:57:30+00:00","dateModified":"2026-02-17T11:42:53+00:00","description":"Fate domanda per una scuola di lingua coreana in Corea con ALLO KOREA. Verificate l'idoneit\u00e0 al visto, scegliete il semestre e assicuratevi il posto prima che i programmi si riempiano.","breadcrumb":{"@id":"https:\/\/allo-korea.com\/en\/application-program\/step10-1\/#breadcrumb"},"inLanguage":"it-IT","potentialAction":[{"@type":"ReadAction","target":["https:\/\/allo-korea.com\/en\/application-program\/step10-1\/"]}]},{"@type":"ImageObject","inLanguage":"it-IT","@id":"https:\/\/allo-korea.com\/en\/application-program\/step10-1\/#primaryimage","url":"https:\/\/i0.wp.com\/allo-korea.com\/wp-content\/uploads\/2025\/03\/%EC%A0%9C%EB%AA%A9%EC%9D%84-%EC%9E%85%EB%A0%A5%ED%95%B4%EC%A3%BC%EC%84%B8%EC%9A%94__%EB%B3%B5%EC%82%AC%EB%B3%B8-2-001-1.png?fit=1200%2C630&ssl=1","contentUrl":"https:\/\/i0.wp.com\/allo-korea.com\/wp-content\/uploads\/2025\/03\/%EC%A0%9C%EB%AA%A9%EC%9D%84-%EC%9E%85%EB%A0%A5%ED%95%B4%EC%A3%BC%EC%84%B8%EC%9A%94__%EB%B3%B5%EC%82%AC%EB%B3%B8-2-001-1.png?fit=1200%2C630&ssl=1","width":1200,"height":630,"caption":"Vivre en Cor\u00e9e, \u00c9tudier en Cor\u00e9e, Logement en Cor\u00e9e, Visa Cor\u00e9e"},{"@type":"BreadcrumbList","@id":"https:\/\/allo-korea.com\/en\/application-program\/step10-1\/#breadcrumb","itemListElement":[{"@type":"ListItem","position":1,"name":"Accueil","item":"https:\/\/allo-korea.com\/"},{"@type":"ListItem","position":2,"name":"Korean Language Program Application | ALLO KOREA","item":"https:\/\/allo-korea.com\/application-program\/"},{"@type":"ListItem","position":3,"name":"Korean Language Program Application10-1 | ALLO KOREA"}]},{"@type":"WebSite","@id":"https:\/\/allo-korea.com\/#website","url":"https:\/\/allo-korea.com\/","name":"ALLO-KOREA | Vivere e studiare in Corea - Alloggio, Visto, Servizi","description":"Vivere in Corea. Stabilirsi velocemente. Rimanere intelligenti.","publisher":{"@id":"https:\/\/allo-korea.com\/#organization"},"alternateName":"ALLO-KOREA","potentialAction":[{"@type":"SearchAction","target":{"@type":"EntryPoint","urlTemplate":"https:\/\/allo-korea.com\/?s={search_term_string}"},"query-input":{"@type":"PropertyValueSpecification","valueRequired":true,"valueName":"search_term_string"}}],"inLanguage":"it-IT"},{"@type":"Organization","@id":"https:\/\/allo-korea.com\/#organization","name":"ALLO COREA","url":"https:\/\/allo-korea.com\/","logo":{"@type":"ImageObject","inLanguage":"it-IT","@id":"https:\/\/allo-korea.com\/#\/schema\/logo\/image\/","url":"https:\/\/i0.wp.com\/allo-korea.com\/wp-content\/uploads\/2025\/03\/%EC%A0%9C%EB%AA%A9%EC%9D%84-%EC%9E%85%EB%A0%A5%ED%95%B4%EC%A3%BC%EC%84%B8%EC%9A%94__%EB%B3%B5%EC%82%AC%EB%B3%B8-1-001-2.png?fit=2518%2C480&ssl=1","contentUrl":"https:\/\/i0.wp.com\/allo-korea.com\/wp-content\/uploads\/2025\/03\/%EC%A0%9C%EB%AA%A9%EC%9D%84-%EC%9E%85%EB%A0%A5%ED%95%B4%EC%A3%BC%EC%84%B8%EC%9A%94__%EB%B3%B5%EC%82%AC%EB%B3%B8-1-001-2.png?fit=2518%2C480&ssl=1","width":2518,"height":480,"caption":"ALLO KOREA"},"image":{"@id":"https:\/\/allo-korea.com\/#\/schema\/logo\/image\/"},"description":"Trasferirsi in Corea o studiare in Corea senza stress. ALLO KOREA si occupa del visto, dell'alloggio, della banca, del telefono e dell'ARC, aiutandovi a vivere liberamente fin dal primo giorno.","email":"contact@allo-korea.com","legalName":"ALLO KOREA","foundingDate":"2025-05-01","vatID":"776-81-03840","taxID":"776-81-03840","duns":"696339103","numberOfEmployees":{"@type":"QuantitativeValue","minValue":"1","maxValue":"10"}}]}},"jetpack_likes_enabled":true,"jetpack_sharing_enabled":true,"jetpack_shortlink":"https:\/\/wp.me\/PgrwzS-3qD","_links":{"self":[{"href":"https:\/\/allo-korea.com\/it\/wp-json\/wp\/v2\/pages\/13183","targetHints":{"allow":["GET"]}}],"collection":[{"href":"https:\/\/allo-korea.com\/it\/wp-json\/wp\/v2\/pages"}],"about":[{"href":"https:\/\/allo-korea.com\/it\/wp-json\/wp\/v2\/types\/page"}],"author":[{"embeddable":true,"href":"https:\/\/allo-korea.com\/it\/wp-json\/wp\/v2\/users\/263901211"}],"replies":[{"embeddable":true,"href":"https:\/\/allo-korea.com\/it\/wp-json\/wp\/v2\/comments?post=13183"}],"version-history":[{"count":9,"href":"https:\/\/allo-korea.com\/it\/wp-json\/wp\/v2\/pages\/13183\/revisions"}],"predecessor-version":[{"id":13761,"href":"https:\/\/allo-korea.com\/it\/wp-json\/wp\/v2\/pages\/13183\/revisions\/13761"}],"up":[{"embeddable":true,"href":"https:\/\/allo-korea.com\/it\/wp-json\/wp\/v2\/pages\/11862"}],"wp:featuredmedia":[{"embeddable":true,"href":"https:\/\/allo-korea.com\/it\/wp-json\/wp\/v2\/media\/21"}],"wp:attachment":[{"href":"https:\/\/allo-korea.com\/it\/wp-json\/wp\/v2\/media?parent=13183"}],"curies":[{"name":"wp","href":"https:\/\/api.w.org\/{rel}","templated":true}]}}