{"id":13783,"date":"2026-02-19T21:05:08","date_gmt":"2026-02-19T12:05:08","guid":{"rendered":"https:\/\/allo-korea.com\/?post_type=product&#038;p=13783"},"modified":"2026-03-11T18:07:36","modified_gmt":"2026-03-11T09:07:36","slug":"liza-k","status":"publish","type":"product","link":"https:\/\/allo-korea.com\/fr\/produit\/liza-k\/","title":{"rendered":"Jenny P."},"content":{"rendered":"<section id=\"ak-final-roadmap\">\n<div class=\"ak-wrap\">\n<div class=\"ak-card anim\" style=\"animation-delay: 0.1s;\">\n      <span class=\"ak-card-title\">Plan acad\u00e9mique<\/span><\/p>\n<div class=\"ak-highlight-box blue-box\">\n        <span class=\"ak-h-label\">Total des frais de scolarit\u00e9 (2 trimestres)<\/span><\/p>\n<div class=\"ak-h-value\">\u20a93.6M<span>KRW<\/span><\/div>\n<div class=\"ak-h-sub\">\u2248 $2,500 USD<\/div>\n<\/p><\/div>\n<div class=\"ak-info-list\">\n<div class=\"ak-info-item\"><span class=\"ak-i-label\">Universit\u00e9<\/span><span class=\"ak-i-value\">Universit\u00e9 Nationale de S\u00e9oul<\/span><\/div>\n<div class=\"ak-info-item\"><span class=\"ak-i-label\">Trimestre<\/span><span class=\"ak-i-value\">Hiver (d\u00e9cembre)<\/span><\/div>\n<div class=\"ak-info-item\"><span class=\"ak-i-label\">Date de rentr\u00e9e<\/span><span class=\"ak-i-value\">7 d\u00e9cembre 2026<\/span><\/div>\n<div class=\"ak-info-item\"><span class=\"ak-i-label\">Dur\u00e9e<\/span><span class=\"ak-i-value\">2 trimestres (6 mois)<\/span><\/div>\n<div class=\"ak-info-item\"><span class=\"ak-i-label\">Horaire<\/span><span class=\"ak-i-value\">Cours de l\u2019apr\u00e8s-midi<\/span><\/div>\n<div class=\"ak-info-item\"><span class=\"ak-i-label\">Test de niveau<\/span><span class=\"ak-i-value\">D\u00e9butant complet<\/span><\/div>\n<div class=\"ak-info-item\"><span class=\"ak-i-label\">Cours de pr\u00e9-cor\u00e9en<\/span><span class=\"ak-i-value\">Demand\u00e9 (Oui)<\/span><\/div>\n<div class=\"ak-info-item\"><span class=\"ak-i-label\">Parrain\u00e9 par un visa<\/span><span class=\"ak-i-value\">D-4-1 \u00c9tudiant<\/span><\/div>\n<\/p><\/div>\n<\/p><\/div>\n<div class=\"ak-card anim\" style=\"animation-delay: 0.2s;\">\n      <span class=\"ak-card-title\">Logement et emm\u00e9nagement<\/span><\/p>\n<div class=\"ak-highlight-box orange-box\">\n        <span class=\"ak-h-label\">Budget mensuel<\/span><\/p>\n<div class=\"ak-h-value\">\u20a91.7M<span>KRW \/ Mois<\/span><\/div>\n<div class=\"ak-h-sub\">\u2248 $1,200 USD<\/div>\n<\/p><\/div>\n<div class=\"ak-info-list\">\n<div class=\"ak-info-item\"><span class=\"ak-i-label\">Date d'emm\u00e9nag.<\/span><span class=\"ak-i-value\">19 d\u00e9cembre 2026<\/span><\/div>\n<div class=\"ak-info-item\"><span class=\"ak-i-label\">Type de logement<\/span><span class=\"ak-i-value\">Chambre priv\u00e9e<\/span><\/div>\n<div class=\"ak-info-item\"><span class=\"ak-i-label\">Distance jusqu\u2019\u00e0 l\u2019\u00e9cole<\/span><span class=\"ak-i-value\">10-20m par transport<\/span><\/div>\n<div class=\"ak-info-item\"><span class=\"ak-i-label\">Caution<\/span><span class=\"ak-i-value\">$1 000 USD<\/span><\/div>\n<\/p><\/div>\n<\/p><\/div>\n<div class=\"ak-card anim\" style=\"animation-delay: 0.3s;\">\n      <span class=\"ak-card-title\">FORFAIT INSTALLATION<\/span><\/p>\n<div class=\"ak-check-item\">\n<div class=\"ak-check-box active\"><\/div>\n<p><span class=\"ak-check-text\">Ouverture d'un compte bancaire local<\/span>\n      <\/div>\n<div class=\"ak-check-item\">\n<div class=\"ak-check-box active\"><\/div>\n<p>        <span class=\"ak-check-text\">Carte SIM haut d\u00e9bit (4G\/5G)<\/span>\n      <\/div>\n<div class=\"ak-check-item\">\n<div class=\"ak-check-box active\"><\/div>\n<p>        <span class=\"ak-check-text\">Accompagnement demande ARC<\/span>\n      <\/div>\n<\/p><\/div>\n<\/p><\/div>\n<\/section>","protected":false},"excerpt":{"rendered":"<p>Universit\u00e9 nationale de S\u00e9oul - S\u00e9oul<\/p>","protected":false},"featured_media":13925,"comment_status":"open","ping_status":"closed","template":"","meta":{"_crdt_document":"","jetpack_publicize_message":"","jetpack_publicize_feature_enabled":true,"jetpack_social_post_already_shared":true,"jetpack_social_options":{"image_generator_settings":{"template":"highway","default_image_id":0,"font":"","enabled":false},"version":2},"_wpas_customize_per_network":false},"product_brand":[],"product_cat":[1462],"product_tag":[1461],"class_list":{"0":"post-13783","1":"product","2":"type-product","3":"status-publish","4":"has-post-thumbnail","6":"product_cat-seoul","7":"product_tag-ready","9":"first","10":"instock","11":"virtual","12":"purchasable","13":"product-type-simple"},"yoast_head":"<!-- This site is optimized with the Yoast SEO Premium plugin v24.7 (Yoast SEO v27.4) - https:\/\/yoast.com\/product\/yoast-seo-premium-wordpress\/ -->\n<title>Jenny P. - ALLO KOREA<\/title>\n<meta name=\"robots\" content=\"index, follow, max-snippet:-1, max-image-preview:large, max-video-preview:-1\" \/>\n<link rel=\"canonical\" href=\"https:\/\/allo-korea.com\/fr\/produit\/liza-k\/\" \/>\n<meta property=\"og:locale\" content=\"fr_FR\" \/>\n<meta property=\"og:type\" content=\"article\" \/>\n<meta property=\"og:title\" content=\"Jenny P.\" \/>\n<meta property=\"og:description\" content=\"Seoul National University \u00b7 Seoul\" \/>\n<meta property=\"og:url\" content=\"https:\/\/allo-korea.com\/fr\/produit\/liza-k\/\" \/>\n<meta property=\"og:site_name\" content=\"ALLO KOREA\" \/>\n<meta property=\"article:modified_time\" content=\"2026-03-11T09:07:36+00:00\" \/>\n<meta property=\"og:image\" content=\"https:\/\/allo-korea.com\/wp-content\/uploads\/2026\/02\/CA.gif\" \/>\n\t<meta property=\"og:image:width\" content=\"298\" \/>\n\t<meta property=\"og:image:height\" content=\"198\" \/>\n\t<meta property=\"og:image:type\" content=\"image\/gif\" \/>\n<meta name=\"twitter:card\" content=\"summary_large_image\" \/>\n<meta name=\"twitter:label1\" content=\"Dur\u00e9e de lecture estim\u00e9e\" \/>\n\t<meta name=\"twitter:data1\" content=\"1 minute\" \/>\n<script type=\"application\/ld+json\" class=\"yoast-schema-graph\">{\"@context\":\"https:\\\/\\\/schema.org\",\"@graph\":[{\"@type\":\"WebPage\",\"@id\":\"https:\\\/\\\/allo-korea.com\\\/produit\\\/liza-k\\\/\",\"url\":\"https:\\\/\\\/allo-korea.com\\\/produit\\\/liza-k\\\/\",\"name\":\"Jenny P. - ALLO KOREA\",\"isPartOf\":{\"@id\":\"https:\\\/\\\/allo-korea.com\\\/#website\"},\"primaryImageOfPage\":{\"@id\":\"https:\\\/\\\/allo-korea.com\\\/produit\\\/liza-k\\\/#primaryimage\"},\"image\":{\"@id\":\"https:\\\/\\\/allo-korea.com\\\/produit\\\/liza-k\\\/#primaryimage\"},\"thumbnailUrl\":\"https:\\\/\\\/i0.wp.com\\\/allo-korea.com\\\/wp-content\\\/uploads\\\/2026\\\/02\\\/CA.gif?fit=298%2C198&ssl=1\",\"datePublished\":\"2026-02-19T12:05:08+00:00\",\"dateModified\":\"2026-03-11T09:07:36+00:00\",\"breadcrumb\":{\"@id\":\"https:\\\/\\\/allo-korea.com\\\/produit\\\/liza-k\\\/#breadcrumb\"},\"inLanguage\":\"fr-FR\",\"potentialAction\":[{\"@type\":\"ReadAction\",\"target\":[\"https:\\\/\\\/allo-korea.com\\\/produit\\\/liza-k\\\/\"]}]},{\"@type\":\"ImageObject\",\"inLanguage\":\"fr-FR\",\"@id\":\"https:\\\/\\\/allo-korea.com\\\/produit\\\/liza-k\\\/#primaryimage\",\"url\":\"https:\\\/\\\/i0.wp.com\\\/allo-korea.com\\\/wp-content\\\/uploads\\\/2026\\\/02\\\/CA.gif?fit=298%2C198&ssl=1\",\"contentUrl\":\"https:\\\/\\\/i0.wp.com\\\/allo-korea.com\\\/wp-content\\\/uploads\\\/2026\\\/02\\\/CA.gif?fit=298%2C198&ssl=1\",\"width\":298,\"height\":198},{\"@type\":\"BreadcrumbList\",\"@id\":\"https:\\\/\\\/allo-korea.com\\\/produit\\\/liza-k\\\/#breadcrumb\",\"itemListElement\":[{\"@type\":\"ListItem\",\"position\":1,\"name\":\"Accueil\",\"item\":\"https:\\\/\\\/allo-korea.com\\\/\"},{\"@type\":\"ListItem\",\"position\":2,\"name\":\"500+ Verified Student Reports | ALLO KOREA\",\"item\":\"https:\\\/\\\/allo-korea.com\\\/archives\\\/\"},{\"@type\":\"ListItem\",\"position\":3,\"name\":\"Jenny P.\"}]},{\"@type\":\"WebSite\",\"@id\":\"https:\\\/\\\/allo-korea.com\\\/#website\",\"url\":\"https:\\\/\\\/allo-korea.com\\\/\",\"name\":\"ALLO-KOREA | Vivre et \u00c9tudier en Cor\u00e9e \u2013 Logement, Visa, Services\",\"description\":\"Live in Korea. Settle Fast. Stay Smart.\",\"publisher\":{\"@id\":\"https:\\\/\\\/allo-korea.com\\\/#organization\"},\"alternateName\":\"ALLO-KOREA\",\"potentialAction\":[{\"@type\":\"SearchAction\",\"target\":{\"@type\":\"EntryPoint\",\"urlTemplate\":\"https:\\\/\\\/allo-korea.com\\\/?s={search_term_string}\"},\"query-input\":{\"@type\":\"PropertyValueSpecification\",\"valueRequired\":true,\"valueName\":\"search_term_string\"}}],\"inLanguage\":\"fr-FR\"},{\"@type\":\"Organization\",\"@id\":\"https:\\\/\\\/allo-korea.com\\\/#organization\",\"name\":\"ALLO KOREA\",\"url\":\"https:\\\/\\\/allo-korea.com\\\/\",\"logo\":{\"@type\":\"ImageObject\",\"inLanguage\":\"fr-FR\",\"@id\":\"https:\\\/\\\/allo-korea.com\\\/#\\\/schema\\\/logo\\\/image\\\/\",\"url\":\"https:\\\/\\\/i0.wp.com\\\/allo-korea.com\\\/wp-content\\\/uploads\\\/2025\\\/03\\\/%EC%A0%9C%EB%AA%A9%EC%9D%84-%EC%9E%85%EB%A0%A5%ED%95%B4%EC%A3%BC%EC%84%B8%EC%9A%94__%EB%B3%B5%EC%82%AC%EB%B3%B8-1-001-2.png?fit=2518%2C480&ssl=1\",\"contentUrl\":\"https:\\\/\\\/i0.wp.com\\\/allo-korea.com\\\/wp-content\\\/uploads\\\/2025\\\/03\\\/%EC%A0%9C%EB%AA%A9%EC%9D%84-%EC%9E%85%EB%A0%A5%ED%95%B4%EC%A3%BC%EC%84%B8%EC%9A%94__%EB%B3%B5%EC%82%AC%EB%B3%B8-1-001-2.png?fit=2518%2C480&ssl=1\",\"width\":2518,\"height\":480,\"caption\":\"ALLO KOREA\"},\"image\":{\"@id\":\"https:\\\/\\\/allo-korea.com\\\/#\\\/schema\\\/logo\\\/image\\\/\"},\"description\":\"Move to Korea or study in Korea without the stress. ALLO KOREA handles your visa, housing, bank, phone, and ARC \u2014 helping you start living freely from day one.\",\"email\":\"contact@allo-korea.com\",\"legalName\":\"ALLO KOREA\",\"foundingDate\":\"2025-05-01\",\"vatID\":\"776-81-03840\",\"taxID\":\"776-81-03840\",\"duns\":\"696339103\",\"numberOfEmployees\":{\"@type\":\"QuantitativeValue\",\"minValue\":\"1\",\"maxValue\":\"10\"}}]}<\/script>\n<!-- \/ Yoast SEO Premium plugin. -->","yoast_head_json":{"title":"Jenny P. - ALLO KOREA","robots":{"index":"index","follow":"follow","max-snippet":"max-snippet:-1","max-image-preview":"max-image-preview:large","max-video-preview":"max-video-preview:-1"},"canonical":"https:\/\/allo-korea.com\/fr\/produit\/liza-k\/","og_locale":"fr_FR","og_type":"article","og_title":"Jenny P.","og_description":"Seoul National University \u00b7 Seoul","og_url":"https:\/\/allo-korea.com\/fr\/produit\/liza-k\/","og_site_name":"ALLO KOREA","article_modified_time":"2026-03-11T09:07:36+00:00","og_image":[{"width":298,"height":198,"url":"https:\/\/allo-korea.com\/wp-content\/uploads\/2026\/02\/CA.gif","type":"image\/gif"}],"twitter_card":"summary_large_image","twitter_misc":{"Dur\u00e9e de lecture estim\u00e9e":"1 minute"},"schema":{"@context":"https:\/\/schema.org","@graph":[{"@type":"WebPage","@id":"https:\/\/allo-korea.com\/produit\/liza-k\/","url":"https:\/\/allo-korea.com\/produit\/liza-k\/","name":"Jenny P. - ALLO KOREA","isPartOf":{"@id":"https:\/\/allo-korea.com\/#website"},"primaryImageOfPage":{"@id":"https:\/\/allo-korea.com\/produit\/liza-k\/#primaryimage"},"image":{"@id":"https:\/\/allo-korea.com\/produit\/liza-k\/#primaryimage"},"thumbnailUrl":"https:\/\/i0.wp.com\/allo-korea.com\/wp-content\/uploads\/2026\/02\/CA.gif?fit=298%2C198&ssl=1","datePublished":"2026-02-19T12:05:08+00:00","dateModified":"2026-03-11T09:07:36+00:00","breadcrumb":{"@id":"https:\/\/allo-korea.com\/produit\/liza-k\/#breadcrumb"},"inLanguage":"fr-FR","potentialAction":[{"@type":"ReadAction","target":["https:\/\/allo-korea.com\/produit\/liza-k\/"]}]},{"@type":"ImageObject","inLanguage":"fr-FR","@id":"https:\/\/allo-korea.com\/produit\/liza-k\/#primaryimage","url":"https:\/\/i0.wp.com\/allo-korea.com\/wp-content\/uploads\/2026\/02\/CA.gif?fit=298%2C198&ssl=1","contentUrl":"https:\/\/i0.wp.com\/allo-korea.com\/wp-content\/uploads\/2026\/02\/CA.gif?fit=298%2C198&ssl=1","width":298,"height":198},{"@type":"BreadcrumbList","@id":"https:\/\/allo-korea.com\/produit\/liza-k\/#breadcrumb","itemListElement":[{"@type":"ListItem","position":1,"name":"Accueil","item":"https:\/\/allo-korea.com\/"},{"@type":"ListItem","position":2,"name":"500+ Verified Student Reports | ALLO KOREA","item":"https:\/\/allo-korea.com\/archives\/"},{"@type":"ListItem","position":3,"name":"Jenny P."}]},{"@type":"WebSite","@id":"https:\/\/allo-korea.com\/#website","url":"https:\/\/allo-korea.com\/","name":"ALLO-KOREA | Vivre et \u00c9tudier en Cor\u00e9e - Logement, Visa, Services","description":"Vivre en Cor\u00e9e. S'installer rapidement. Restez malin.","publisher":{"@id":"https:\/\/allo-korea.com\/#organization"},"alternateName":"ALLO-KOREA","potentialAction":[{"@type":"SearchAction","target":{"@type":"EntryPoint","urlTemplate":"https:\/\/allo-korea.com\/?s={search_term_string}"},"query-input":{"@type":"PropertyValueSpecification","valueRequired":true,"valueName":"search_term_string"}}],"inLanguage":"fr-FR"},{"@type":"Organization","@id":"https:\/\/allo-korea.com\/#organization","name":"ALLO KOREA","url":"https:\/\/allo-korea.com\/","logo":{"@type":"ImageObject","inLanguage":"fr-FR","@id":"https:\/\/allo-korea.com\/#\/schema\/logo\/image\/","url":"https:\/\/i0.wp.com\/allo-korea.com\/wp-content\/uploads\/2025\/03\/%EC%A0%9C%EB%AA%A9%EC%9D%84-%EC%9E%85%EB%A0%A5%ED%95%B4%EC%A3%BC%EC%84%B8%EC%9A%94__%EB%B3%B5%EC%82%AC%EB%B3%B8-1-001-2.png?fit=2518%2C480&ssl=1","contentUrl":"https:\/\/i0.wp.com\/allo-korea.com\/wp-content\/uploads\/2025\/03\/%EC%A0%9C%EB%AA%A9%EC%9D%84-%EC%9E%85%EB%A0%A5%ED%95%B4%EC%A3%BC%EC%84%B8%EC%9A%94__%EB%B3%B5%EC%82%AC%EB%B3%B8-1-001-2.png?fit=2518%2C480&ssl=1","width":2518,"height":480,"caption":"ALLO KOREA"},"image":{"@id":"https:\/\/allo-korea.com\/#\/schema\/logo\/image\/"},"description":"D\u00e9m\u00e9nagez en Cor\u00e9e ou \u00e9tudiez en Cor\u00e9e sans stress. ALLO KOREA s'occupe de votre visa, de votre logement, de votre banque, de votre t\u00e9l\u00e9phone et de l'ARC - ce qui vous permet de vivre librement d\u00e8s le premier jour.","email":"contact@allo-korea.com","legalName":"ALLO KOREA","foundingDate":"2025-05-01","vatID":"776-81-03840","taxID":"776-81-03840","duns":"696339103","numberOfEmployees":{"@type":"QuantitativeValue","minValue":"1","maxValue":"10"}}]}},"jetpack_publicize_connections":[],"jetpack_likes_enabled":true,"jetpack_sharing_enabled":true,"_links":{"self":[{"href":"https:\/\/allo-korea.com\/fr\/wp-json\/wp\/v2\/product\/13783","targetHints":{"allow":["GET"]}}],"collection":[{"href":"https:\/\/allo-korea.com\/fr\/wp-json\/wp\/v2\/product"}],"about":[{"href":"https:\/\/allo-korea.com\/fr\/wp-json\/wp\/v2\/types\/product"}],"replies":[{"embeddable":true,"href":"https:\/\/allo-korea.com\/fr\/wp-json\/wp\/v2\/comments?post=13783"}],"wp:featuredmedia":[{"embeddable":true,"href":"https:\/\/allo-korea.com\/fr\/wp-json\/wp\/v2\/media\/13925"}],"wp:attachment":[{"href":"https:\/\/allo-korea.com\/fr\/wp-json\/wp\/v2\/media?parent=13783"}],"wp:term":[{"taxonomy":"product_brand","embeddable":true,"href":"https:\/\/allo-korea.com\/fr\/wp-json\/wp\/v2\/product_brand?post=13783"},{"taxonomy":"product_cat","embeddable":true,"href":"https:\/\/allo-korea.com\/fr\/wp-json\/wp\/v2\/product_cat?post=13783"},{"taxonomy":"product_tag","embeddable":true,"href":"https:\/\/allo-korea.com\/fr\/wp-json\/wp\/v2\/product_tag?post=13783"}],"curies":[{"name":"wp","href":"https:\/\/api.w.org\/{rel}","templated":true}]}}