{"id":13822,"date":"2026-02-23T16:29:32","date_gmt":"2026-02-23T07:29:32","guid":{"rendered":"https:\/\/allo-korea.com\/?post_type=product&#038;p=13822"},"modified":"2026-03-11T18:09:26","modified_gmt":"2026-03-11T09:09:26","slug":"shinon-u","status":"publish","type":"product","link":"https:\/\/allo-korea.com\/es\/produit\/shinon-u\/","title":{"rendered":"\u4e0a\u9593\u69d8"},"content":{"rendered":"<section id=\"ak-final-roadmap\">\n<div class=\"ak-wrap\">\n<div class=\"ak-card anim\" style=\"animation-delay: 0.1s;\">\n      <span class=\"ak-card-title\">\u5b66\u7fd2\u30d7\u30e9\u30f3<\/span><\/p>\n<div class=\"ak-highlight-box blue-box\">\n        <span class=\"ak-h-label\">\u7dcf\u6388\u696d\u6599\uff082\u5b66\u671f\uff09<\/span><\/p>\n<div class=\"ak-h-value\">\u20a92,800,000<span>KRW<\/span><\/div>\n<div class=\"ak-h-sub\">\u2248 \u7d04280.000 JPY<\/div>\n<\/p><\/div>\n<div class=\"ak-info-list\">\n<div class=\"ak-info-item\"><span class=\"ak-i-label\">\u5927\u5b66<\/span><span class=\"ak-i-value\">\u851a\u5c71\u5927\u5b66\uff08Universidad de Ulsan\uff09<\/span><\/div>\n<div class=\"ak-info-item\"><span class=\"ak-i-label\">\u5b66\u671f<\/span><span class=\"ak-i-value\">\u590f\u5b66\u671f\uff085\u6708\uff09<\/span><\/div>\n<div class=\"ak-info-item\"><span class=\"ak-i-label\">\u958b\u8b1b\u65e5<\/span><span class=\"ak-i-value\">20265E7456701865E5<\/span><\/div>\n<div class=\"ak-info-item\"><span class=\"ak-i-label\">\u53d7\u8b1b\u671f\u9593<\/span><span class=\"ak-i-value\">2\u5b66\u671f\uff086\u30f6\u6708\uff09<\/span><\/div>\n<div class=\"ak-info-item\"><span class=\"ak-i-label\">\u6388\u696d\u6642\u9593<\/span><span class=\"ak-i-value\">\u5348\u524d\u30af\u30e9\u30b9<\/span><\/div>\n<div class=\"ak-info-item\"><span class=\"ak-i-label\">\u97d3\u56fd\u8a9e\u30ec\u30d9\u30eb<\/span><span class=\"ak-i-value\">\u4e0a\u7d1a\u30af\u30e9\u30b9\uff08TOPIK 4\u7d1a\uff09<\/span><\/div>\n<div class=\"ak-info-item\"><span class=\"ak-i-label\">\u30ec\u30d9\u30eb\u30c6\u30b9\u30c8<\/span><span class=\"ak-i-value\">\u53c2\u52a0\u3042\u308a<\/span><\/div>\n<div class=\"ak-info-item\"><span class=\"ak-i-label\">\u30d3\u30b6\u30b5\u30dd\u30fc\u30c8<\/span><span class=\"ak-i-value\">\u5b66\u751f\u30d3\u30b6\uff08D-4-1\uff09<\/span><\/div>\n<\/p><\/div>\n<\/p><\/div>\n<div class=\"ak-card anim\" style=\"animation-delay: 0.2s;\">\n      <span class=\"ak-card-title\">\u4f4f\u5c45\u30fb\u5165\u5c45\u60c5\u5831<\/span><\/p>\n<div class=\"ak-highlight-box orange-box\">\n        <span class=\"ak-h-label\">\u6708\u984d\u4f4f\u5c45\u8cbb\uff08\u76ee\u5b89\uff09<\/span><\/p>\n<div class=\"ak-h-value\">\u81ea\u5df1\u624b\u914d<span>\u672a\u5b9a<\/span><\/div>\n<div class=\"ak-h-sub\">\u500b\u4eba\u624b\u914d<\/div>\n<\/p><\/div>\n<div class=\"ak-info-list\">\n<div class=\"ak-info-item\"><span class=\"ak-i-label\">\u5165\u5c45\u4e88\u5b9a\u65e5<\/span><span class=\"ak-i-value\">\u500b\u4eba\u624b\u914d<\/span><\/div>\n<div class=\"ak-info-item\"><span class=\"ak-i-label\">\u4f4f\u5c45\u30bf\u30a4\u30d7<\/span><span class=\"ak-i-value\">\u500b\u4eba\u624b\u914d<\/span><\/div>\n<div class=\"ak-info-item\"><span class=\"ak-i-label\">\u5b66\u6821\u307e\u3067\u306e\u8ddd\u96e2<\/span><span class=\"ak-i-value\">\u8a72\u5f53\u306a\u3057<\/span><\/div>\n<div class=\"ak-info-item\"><span class=\"ak-i-label\">\u4fdd\u8a3c\u91d1<\/span><span class=\"ak-i-value\">\u8a72\u5f53\u306a\u3057<\/span><\/div>\n<\/p><\/div>\n<\/p><\/div>\n<div class=\"ak-card anim\" style=\"animation-delay: 0.3s;\">\n      <span class=\"ak-card-title\">\u5b9a\u4f4f\u30b5\u30dd\u30fc\u30c8<\/span><\/p>\n<div class=\"ak-check-item\">\n<div class=\"ak-check-box\"><\/div>\n<p><span class=\"ak-check-text\">\u73fe\u5730\u9280\u884c\u53e3\u5ea7\u958b\u8a2d\u30b5\u30dd\u30fc\u30c8<\/span><\/div>\n<div class=\"ak-check-item\">\n<div class=\"ak-check-box\"><\/div>\n<p><span class=\"ak-check-text\">\u9ad8\u901fSIM\u30ab\u30fc\u30c9\uff084G \/ 5G\uff09\u958b\u901a\u30b5\u30dd\u30fc\u30c8<\/span><\/div>\n<div class=\"ak-check-item\">\n<div class=\"ak-check-box\"><\/div>\n<p><span class=\"ak-check-text\">\u5916\u56fd\u4eba\u767b\u9332\u8a3c\uff08ARC\uff09\u7533\u8acb\u30ac\u30a4\u30c0\u30f3\u30b9<\/span><\/div>\n<\/p><\/div>\n<\/p><\/div>\n<\/section>","protected":false},"excerpt":{"rendered":"<p>Universidad de Ulsan - Ulsan<\/p>","protected":false},"featured_media":13823,"comment_status":"open","ping_status":"closed","template":"","meta":{"_crdt_document":"","jetpack_publicize_message":"","jetpack_publicize_feature_enabled":true,"jetpack_social_post_already_shared":true,"jetpack_social_options":{"image_generator_settings":{"template":"highway","default_image_id":0,"font":"","enabled":false},"version":2},"_wpas_customize_per_network":false},"product_brand":[],"product_cat":[1463],"product_tag":[1461],"class_list":{"0":"post-13822","1":"product","2":"type-product","3":"status-publish","4":"has-post-thumbnail","6":"product_cat-busan","7":"product_tag-ready","9":"first","10":"instock","11":"virtual","12":"purchasable","13":"product-type-simple"},"yoast_head":"<!-- This site is optimized with the Yoast SEO Premium plugin v24.7 (Yoast SEO v27.4) - https:\/\/yoast.com\/product\/yoast-seo-premium-wordpress\/ -->\n<title>\u4e0a\u9593\u69d8 - ALLO KOREA<\/title>\n<meta name=\"robots\" content=\"index, follow, max-snippet:-1, max-image-preview:large, max-video-preview:-1\" \/>\n<link rel=\"canonical\" href=\"https:\/\/allo-korea.com\/es\/produit\/shinon-u\/\" \/>\n<meta property=\"og:locale\" content=\"es_ES\" \/>\n<meta property=\"og:type\" content=\"article\" \/>\n<meta property=\"og:title\" content=\"\u4e0a\u9593\u69d8\" \/>\n<meta property=\"og:description\" content=\"University of Ulsan \u00b7 Ulsan\" \/>\n<meta property=\"og:url\" content=\"https:\/\/allo-korea.com\/es\/produit\/shinon-u\/\" \/>\n<meta property=\"og:site_name\" content=\"ALLO KOREA\" \/>\n<meta property=\"article:modified_time\" content=\"2026-03-11T09:09:26+00:00\" \/>\n<meta property=\"og:image\" content=\"https:\/\/allo-korea.com\/wp-content\/uploads\/2026\/02\/JP.gif\" \/>\n\t<meta property=\"og:image:width\" content=\"298\" \/>\n\t<meta property=\"og:image:height\" content=\"198\" \/>\n\t<meta property=\"og:image:type\" content=\"image\/gif\" \/>\n<meta name=\"twitter:card\" content=\"summary_large_image\" \/>\n<meta name=\"twitter:label1\" content=\"Tiempo de lectura\" \/>\n\t<meta name=\"twitter:data1\" content=\"1 minuto\" \/>\n<script type=\"application\/ld+json\" class=\"yoast-schema-graph\">{\"@context\":\"https:\\\/\\\/schema.org\",\"@graph\":[{\"@type\":\"WebPage\",\"@id\":\"https:\\\/\\\/allo-korea.com\\\/produit\\\/shinon-u\\\/\",\"url\":\"https:\\\/\\\/allo-korea.com\\\/produit\\\/shinon-u\\\/\",\"name\":\"\u4e0a\u9593\u69d8 - ALLO KOREA\",\"isPartOf\":{\"@id\":\"https:\\\/\\\/allo-korea.com\\\/#website\"},\"primaryImageOfPage\":{\"@id\":\"https:\\\/\\\/allo-korea.com\\\/produit\\\/shinon-u\\\/#primaryimage\"},\"image\":{\"@id\":\"https:\\\/\\\/allo-korea.com\\\/produit\\\/shinon-u\\\/#primaryimage\"},\"thumbnailUrl\":\"https:\\\/\\\/i0.wp.com\\\/allo-korea.com\\\/wp-content\\\/uploads\\\/2026\\\/02\\\/JP.gif?fit=298%2C198&ssl=1\",\"datePublished\":\"2026-02-23T07:29:32+00:00\",\"dateModified\":\"2026-03-11T09:09:26+00:00\",\"breadcrumb\":{\"@id\":\"https:\\\/\\\/allo-korea.com\\\/produit\\\/shinon-u\\\/#breadcrumb\"},\"inLanguage\":\"es\",\"potentialAction\":[{\"@type\":\"ReadAction\",\"target\":[\"https:\\\/\\\/allo-korea.com\\\/produit\\\/shinon-u\\\/\"]}]},{\"@type\":\"ImageObject\",\"inLanguage\":\"es\",\"@id\":\"https:\\\/\\\/allo-korea.com\\\/produit\\\/shinon-u\\\/#primaryimage\",\"url\":\"https:\\\/\\\/i0.wp.com\\\/allo-korea.com\\\/wp-content\\\/uploads\\\/2026\\\/02\\\/JP.gif?fit=298%2C198&ssl=1\",\"contentUrl\":\"https:\\\/\\\/i0.wp.com\\\/allo-korea.com\\\/wp-content\\\/uploads\\\/2026\\\/02\\\/JP.gif?fit=298%2C198&ssl=1\",\"width\":298,\"height\":198},{\"@type\":\"BreadcrumbList\",\"@id\":\"https:\\\/\\\/allo-korea.com\\\/produit\\\/shinon-u\\\/#breadcrumb\",\"itemListElement\":[{\"@type\":\"ListItem\",\"position\":1,\"name\":\"Accueil\",\"item\":\"https:\\\/\\\/allo-korea.com\\\/\"},{\"@type\":\"ListItem\",\"position\":2,\"name\":\"500+ Verified Student Reports | ALLO KOREA\",\"item\":\"https:\\\/\\\/allo-korea.com\\\/archives\\\/\"},{\"@type\":\"ListItem\",\"position\":3,\"name\":\"\u4e0a\u9593\u69d8\"}]},{\"@type\":\"WebSite\",\"@id\":\"https:\\\/\\\/allo-korea.com\\\/#website\",\"url\":\"https:\\\/\\\/allo-korea.com\\\/\",\"name\":\"ALLO-KOREA | Vivre et \u00c9tudier en Cor\u00e9e \u2013 Logement, Visa, Services\",\"description\":\"Live in Korea. Settle Fast. Stay Smart.\",\"publisher\":{\"@id\":\"https:\\\/\\\/allo-korea.com\\\/#organization\"},\"alternateName\":\"ALLO-KOREA\",\"potentialAction\":[{\"@type\":\"SearchAction\",\"target\":{\"@type\":\"EntryPoint\",\"urlTemplate\":\"https:\\\/\\\/allo-korea.com\\\/?s={search_term_string}\"},\"query-input\":{\"@type\":\"PropertyValueSpecification\",\"valueRequired\":true,\"valueName\":\"search_term_string\"}}],\"inLanguage\":\"es\"},{\"@type\":\"Organization\",\"@id\":\"https:\\\/\\\/allo-korea.com\\\/#organization\",\"name\":\"ALLO KOREA\",\"url\":\"https:\\\/\\\/allo-korea.com\\\/\",\"logo\":{\"@type\":\"ImageObject\",\"inLanguage\":\"es\",\"@id\":\"https:\\\/\\\/allo-korea.com\\\/#\\\/schema\\\/logo\\\/image\\\/\",\"url\":\"https:\\\/\\\/i0.wp.com\\\/allo-korea.com\\\/wp-content\\\/uploads\\\/2025\\\/03\\\/%EC%A0%9C%EB%AA%A9%EC%9D%84-%EC%9E%85%EB%A0%A5%ED%95%B4%EC%A3%BC%EC%84%B8%EC%9A%94__%EB%B3%B5%EC%82%AC%EB%B3%B8-1-001-2.png?fit=2518%2C480&ssl=1\",\"contentUrl\":\"https:\\\/\\\/i0.wp.com\\\/allo-korea.com\\\/wp-content\\\/uploads\\\/2025\\\/03\\\/%EC%A0%9C%EB%AA%A9%EC%9D%84-%EC%9E%85%EB%A0%A5%ED%95%B4%EC%A3%BC%EC%84%B8%EC%9A%94__%EB%B3%B5%EC%82%AC%EB%B3%B8-1-001-2.png?fit=2518%2C480&ssl=1\",\"width\":2518,\"height\":480,\"caption\":\"ALLO KOREA\"},\"image\":{\"@id\":\"https:\\\/\\\/allo-korea.com\\\/#\\\/schema\\\/logo\\\/image\\\/\"},\"description\":\"Move to Korea or study in Korea without the stress. ALLO KOREA handles your visa, housing, bank, phone, and ARC \u2014 helping you start living freely from day one.\",\"email\":\"contact@allo-korea.com\",\"legalName\":\"ALLO KOREA\",\"foundingDate\":\"2025-05-01\",\"vatID\":\"776-81-03840\",\"taxID\":\"776-81-03840\",\"duns\":\"696339103\",\"numberOfEmployees\":{\"@type\":\"QuantitativeValue\",\"minValue\":\"1\",\"maxValue\":\"10\"}}]}<\/script>\n<!-- \/ Yoast SEO Premium plugin. -->","yoast_head_json":{"title":"\u4e0a\u9593\u69d8 - ALLO KOREA","robots":{"index":"index","follow":"follow","max-snippet":"max-snippet:-1","max-image-preview":"max-image-preview:large","max-video-preview":"max-video-preview:-1"},"canonical":"https:\/\/allo-korea.com\/es\/produit\/shinon-u\/","og_locale":"es_ES","og_type":"article","og_title":"\u4e0a\u9593\u69d8","og_description":"University of Ulsan \u00b7 Ulsan","og_url":"https:\/\/allo-korea.com\/es\/produit\/shinon-u\/","og_site_name":"ALLO KOREA","article_modified_time":"2026-03-11T09:09:26+00:00","og_image":[{"width":298,"height":198,"url":"https:\/\/allo-korea.com\/wp-content\/uploads\/2026\/02\/JP.gif","type":"image\/gif"}],"twitter_card":"summary_large_image","twitter_misc":{"Tiempo de lectura":"1 minuto"},"schema":{"@context":"https:\/\/schema.org","@graph":[{"@type":"WebPage","@id":"https:\/\/allo-korea.com\/produit\/shinon-u\/","url":"https:\/\/allo-korea.com\/produit\/shinon-u\/","name":"\u4e0a\u9593\u69d8 - ALLO KOREA","isPartOf":{"@id":"https:\/\/allo-korea.com\/#website"},"primaryImageOfPage":{"@id":"https:\/\/allo-korea.com\/produit\/shinon-u\/#primaryimage"},"image":{"@id":"https:\/\/allo-korea.com\/produit\/shinon-u\/#primaryimage"},"thumbnailUrl":"https:\/\/i0.wp.com\/allo-korea.com\/wp-content\/uploads\/2026\/02\/JP.gif?fit=298%2C198&ssl=1","datePublished":"2026-02-23T07:29:32+00:00","dateModified":"2026-03-11T09:09:26+00:00","breadcrumb":{"@id":"https:\/\/allo-korea.com\/produit\/shinon-u\/#breadcrumb"},"inLanguage":"es","potentialAction":[{"@type":"ReadAction","target":["https:\/\/allo-korea.com\/produit\/shinon-u\/"]}]},{"@type":"ImageObject","inLanguage":"es","@id":"https:\/\/allo-korea.com\/produit\/shinon-u\/#primaryimage","url":"https:\/\/i0.wp.com\/allo-korea.com\/wp-content\/uploads\/2026\/02\/JP.gif?fit=298%2C198&ssl=1","contentUrl":"https:\/\/i0.wp.com\/allo-korea.com\/wp-content\/uploads\/2026\/02\/JP.gif?fit=298%2C198&ssl=1","width":298,"height":198},{"@type":"BreadcrumbList","@id":"https:\/\/allo-korea.com\/produit\/shinon-u\/#breadcrumb","itemListElement":[{"@type":"ListItem","position":1,"name":"Accueil","item":"https:\/\/allo-korea.com\/"},{"@type":"ListItem","position":2,"name":"500+ Verified Student Reports | ALLO KOREA","item":"https:\/\/allo-korea.com\/archives\/"},{"@type":"ListItem","position":3,"name":"\u4e0a\u9593\u69d8"}]},{"@type":"WebSite","@id":"https:\/\/allo-korea.com\/#website","url":"https:\/\/allo-korea.com\/","name":"ALLO-KOREA | Vivir y estudiar en Corea - Logement, Visa, Services","description":"Vivir en Corea. Inst\u00e1late r\u00e1pido. S\u00e9 listo.","publisher":{"@id":"https:\/\/allo-korea.com\/#organization"},"alternateName":"ALLO-KOREA","potentialAction":[{"@type":"SearchAction","target":{"@type":"EntryPoint","urlTemplate":"https:\/\/allo-korea.com\/?s={search_term_string}"},"query-input":{"@type":"PropertyValueSpecification","valueRequired":true,"valueName":"search_term_string"}}],"inLanguage":"es"},{"@type":"Organization","@id":"https:\/\/allo-korea.com\/#organization","name":"ALLO COREA","url":"https:\/\/allo-korea.com\/","logo":{"@type":"ImageObject","inLanguage":"es","@id":"https:\/\/allo-korea.com\/#\/schema\/logo\/image\/","url":"https:\/\/i0.wp.com\/allo-korea.com\/wp-content\/uploads\/2025\/03\/%EC%A0%9C%EB%AA%A9%EC%9D%84-%EC%9E%85%EB%A0%A5%ED%95%B4%EC%A3%BC%EC%84%B8%EC%9A%94__%EB%B3%B5%EC%82%AC%EB%B3%B8-1-001-2.png?fit=2518%2C480&ssl=1","contentUrl":"https:\/\/i0.wp.com\/allo-korea.com\/wp-content\/uploads\/2025\/03\/%EC%A0%9C%EB%AA%A9%EC%9D%84-%EC%9E%85%EB%A0%A5%ED%95%B4%EC%A3%BC%EC%84%B8%EC%9A%94__%EB%B3%B5%EC%82%AC%EB%B3%B8-1-001-2.png?fit=2518%2C480&ssl=1","width":2518,"height":480,"caption":"ALLO KOREA"},"image":{"@id":"https:\/\/allo-korea.com\/#\/schema\/logo\/image\/"},"description":"M\u00fadate a Corea o estudia en Corea sin estr\u00e9s. ALLO KOREA se ocupa de tu visado, alojamiento, banco, tel\u00e9fono y ARC, para que puedas empezar a vivir libremente desde el primer d\u00eda.","email":"contact@allo-korea.com","legalName":"ALLO KOREA","foundingDate":"2025-05-01","vatID":"776-81-03840","taxID":"776-81-03840","duns":"696339103","numberOfEmployees":{"@type":"QuantitativeValue","minValue":"1","maxValue":"10"}}]}},"jetpack_publicize_connections":[],"jetpack_likes_enabled":true,"jetpack_sharing_enabled":true,"_links":{"self":[{"href":"https:\/\/allo-korea.com\/es\/wp-json\/wp\/v2\/product\/13822","targetHints":{"allow":["GET"]}}],"collection":[{"href":"https:\/\/allo-korea.com\/es\/wp-json\/wp\/v2\/product"}],"about":[{"href":"https:\/\/allo-korea.com\/es\/wp-json\/wp\/v2\/types\/product"}],"replies":[{"embeddable":true,"href":"https:\/\/allo-korea.com\/es\/wp-json\/wp\/v2\/comments?post=13822"}],"wp:featuredmedia":[{"embeddable":true,"href":"https:\/\/allo-korea.com\/es\/wp-json\/wp\/v2\/media\/13823"}],"wp:attachment":[{"href":"https:\/\/allo-korea.com\/es\/wp-json\/wp\/v2\/media?parent=13822"}],"wp:term":[{"taxonomy":"product_brand","embeddable":true,"href":"https:\/\/allo-korea.com\/es\/wp-json\/wp\/v2\/product_brand?post=13822"},{"taxonomy":"product_cat","embeddable":true,"href":"https:\/\/allo-korea.com\/es\/wp-json\/wp\/v2\/product_cat?post=13822"},{"taxonomy":"product_tag","embeddable":true,"href":"https:\/\/allo-korea.com\/es\/wp-json\/wp\/v2\/product_tag?post=13822"}],"curies":[{"name":"wp","href":"https:\/\/api.w.org\/{rel}","templated":true}]}}