{"id":13797,"date":"2026-02-20T15:00:38","date_gmt":"2026-02-20T06:00:38","guid":{"rendered":"https:\/\/allo-korea.com\/?post_type=product&#038;p=13797"},"modified":"2026-03-11T18:08:06","modified_gmt":"2026-03-11T09:08:06","slug":"anai-v","status":"publish","type":"product","link":"https:\/\/allo-korea.com\/es\/produit\/anai-v\/","title":{"rendered":"Anai V."},"content":{"rendered":"<section id=\"ak-final-roadmap\">\n<div class=\"ak-wrap\">\n<div class=\"ak-card anim\" style=\"animation-delay: 0.1s;\">\n      <span class=\"ak-card-title\">Plan acad\u00e9mico<\/span><\/p>\n<div class=\"ak-highlight-box blue-box\">\n        <span class=\"ak-h-label\">Precio total de la matr\u00edcula (2 trimestres)<\/span><\/p>\n<div class=\"ak-h-value\">\u20a92,600,000<span>KRW<\/span><\/div>\n<div class=\"ak-h-sub\">\u2248 $1,860 USD<\/div>\n<\/p><\/div>\n<div class=\"ak-info-list\">\n<div class=\"ak-info-item\"><span class=\"ak-i-label\">Universidad<\/span><span class=\"ak-i-value\">Universidad de Yeungnam<\/span><\/div>\n<div class=\"ak-info-item\"><span class=\"ak-i-label\">Plazo<\/span><span class=\"ak-i-value\">Verano (junio)<\/span><\/div>\n<div class=\"ak-info-item\"><span class=\"ak-i-label\">Fecha de inicio del plazo<\/span><span class=\"ak-i-value\">5 de junio de 2026<\/span><\/div>\n<div class=\"ak-info-item\"><span class=\"ak-i-label\">Duraci\u00f3n<\/span><span class=\"ak-i-value\">2 plazos (6 meses)<\/span><\/div>\n<div class=\"ak-info-item\"><span class=\"ak-i-label\">Horario<\/span><span class=\"ak-i-value\">Clase de tarde<\/span><\/div>\n<div class=\"ak-info-item\"><span class=\"ak-i-label\">Prueba de nivel<\/span><span class=\"ak-i-value\">Aplicado (S\u00ed)<\/span><\/div>\n<div class=\"ak-info-item\"><span class=\"ak-i-label\">Clase de pre-coreano<\/span><span class=\"ak-i-value\">Aplicado (S\u00ed)<\/span><\/div>\n<div class=\"ak-info-item\"><span class=\"ak-i-label\">Con visado<\/span><span class=\"ak-i-value\">Visado de estudiante<\/span><\/div>\n<\/p><\/div>\n<\/p><\/div>\n<div class=\"ak-card anim\" style=\"animation-delay: 0.2s;\">\n      <span class=\"ak-card-title\">Alojamiento y mudanza<\/span><\/p>\n<div class=\"ak-highlight-box orange-box\">\n        <span class=\"ak-h-label\">Est. Coste mensual de la vivienda<\/span><\/p>\n<div class=\"ak-h-value\">Dormitorio<span>(Durante 10 semanas)<\/span><\/div>\n<div class=\"ak-h-sub\">630.000KRW<\/div>\n<\/p><\/div>\n<div class=\"ak-info-list\">\n<div class=\"ak-info-item\"><span class=\"ak-i-label\">Fecha de traslado<\/span><span class=\"ak-i-value\">Seguir el horario escolar<\/span><\/div>\n<div class=\"ak-info-item\"><span class=\"ak-i-label\">Tipo de vivienda<\/span><span class=\"ak-i-value\">Residencia escolar<\/span><\/div>\n<div class=\"ak-info-item\"><span class=\"ak-i-label\">Distancia a la escuela<\/span><span class=\"ak-i-value\">Distancia a pie<\/span><\/div>\n<div class=\"ak-info-item\"><span class=\"ak-i-label\">Dep\u00f3sito de seguridad<\/span><span class=\"ak-i-value\">Reembolsable<\/span><\/div>\n<\/p><\/div>\n<\/p><\/div>\n<div class=\"ak-card anim\" style=\"animation-delay: 0.3s;\">\n      <span class=\"ak-card-title\">Paquete de liquidaci\u00f3n (No es necesario)<\/span><\/p>\n<div class=\"ak-check-item\">\n<div class=\"ak-check-box active\"><\/div>\n<p><span class=\"ak-check-text\">Configuraci\u00f3n de una cuenta bancaria local<\/span>\n      <\/div>\n<div class=\"ak-check-item\">\n<div class=\"ak-check-box active\"><\/div>\n<p>        <span class=\"ak-check-text\">Tarjeta SIM de alta velocidad (4G\/5G)<\/span>\n      <\/div>\n<div class=\"ak-check-item\">\n<div class=\"ak-check-box active\"><\/div>\n<p>        <span class=\"ak-check-text\">Gu\u00eda para la solicitud de ARC<\/span>\n      <\/div>\n<\/p><\/div>\n<\/p><\/div>\n<\/section>","protected":false},"excerpt":{"rendered":"<p>Universidad de Yeungnam - Se\u00fal<\/p>","protected":false},"featured_media":13602,"comment_status":"open","ping_status":"closed","template":"","meta":{"_crdt_document":"","jetpack_publicize_message":"","jetpack_publicize_feature_enabled":true,"jetpack_social_post_already_shared":true,"jetpack_social_options":{"image_generator_settings":{"template":"highway","default_image_id":0,"font":"","enabled":false},"version":2},"_wpas_customize_per_network":false},"product_brand":[],"product_cat":[1464],"product_tag":[1461],"class_list":{"0":"post-13797","1":"product","2":"type-product","3":"status-publish","4":"has-post-thumbnail","6":"product_cat-daegu","7":"product_tag-ready","9":"first","10":"instock","11":"virtual","12":"purchasable","13":"product-type-simple"},"yoast_head":"<!-- This site is optimized with the Yoast SEO Premium plugin v24.7 (Yoast SEO v27.4) - https:\/\/yoast.com\/product\/yoast-seo-premium-wordpress\/ -->\n<title>Anai V. - ALLO KOREA<\/title>\n<meta name=\"robots\" content=\"index, follow, max-snippet:-1, max-image-preview:large, max-video-preview:-1\" \/>\n<link rel=\"canonical\" href=\"https:\/\/allo-korea.com\/es\/produit\/anai-v\/\" \/>\n<meta property=\"og:locale\" content=\"es_ES\" \/>\n<meta property=\"og:type\" content=\"article\" \/>\n<meta property=\"og:title\" content=\"Anai V.\" \/>\n<meta property=\"og:description\" content=\"Yeungnam University \u00b7 Seoul\" \/>\n<meta property=\"og:url\" content=\"https:\/\/allo-korea.com\/es\/produit\/anai-v\/\" \/>\n<meta property=\"og:site_name\" content=\"ALLO KOREA\" \/>\n<meta property=\"article:modified_time\" content=\"2026-03-11T09:08:06+00:00\" \/>\n<meta property=\"og:image\" content=\"https:\/\/allo-korea.com\/wp-content\/uploads\/2026\/02\/US.gif\" \/>\n\t<meta property=\"og:image:width\" content=\"1920\" \/>\n\t<meta property=\"og:image:height\" content=\"1011\" \/>\n\t<meta property=\"og:image:type\" content=\"image\/gif\" \/>\n<meta name=\"twitter:card\" content=\"summary_large_image\" \/>\n<meta name=\"twitter:label1\" content=\"Tiempo de lectura\" \/>\n\t<meta name=\"twitter:data1\" content=\"1 minuto\" \/>\n<script type=\"application\/ld+json\" class=\"yoast-schema-graph\">{\"@context\":\"https:\\\/\\\/schema.org\",\"@graph\":[{\"@type\":\"WebPage\",\"@id\":\"https:\\\/\\\/allo-korea.com\\\/produit\\\/anai-v\\\/\",\"url\":\"https:\\\/\\\/allo-korea.com\\\/produit\\\/anai-v\\\/\",\"name\":\"Anai V. - ALLO KOREA\",\"isPartOf\":{\"@id\":\"https:\\\/\\\/allo-korea.com\\\/#website\"},\"primaryImageOfPage\":{\"@id\":\"https:\\\/\\\/allo-korea.com\\\/produit\\\/anai-v\\\/#primaryimage\"},\"image\":{\"@id\":\"https:\\\/\\\/allo-korea.com\\\/produit\\\/anai-v\\\/#primaryimage\"},\"thumbnailUrl\":\"https:\\\/\\\/i0.wp.com\\\/allo-korea.com\\\/wp-content\\\/uploads\\\/2026\\\/02\\\/US.gif?fit=1920%2C1011&ssl=1\",\"datePublished\":\"2026-02-20T06:00:38+00:00\",\"dateModified\":\"2026-03-11T09:08:06+00:00\",\"breadcrumb\":{\"@id\":\"https:\\\/\\\/allo-korea.com\\\/produit\\\/anai-v\\\/#breadcrumb\"},\"inLanguage\":\"es\",\"potentialAction\":[{\"@type\":\"ReadAction\",\"target\":[\"https:\\\/\\\/allo-korea.com\\\/produit\\\/anai-v\\\/\"]}]},{\"@type\":\"ImageObject\",\"inLanguage\":\"es\",\"@id\":\"https:\\\/\\\/allo-korea.com\\\/produit\\\/anai-v\\\/#primaryimage\",\"url\":\"https:\\\/\\\/i0.wp.com\\\/allo-korea.com\\\/wp-content\\\/uploads\\\/2026\\\/02\\\/US.gif?fit=1920%2C1011&ssl=1\",\"contentUrl\":\"https:\\\/\\\/i0.wp.com\\\/allo-korea.com\\\/wp-content\\\/uploads\\\/2026\\\/02\\\/US.gif?fit=1920%2C1011&ssl=1\",\"width\":1920,\"height\":1011},{\"@type\":\"BreadcrumbList\",\"@id\":\"https:\\\/\\\/allo-korea.com\\\/produit\\\/anai-v\\\/#breadcrumb\",\"itemListElement\":[{\"@type\":\"ListItem\",\"position\":1,\"name\":\"Accueil\",\"item\":\"https:\\\/\\\/allo-korea.com\\\/\"},{\"@type\":\"ListItem\",\"position\":2,\"name\":\"500+ Verified Student Reports | ALLO KOREA\",\"item\":\"https:\\\/\\\/allo-korea.com\\\/archives\\\/\"},{\"@type\":\"ListItem\",\"position\":3,\"name\":\"Anai V.\"}]},{\"@type\":\"WebSite\",\"@id\":\"https:\\\/\\\/allo-korea.com\\\/#website\",\"url\":\"https:\\\/\\\/allo-korea.com\\\/\",\"name\":\"ALLO-KOREA | Vivre et \u00c9tudier en Cor\u00e9e \u2013 Logement, Visa, Services\",\"description\":\"Live in Korea. Settle Fast. Stay Smart.\",\"publisher\":{\"@id\":\"https:\\\/\\\/allo-korea.com\\\/#organization\"},\"alternateName\":\"ALLO-KOREA\",\"potentialAction\":[{\"@type\":\"SearchAction\",\"target\":{\"@type\":\"EntryPoint\",\"urlTemplate\":\"https:\\\/\\\/allo-korea.com\\\/?s={search_term_string}\"},\"query-input\":{\"@type\":\"PropertyValueSpecification\",\"valueRequired\":true,\"valueName\":\"search_term_string\"}}],\"inLanguage\":\"es\"},{\"@type\":\"Organization\",\"@id\":\"https:\\\/\\\/allo-korea.com\\\/#organization\",\"name\":\"ALLO KOREA\",\"url\":\"https:\\\/\\\/allo-korea.com\\\/\",\"logo\":{\"@type\":\"ImageObject\",\"inLanguage\":\"es\",\"@id\":\"https:\\\/\\\/allo-korea.com\\\/#\\\/schema\\\/logo\\\/image\\\/\",\"url\":\"https:\\\/\\\/i0.wp.com\\\/allo-korea.com\\\/wp-content\\\/uploads\\\/2025\\\/03\\\/%EC%A0%9C%EB%AA%A9%EC%9D%84-%EC%9E%85%EB%A0%A5%ED%95%B4%EC%A3%BC%EC%84%B8%EC%9A%94__%EB%B3%B5%EC%82%AC%EB%B3%B8-1-001-2.png?fit=2518%2C480&ssl=1\",\"contentUrl\":\"https:\\\/\\\/i0.wp.com\\\/allo-korea.com\\\/wp-content\\\/uploads\\\/2025\\\/03\\\/%EC%A0%9C%EB%AA%A9%EC%9D%84-%EC%9E%85%EB%A0%A5%ED%95%B4%EC%A3%BC%EC%84%B8%EC%9A%94__%EB%B3%B5%EC%82%AC%EB%B3%B8-1-001-2.png?fit=2518%2C480&ssl=1\",\"width\":2518,\"height\":480,\"caption\":\"ALLO KOREA\"},\"image\":{\"@id\":\"https:\\\/\\\/allo-korea.com\\\/#\\\/schema\\\/logo\\\/image\\\/\"},\"description\":\"Move to Korea or study in Korea without the stress. ALLO KOREA handles your visa, housing, bank, phone, and ARC \u2014 helping you start living freely from day one.\",\"email\":\"contact@allo-korea.com\",\"legalName\":\"ALLO KOREA\",\"foundingDate\":\"2025-05-01\",\"vatID\":\"776-81-03840\",\"taxID\":\"776-81-03840\",\"duns\":\"696339103\",\"numberOfEmployees\":{\"@type\":\"QuantitativeValue\",\"minValue\":\"1\",\"maxValue\":\"10\"}}]}<\/script>\n<!-- \/ Yoast SEO Premium plugin. -->","yoast_head_json":{"title":"Anai V. - ALLO COREA","robots":{"index":"index","follow":"follow","max-snippet":"max-snippet:-1","max-image-preview":"max-image-preview:large","max-video-preview":"max-video-preview:-1"},"canonical":"https:\/\/allo-korea.com\/es\/produit\/anai-v\/","og_locale":"es_ES","og_type":"article","og_title":"Anai V.","og_description":"Yeungnam University \u00b7 Seoul","og_url":"https:\/\/allo-korea.com\/es\/produit\/anai-v\/","og_site_name":"ALLO KOREA","article_modified_time":"2026-03-11T09:08:06+00:00","og_image":[{"width":1920,"height":1011,"url":"https:\/\/allo-korea.com\/wp-content\/uploads\/2026\/02\/US.gif","type":"image\/gif"}],"twitter_card":"summary_large_image","twitter_misc":{"Tiempo de lectura":"1 minuto"},"schema":{"@context":"https:\/\/schema.org","@graph":[{"@type":"WebPage","@id":"https:\/\/allo-korea.com\/produit\/anai-v\/","url":"https:\/\/allo-korea.com\/produit\/anai-v\/","name":"Anai V. - ALLO COREA","isPartOf":{"@id":"https:\/\/allo-korea.com\/#website"},"primaryImageOfPage":{"@id":"https:\/\/allo-korea.com\/produit\/anai-v\/#primaryimage"},"image":{"@id":"https:\/\/allo-korea.com\/produit\/anai-v\/#primaryimage"},"thumbnailUrl":"https:\/\/i0.wp.com\/allo-korea.com\/wp-content\/uploads\/2026\/02\/US.gif?fit=1920%2C1011&ssl=1","datePublished":"2026-02-20T06:00:38+00:00","dateModified":"2026-03-11T09:08:06+00:00","breadcrumb":{"@id":"https:\/\/allo-korea.com\/produit\/anai-v\/#breadcrumb"},"inLanguage":"es","potentialAction":[{"@type":"ReadAction","target":["https:\/\/allo-korea.com\/produit\/anai-v\/"]}]},{"@type":"ImageObject","inLanguage":"es","@id":"https:\/\/allo-korea.com\/produit\/anai-v\/#primaryimage","url":"https:\/\/i0.wp.com\/allo-korea.com\/wp-content\/uploads\/2026\/02\/US.gif?fit=1920%2C1011&ssl=1","contentUrl":"https:\/\/i0.wp.com\/allo-korea.com\/wp-content\/uploads\/2026\/02\/US.gif?fit=1920%2C1011&ssl=1","width":1920,"height":1011},{"@type":"BreadcrumbList","@id":"https:\/\/allo-korea.com\/produit\/anai-v\/#breadcrumb","itemListElement":[{"@type":"ListItem","position":1,"name":"Accueil","item":"https:\/\/allo-korea.com\/"},{"@type":"ListItem","position":2,"name":"500+ Verified Student Reports | ALLO KOREA","item":"https:\/\/allo-korea.com\/archives\/"},{"@type":"ListItem","position":3,"name":"Anai V."}]},{"@type":"WebSite","@id":"https:\/\/allo-korea.com\/#website","url":"https:\/\/allo-korea.com\/","name":"ALLO-KOREA | Vivir y estudiar en Corea - Logement, Visa, Services","description":"Vivir en Corea. Inst\u00e1late r\u00e1pido. S\u00e9 listo.","publisher":{"@id":"https:\/\/allo-korea.com\/#organization"},"alternateName":"ALLO-KOREA","potentialAction":[{"@type":"SearchAction","target":{"@type":"EntryPoint","urlTemplate":"https:\/\/allo-korea.com\/?s={search_term_string}"},"query-input":{"@type":"PropertyValueSpecification","valueRequired":true,"valueName":"search_term_string"}}],"inLanguage":"es"},{"@type":"Organization","@id":"https:\/\/allo-korea.com\/#organization","name":"ALLO COREA","url":"https:\/\/allo-korea.com\/","logo":{"@type":"ImageObject","inLanguage":"es","@id":"https:\/\/allo-korea.com\/#\/schema\/logo\/image\/","url":"https:\/\/i0.wp.com\/allo-korea.com\/wp-content\/uploads\/2025\/03\/%EC%A0%9C%EB%AA%A9%EC%9D%84-%EC%9E%85%EB%A0%A5%ED%95%B4%EC%A3%BC%EC%84%B8%EC%9A%94__%EB%B3%B5%EC%82%AC%EB%B3%B8-1-001-2.png?fit=2518%2C480&ssl=1","contentUrl":"https:\/\/i0.wp.com\/allo-korea.com\/wp-content\/uploads\/2025\/03\/%EC%A0%9C%EB%AA%A9%EC%9D%84-%EC%9E%85%EB%A0%A5%ED%95%B4%EC%A3%BC%EC%84%B8%EC%9A%94__%EB%B3%B5%EC%82%AC%EB%B3%B8-1-001-2.png?fit=2518%2C480&ssl=1","width":2518,"height":480,"caption":"ALLO KOREA"},"image":{"@id":"https:\/\/allo-korea.com\/#\/schema\/logo\/image\/"},"description":"M\u00fadate a Corea o estudia en Corea sin estr\u00e9s. ALLO KOREA se ocupa de tu visado, alojamiento, banco, tel\u00e9fono y ARC, para que puedas empezar a vivir libremente desde el primer d\u00eda.","email":"contact@allo-korea.com","legalName":"ALLO KOREA","foundingDate":"2025-05-01","vatID":"776-81-03840","taxID":"776-81-03840","duns":"696339103","numberOfEmployees":{"@type":"QuantitativeValue","minValue":"1","maxValue":"10"}}]}},"jetpack_publicize_connections":[],"jetpack_likes_enabled":true,"jetpack_sharing_enabled":true,"_links":{"self":[{"href":"https:\/\/allo-korea.com\/es\/wp-json\/wp\/v2\/product\/13797","targetHints":{"allow":["GET"]}}],"collection":[{"href":"https:\/\/allo-korea.com\/es\/wp-json\/wp\/v2\/product"}],"about":[{"href":"https:\/\/allo-korea.com\/es\/wp-json\/wp\/v2\/types\/product"}],"replies":[{"embeddable":true,"href":"https:\/\/allo-korea.com\/es\/wp-json\/wp\/v2\/comments?post=13797"}],"wp:featuredmedia":[{"embeddable":true,"href":"https:\/\/allo-korea.com\/es\/wp-json\/wp\/v2\/media\/13602"}],"wp:attachment":[{"href":"https:\/\/allo-korea.com\/es\/wp-json\/wp\/v2\/media?parent=13797"}],"wp:term":[{"taxonomy":"product_brand","embeddable":true,"href":"https:\/\/allo-korea.com\/es\/wp-json\/wp\/v2\/product_brand?post=13797"},{"taxonomy":"product_cat","embeddable":true,"href":"https:\/\/allo-korea.com\/es\/wp-json\/wp\/v2\/product_cat?post=13797"},{"taxonomy":"product_tag","embeddable":true,"href":"https:\/\/allo-korea.com\/es\/wp-json\/wp\/v2\/product_tag?post=13797"}],"curies":[{"name":"wp","href":"https:\/\/api.w.org\/{rel}","templated":true}]}}