{"id":11615,"date":"2025-12-30T22:41:43","date_gmt":"2025-12-30T13:41:43","guid":{"rendered":"https:\/\/allo-korea.com\/?post_type=product&#038;p=11615"},"modified":"2025-12-30T22:41:44","modified_gmt":"2025-12-30T13:41:44","slug":"mg-noryangjin","status":"publish","type":"product","link":"https:\/\/allo-korea.com\/es\/produit\/mg-noryangjin\/","title":{"rendered":"Noryangjin - M"},"content":{"rendered":"<div class=\"ak-map-wrap\"><iframe style=\"border: 0; border-radius: 28px;\" src=\"https:\/\/www.google.com\/maps\/embed?pb=!1m18!1m12!1m3!1d3164.81824024762!2d126.94322067642857!3d37.512204827240744!2m3!1f0!2f0!3f0!3m2!1i1024!2i768!4f13.1!3m3!1m2!1s0x357c9f67a141a377%3A0x30c36fd8a49894c3!2z7ISc7Jq47Yq567OE7IucIOuPmeyekeq1rCDrp4zslpHroZwxNOq4uCAzMQ!5e0!3m2!1sko!2skr!4v1767101760672!5m2!1sko!2skr\" width=\"600\" height=\"450\" allowfullscreen=\"allowfullscreen\"><br \/>\n<\/iframe><\/div>","protected":false},"excerpt":{"rendered":"<p style=\"margin: 0; font-size: 14px; font-weight: 900; color: #111; line-height: 1.15;\">\u20a9670,000 <span style=\"font-size: 12.5px; font-weight: 500; color: #777; line-height: 1.35;\"><span style=\"color: #bbb;\">| <\/span><\/span><span style=\"font-size: 12.5px; font-weight: 500; color: #777; line-height: 1.35;\"><span style=\"font-weight: bold; color: #999;\">Est\u00e1ndar <\/span><span style=\"color: #999999;\">(<\/span>\u2248 480 USD)<\/span><\/p>\n<p style=\"margin: 0; font-size: 14px; font-weight: 900; color: #111; line-height: 1.15;\">\u20a9720,000 <span style=\"font-size: 12.5px; font-weight: 500; color: #777; line-height: 1.35;\"><span style=\"color: #bbb;\">| <\/span><\/span><span style=\"font-size: 12.5px; font-weight: 500; color: #777; line-height: 1.35;\"><span style=\"font-weight: bold; color: #999;\">Deluxe <\/span><span style=\"color: #999999;\">(<\/span>\u2248 515 USD)<\/span><\/p>\n<p style=\"margin: 0; font-size: 14px; font-weight: 900; color: #111; line-height: 1.15;\">\u20a9820,000 <span style=\"font-size: 12.5px; font-weight: 500; color: #777; line-height: 1.35;\"><span style=\"color: #bbb;\">| <\/span><\/span><span style=\"font-size: 12.5px; font-weight: 500; color: #777; line-height: 1.35;\"><span style=\"font-weight: bold; color: #999;\">Suite <\/span><span style=\"color: #999999;\">(<\/span>\u2248 585 USD)<\/span><\/p>\n<p style=\"margin: 0; font-size: 12.8px; color: #666;\"><span style=\"color: #000000;\">Dep\u00f3sito<\/span> <span style=\"color: #000000;\">$150<\/span> <span style=\"color: #888;\">(Reembolsable)<\/span><\/p>","protected":false},"featured_media":11616,"comment_status":"open","ping_status":"closed","template":"","meta":{"_crdt_document":"","jetpack_publicize_message":"","jetpack_publicize_feature_enabled":true,"jetpack_social_post_already_shared":true,"jetpack_social_options":{"image_generator_settings":{"template":"highway","default_image_id":0,"font":"","enabled":false},"version":2},"_wpas_customize_per_network":false},"product_brand":[],"product_cat":[1449],"product_tag":[1443,1453],"class_list":{"0":"post-11615","1":"product","2":"type-product","3":"status-publish","4":"has-post-thumbnail","6":"product_cat-mg-accommodation","7":"product_tag-uni-cau","8":"product_tag-sta-noryangjin","10":"first","11":"instock","12":"virtual","13":"purchasable","14":"product-type-simple"},"yoast_head":"<!-- This site is optimized with the Yoast SEO Premium plugin v24.7 (Yoast SEO v27.4) - https:\/\/yoast.com\/product\/yoast-seo-premium-wordpress\/ -->\n<title>Noryangjin - M - ALLO KOREA<\/title>\n<meta name=\"robots\" content=\"index, follow, max-snippet:-1, max-image-preview:large, max-video-preview:-1\" \/>\n<link rel=\"canonical\" href=\"https:\/\/allo-korea.com\/es\/produit\/mg-noryangjin\/\" \/>\n<meta property=\"og:locale\" content=\"es_ES\" \/>\n<meta property=\"og:type\" content=\"article\" \/>\n<meta property=\"og:title\" content=\"Noryangjin - M\" \/>\n<meta property=\"og:description\" content=\"\u20a9670,000 | Standard (\u2248 USD 480) \u20a9720,000 | Deluxe (\u2248 USD 515) \u20a9820,000 | Suite (\u2248 USD 585) Deposit $150 (Refundable)\" \/>\n<meta property=\"og:url\" content=\"https:\/\/allo-korea.com\/es\/produit\/mg-noryangjin\/\" \/>\n<meta property=\"og:site_name\" content=\"ALLO KOREA\" \/>\n<meta property=\"article:modified_time\" content=\"2025-12-30T13:41:44+00:00\" \/>\n<meta property=\"og:image\" content=\"https:\/\/allo-korea.com\/wp-content\/uploads\/2025\/12\/1-6.webp\" \/>\n\t<meta property=\"og:image:width\" content=\"1280\" \/>\n\t<meta property=\"og:image:height\" content=\"960\" \/>\n\t<meta property=\"og:image:type\" content=\"image\/webp\" \/>\n<meta name=\"twitter:card\" content=\"summary_large_image\" \/>\n<meta name=\"twitter:label1\" content=\"Tiempo de lectura\" \/>\n\t<meta name=\"twitter:data1\" content=\"1 minuto\" \/>\n<script type=\"application\/ld+json\" class=\"yoast-schema-graph\">{\"@context\":\"https:\\\/\\\/schema.org\",\"@graph\":[{\"@type\":\"WebPage\",\"@id\":\"https:\\\/\\\/allo-korea.com\\\/produit\\\/mg-noryangjin\\\/\",\"url\":\"https:\\\/\\\/allo-korea.com\\\/produit\\\/mg-noryangjin\\\/\",\"name\":\"Noryangjin - M - ALLO KOREA\",\"isPartOf\":{\"@id\":\"https:\\\/\\\/allo-korea.com\\\/#website\"},\"primaryImageOfPage\":{\"@id\":\"https:\\\/\\\/allo-korea.com\\\/produit\\\/mg-noryangjin\\\/#primaryimage\"},\"image\":{\"@id\":\"https:\\\/\\\/allo-korea.com\\\/produit\\\/mg-noryangjin\\\/#primaryimage\"},\"thumbnailUrl\":\"https:\\\/\\\/i0.wp.com\\\/allo-korea.com\\\/wp-content\\\/uploads\\\/2025\\\/12\\\/1-6.webp?fit=1280%2C960&ssl=1\",\"datePublished\":\"2025-12-30T13:41:43+00:00\",\"dateModified\":\"2025-12-30T13:41:44+00:00\",\"breadcrumb\":{\"@id\":\"https:\\\/\\\/allo-korea.com\\\/produit\\\/mg-noryangjin\\\/#breadcrumb\"},\"inLanguage\":\"es\",\"potentialAction\":[{\"@type\":\"ReadAction\",\"target\":[\"https:\\\/\\\/allo-korea.com\\\/produit\\\/mg-noryangjin\\\/\"]}]},{\"@type\":\"ImageObject\",\"inLanguage\":\"es\",\"@id\":\"https:\\\/\\\/allo-korea.com\\\/produit\\\/mg-noryangjin\\\/#primaryimage\",\"url\":\"https:\\\/\\\/i0.wp.com\\\/allo-korea.com\\\/wp-content\\\/uploads\\\/2025\\\/12\\\/1-6.webp?fit=1280%2C960&ssl=1\",\"contentUrl\":\"https:\\\/\\\/i0.wp.com\\\/allo-korea.com\\\/wp-content\\\/uploads\\\/2025\\\/12\\\/1-6.webp?fit=1280%2C960&ssl=1\",\"width\":1280,\"height\":960},{\"@type\":\"BreadcrumbList\",\"@id\":\"https:\\\/\\\/allo-korea.com\\\/produit\\\/mg-noryangjin\\\/#breadcrumb\",\"itemListElement\":[{\"@type\":\"ListItem\",\"position\":1,\"name\":\"Accueil\",\"item\":\"https:\\\/\\\/allo-korea.com\\\/\"},{\"@type\":\"ListItem\",\"position\":2,\"name\":\"500+ Verified Student Reports | ALLO KOREA\",\"item\":\"https:\\\/\\\/allo-korea.com\\\/archives\\\/\"},{\"@type\":\"ListItem\",\"position\":3,\"name\":\"Noryangjin &#8211; M\"}]},{\"@type\":\"WebSite\",\"@id\":\"https:\\\/\\\/allo-korea.com\\\/#website\",\"url\":\"https:\\\/\\\/allo-korea.com\\\/\",\"name\":\"ALLO-KOREA | Vivre et \u00c9tudier en Cor\u00e9e \u2013 Logement, Visa, Services\",\"description\":\"Live in Korea. Settle Fast. Stay Smart.\",\"publisher\":{\"@id\":\"https:\\\/\\\/allo-korea.com\\\/#organization\"},\"alternateName\":\"ALLO-KOREA\",\"potentialAction\":[{\"@type\":\"SearchAction\",\"target\":{\"@type\":\"EntryPoint\",\"urlTemplate\":\"https:\\\/\\\/allo-korea.com\\\/?s={search_term_string}\"},\"query-input\":{\"@type\":\"PropertyValueSpecification\",\"valueRequired\":true,\"valueName\":\"search_term_string\"}}],\"inLanguage\":\"es\"},{\"@type\":\"Organization\",\"@id\":\"https:\\\/\\\/allo-korea.com\\\/#organization\",\"name\":\"ALLO KOREA\",\"url\":\"https:\\\/\\\/allo-korea.com\\\/\",\"logo\":{\"@type\":\"ImageObject\",\"inLanguage\":\"es\",\"@id\":\"https:\\\/\\\/allo-korea.com\\\/#\\\/schema\\\/logo\\\/image\\\/\",\"url\":\"https:\\\/\\\/i0.wp.com\\\/allo-korea.com\\\/wp-content\\\/uploads\\\/2025\\\/03\\\/%EC%A0%9C%EB%AA%A9%EC%9D%84-%EC%9E%85%EB%A0%A5%ED%95%B4%EC%A3%BC%EC%84%B8%EC%9A%94__%EB%B3%B5%EC%82%AC%EB%B3%B8-1-001-2.png?fit=2518%2C480&ssl=1\",\"contentUrl\":\"https:\\\/\\\/i0.wp.com\\\/allo-korea.com\\\/wp-content\\\/uploads\\\/2025\\\/03\\\/%EC%A0%9C%EB%AA%A9%EC%9D%84-%EC%9E%85%EB%A0%A5%ED%95%B4%EC%A3%BC%EC%84%B8%EC%9A%94__%EB%B3%B5%EC%82%AC%EB%B3%B8-1-001-2.png?fit=2518%2C480&ssl=1\",\"width\":2518,\"height\":480,\"caption\":\"ALLO KOREA\"},\"image\":{\"@id\":\"https:\\\/\\\/allo-korea.com\\\/#\\\/schema\\\/logo\\\/image\\\/\"},\"description\":\"Move to Korea or study in Korea without the stress. ALLO KOREA handles your visa, housing, bank, phone, and ARC \u2014 helping you start living freely from day one.\",\"email\":\"contact@allo-korea.com\",\"legalName\":\"ALLO KOREA\",\"foundingDate\":\"2025-05-01\",\"vatID\":\"776-81-03840\",\"taxID\":\"776-81-03840\",\"duns\":\"696339103\",\"numberOfEmployees\":{\"@type\":\"QuantitativeValue\",\"minValue\":\"1\",\"maxValue\":\"10\"}}]}<\/script>\n<!-- \/ Yoast SEO Premium plugin. -->","yoast_head_json":{"title":"Noryangjin - M - ALLO COREA","robots":{"index":"index","follow":"follow","max-snippet":"max-snippet:-1","max-image-preview":"max-image-preview:large","max-video-preview":"max-video-preview:-1"},"canonical":"https:\/\/allo-korea.com\/es\/produit\/mg-noryangjin\/","og_locale":"es_ES","og_type":"article","og_title":"Noryangjin - M","og_description":"\u20a9670,000 | Standard (\u2248 USD 480) \u20a9720,000 | Deluxe (\u2248 USD 515) \u20a9820,000 | Suite (\u2248 USD 585) Deposit $150 (Refundable)","og_url":"https:\/\/allo-korea.com\/es\/produit\/mg-noryangjin\/","og_site_name":"ALLO KOREA","article_modified_time":"2025-12-30T13:41:44+00:00","og_image":[{"width":1280,"height":960,"url":"https:\/\/allo-korea.com\/wp-content\/uploads\/2025\/12\/1-6.webp","type":"image\/webp"}],"twitter_card":"summary_large_image","twitter_misc":{"Tiempo de lectura":"1 minuto"},"schema":{"@context":"https:\/\/schema.org","@graph":[{"@type":"WebPage","@id":"https:\/\/allo-korea.com\/produit\/mg-noryangjin\/","url":"https:\/\/allo-korea.com\/produit\/mg-noryangjin\/","name":"Noryangjin - M - ALLO COREA","isPartOf":{"@id":"https:\/\/allo-korea.com\/#website"},"primaryImageOfPage":{"@id":"https:\/\/allo-korea.com\/produit\/mg-noryangjin\/#primaryimage"},"image":{"@id":"https:\/\/allo-korea.com\/produit\/mg-noryangjin\/#primaryimage"},"thumbnailUrl":"https:\/\/i0.wp.com\/allo-korea.com\/wp-content\/uploads\/2025\/12\/1-6.webp?fit=1280%2C960&ssl=1","datePublished":"2025-12-30T13:41:43+00:00","dateModified":"2025-12-30T13:41:44+00:00","breadcrumb":{"@id":"https:\/\/allo-korea.com\/produit\/mg-noryangjin\/#breadcrumb"},"inLanguage":"es","potentialAction":[{"@type":"ReadAction","target":["https:\/\/allo-korea.com\/produit\/mg-noryangjin\/"]}]},{"@type":"ImageObject","inLanguage":"es","@id":"https:\/\/allo-korea.com\/produit\/mg-noryangjin\/#primaryimage","url":"https:\/\/i0.wp.com\/allo-korea.com\/wp-content\/uploads\/2025\/12\/1-6.webp?fit=1280%2C960&ssl=1","contentUrl":"https:\/\/i0.wp.com\/allo-korea.com\/wp-content\/uploads\/2025\/12\/1-6.webp?fit=1280%2C960&ssl=1","width":1280,"height":960},{"@type":"BreadcrumbList","@id":"https:\/\/allo-korea.com\/produit\/mg-noryangjin\/#breadcrumb","itemListElement":[{"@type":"ListItem","position":1,"name":"Accueil","item":"https:\/\/allo-korea.com\/"},{"@type":"ListItem","position":2,"name":"500+ Verified Student Reports | ALLO KOREA","item":"https:\/\/allo-korea.com\/archives\/"},{"@type":"ListItem","position":3,"name":"Noryangjin &#8211; M"}]},{"@type":"WebSite","@id":"https:\/\/allo-korea.com\/#website","url":"https:\/\/allo-korea.com\/","name":"ALLO-KOREA | Vivir y estudiar en Corea - Logement, Visa, Services","description":"Vivir en Corea. Inst\u00e1late r\u00e1pido. S\u00e9 listo.","publisher":{"@id":"https:\/\/allo-korea.com\/#organization"},"alternateName":"ALLO-KOREA","potentialAction":[{"@type":"SearchAction","target":{"@type":"EntryPoint","urlTemplate":"https:\/\/allo-korea.com\/?s={search_term_string}"},"query-input":{"@type":"PropertyValueSpecification","valueRequired":true,"valueName":"search_term_string"}}],"inLanguage":"es"},{"@type":"Organization","@id":"https:\/\/allo-korea.com\/#organization","name":"ALLO COREA","url":"https:\/\/allo-korea.com\/","logo":{"@type":"ImageObject","inLanguage":"es","@id":"https:\/\/allo-korea.com\/#\/schema\/logo\/image\/","url":"https:\/\/i0.wp.com\/allo-korea.com\/wp-content\/uploads\/2025\/03\/%EC%A0%9C%EB%AA%A9%EC%9D%84-%EC%9E%85%EB%A0%A5%ED%95%B4%EC%A3%BC%EC%84%B8%EC%9A%94__%EB%B3%B5%EC%82%AC%EB%B3%B8-1-001-2.png?fit=2518%2C480&ssl=1","contentUrl":"https:\/\/i0.wp.com\/allo-korea.com\/wp-content\/uploads\/2025\/03\/%EC%A0%9C%EB%AA%A9%EC%9D%84-%EC%9E%85%EB%A0%A5%ED%95%B4%EC%A3%BC%EC%84%B8%EC%9A%94__%EB%B3%B5%EC%82%AC%EB%B3%B8-1-001-2.png?fit=2518%2C480&ssl=1","width":2518,"height":480,"caption":"ALLO KOREA"},"image":{"@id":"https:\/\/allo-korea.com\/#\/schema\/logo\/image\/"},"description":"M\u00fadate a Corea o estudia en Corea sin estr\u00e9s. ALLO KOREA se ocupa de tu visado, alojamiento, banco, tel\u00e9fono y ARC, para que puedas empezar a vivir libremente desde el primer d\u00eda.","email":"contact@allo-korea.com","legalName":"ALLO KOREA","foundingDate":"2025-05-01","vatID":"776-81-03840","taxID":"776-81-03840","duns":"696339103","numberOfEmployees":{"@type":"QuantitativeValue","minValue":"1","maxValue":"10"}}]}},"jetpack_publicize_connections":[],"jetpack_likes_enabled":true,"jetpack_sharing_enabled":true,"_links":{"self":[{"href":"https:\/\/allo-korea.com\/es\/wp-json\/wp\/v2\/product\/11615","targetHints":{"allow":["GET"]}}],"collection":[{"href":"https:\/\/allo-korea.com\/es\/wp-json\/wp\/v2\/product"}],"about":[{"href":"https:\/\/allo-korea.com\/es\/wp-json\/wp\/v2\/types\/product"}],"replies":[{"embeddable":true,"href":"https:\/\/allo-korea.com\/es\/wp-json\/wp\/v2\/comments?post=11615"}],"wp:featuredmedia":[{"embeddable":true,"href":"https:\/\/allo-korea.com\/es\/wp-json\/wp\/v2\/media\/11616"}],"wp:attachment":[{"href":"https:\/\/allo-korea.com\/es\/wp-json\/wp\/v2\/media?parent=11615"}],"wp:term":[{"taxonomy":"product_brand","embeddable":true,"href":"https:\/\/allo-korea.com\/es\/wp-json\/wp\/v2\/product_brand?post=11615"},{"taxonomy":"product_cat","embeddable":true,"href":"https:\/\/allo-korea.com\/es\/wp-json\/wp\/v2\/product_cat?post=11615"},{"taxonomy":"product_tag","embeddable":true,"href":"https:\/\/allo-korea.com\/es\/wp-json\/wp\/v2\/product_tag?post=11615"}],"curies":[{"name":"wp","href":"https:\/\/api.w.org\/{rel}","templated":true}]}}