{"id":7375,"date":"2025-10-16T19:44:13","date_gmt":"2025-10-16T10:44:13","guid":{"rendered":"https:\/\/allo-korea.com\/?page_id=7375"},"modified":"2025-10-16T19:46:19","modified_gmt":"2025-10-16T10:46:19","slug":"jp-policy","status":"publish","type":"page","link":"https:\/\/allo-korea.com\/es\/jp-policy\/","title":{"rendered":"ALLO KOREA | \u7279\u5b9a\u5546\u53d6\u5f15\u6cd5\u306b\u57fa\u3065\u304f\u8868\u8a18"},"content":{"rendered":"<div data-elementor-type=\"wp-page\" data-elementor-id=\"7375\" class=\"elementor elementor-7375\" data-elementor-post-type=\"page\">\n\t\t\t\t<div data-particle_enable=\"false\" data-particle-mobile-disabled=\"false\" class=\"elementor-element elementor-element-131b643 e-flex e-con-boxed e-con e-parent\" data-id=\"131b643\" data-element_type=\"container\" data-e-type=\"container\" data-settings=\"{&quot;background_background&quot;:&quot;classic&quot;}\">\n\t\t\t\t\t<div class=\"e-con-inner\">\n\t\t\t\t<div class=\"elementor-element elementor-element-e58d0f5 elementor-widget elementor-widget-image\" data-id=\"e58d0f5\" data-element_type=\"widget\" data-e-type=\"widget\" data-widget_type=\"image.default\">\n\t\t\t\t\t\t\t\t\t\t\t\t\t\t\t<img fetchpriority=\"high\" decoding=\"async\" width=\"800\" height=\"152\" src=\"https:\/\/i0.wp.com\/allo-korea.com\/wp-content\/uploads\/2025\/03\/%EC%A0%9C%EB%AA%A9%EC%9D%84-%EC%9E%85%EB%A0%A5%ED%95%B4%EC%A3%BC%EC%84%B8%EC%9A%94__%EB%B3%B5%EC%82%AC%EB%B3%B8-1-001-2.png?fit=800%2C152&amp;ssl=1\" class=\"attachment-large size-large wp-image-33\" alt=\"allokorea-logo\" \/>\t\t\t\t\t\t\t\t\t\t\t\t\t\t\t<\/div>\n\t\t\t\t<div class=\"elementor-element elementor-element-09cbe48 elementor-widget elementor-widget-heading\" data-id=\"09cbe48\" data-element_type=\"widget\" data-e-type=\"widget\" data-widget_type=\"heading.default\">\n\t\t\t\t\t<h2 class=\"elementor-heading-title elementor-size-default\">\u7279\u5b9a\u5546\u53d6\u5f15\u6cd5\u306b\u57fa\u3065\u304f\u8868\u8a18<\/h2>\t\t\t\t<\/div>\n\t\t\t\t<div class=\"elementor-element elementor-element-95247df elementor-widget elementor-widget-text-editor\" data-id=\"95247df\" data-element_type=\"widget\" data-e-type=\"widget\" data-widget_type=\"text-editor.default\">\n\t\t\t\t\t\t\t\t\t<p><style><span data-mce-type=\"bookmark\" style=\"display: inline-block; width: 0px; overflow: hidden; line-height: 0;\" class=\"mce_SELRES_start\">\ufeff<\/span><br \/>.tokushoho-table {<br \/>  width: 100%;<br \/>  border-collapse: collapse;<br \/>  font-family: 'Pretendard', sans-serif;<br \/>  font-size: 15px;<br \/>  line-height: 1.8;<br \/>}<br \/>.tokushoho-table th, .tokushoho-table td {<br \/>  border: 1px solid #ddd;<br \/>  padding: 12px 16px;<br \/>  vertical-align: top;<br \/>}<br \/>.tokushoho-table th {<br \/>  width: 25%;<br \/>  background-color: #f9f9f9;<br \/>  font-weight: 600;<br \/>  text-align: left;<br \/>}<br \/>.tokushoho-table td {<br \/>  background-color: #fff;<br \/>}<br \/>.tokushoho-table a {<br \/>  color: #0078ff;<br \/>  text-decoration: none;<br \/>}<br \/>.tokushoho-table a:hover {<br \/>  text-decoration: underline;<br \/>}<br \/><\/style><\/p><table class=\"tokushoho-table\"><tbody><tr><th>\u8ca9\u58f2\u696d\u8005<\/th><td>\u682a\u5f0f\u4f1a\u793e<span lang=\"EN-US\">KG Inicis Jap\u00f3n<\/span><\/td><\/tr><tr><th>\u904b\u55b6\u8cac\u4efb\u8005<\/th><td>\u30ad\u30e0\u30fb\u30b8\u30e5\u30f3\u30a6<\/td><\/tr><tr><th>\u6240\u5728\u5730<\/th><td><u><span lang=\"EN-US\"><a id=\"m_7152004977711597264m_7161116186615602197m_3562303523002545304m_4249831950798158498OWA3da89b5a-cb0b-6a1f-cada-0f4491806197\" href=\"https:\/\/www.google.com\/maps\/search\/%E6%9D%B1%E4%BA%AC%E9%83%BD%E6%B8%AF%E5%8C%BA%E6%96%B0%E6%A9%8B%EF%BC%92%E4%B8%81%E7%9B%AE%EF%BC%91%E7%95%AA%EF%BC%91%EF%BC%90%E5%8F%B7?entry=gmail&amp;source=g\" target=\"_blank\" rel=\"noopener\" data-saferedirecturl=\"https:\/\/www.google.com\/url?q=https:\/\/www.google.com\/maps\/search\/%25E6%259D%25B1%25E4%25BA%25AC%25E9%2583%25BD%25E6%25B8%25AF%25E5%258C%25BA%25E6%2596%25B0%25E6%25A9%258B%25EF%25BC%2592%25E4%25B8%2581%25E7%259B%25AE%25EF%25BC%2591%25E7%2595%25AA%25EF%25BC%2591%25EF%25BC%2590%25E5%258F%25B7?entry%3Dgmail%26source%3Dg&amp;source=gmail&amp;ust=1760695157661000&amp;usg=AOvVaw2mnYejCJVquxFas_BafOU3\">\u6771\u4eac\u90fd\u6e2f\u533a\u65b0\u6a4b\uff12\u4e01\u76ee\uff11\u756a\uff11\uff10\u53f7<\/a><\/span><\/u><\/td><\/tr><tr><th>\u96fb\u8a71\u756a\u53f7<\/th><td>03-3508-2070<\/td><\/tr><tr><th>\u30e1\u30fc\u30eb\u30a2\u30c9\u30ec\u30b9<\/th><td><a href=\"mailto:contact@allo-korea.com\">contact@allo-korea.com<\/a><\/td><\/tr><tr><th>\u30db\u30fc\u30e0\u30da\u30fc\u30b8<\/th><td><a href=\"https:\/\/allo-korea.com\/es\/\" target=\"_blank\" rel=\"noopener noreferrer\">https:\/\/allo-korea.com<\/a><\/td><\/tr><tr><th>\u30b5\u30a4\u30c8\u540d<\/th><td>ALLO KOREA\uff08\u30a2\u30ed\u30b3\u30ea\u30a2\uff09<\/td><\/tr><tr><th>\u8ca9\u58f2\u4fa1\u683c<\/th><td>\u5404\u30b5\u30fc\u30d3\u30b9\u30da\u30fc\u30b8\u306b\u8a18\u8f09\u3055\u308c\u305f\u91d1\u984d\u3092\u3054\u78ba\u8a8d\u304f\u3060\u3055\u3044\u3002<br data-start=\"107\" data-end=\"110\" \/>\u8868\u793a\u4fa1\u683c\u306b\u306f\u6d88\u8cbb\u7a0e\u304a\u3088\u3073\u3059\u3079\u3066\u306e\u624b\u6570\u6599\u304c\u542b\u307e\u308c\u3066\u3044\u307e\u3059\u3002<\/td><\/tr><tr><th>\u5546\u54c1\u4ee5\u5916\u306e\u5fc5\u8981\u6599\u91d1<\/th><td>\u304a\u5ba2\u69d8\u306f\u8ffd\u52a0\u6599\u91d1\u3092\u652f\u6255\u3046\u5fc5\u8981\u306f\u3042\u308a\u307e\u305b\u3093\u3002<br \/>\u30a6\u30a7\u30d6\u30b5\u30a4\u30c8\u4fa1\u683c\u306b\u306f\u3001\u3059\u3079\u3066\u306e\u7a0e\u91d1\u304a\u3088\u3073\u305d\u306e\u4ed6\u306e\u6599\u91d1\u304c\u542b\u307e\u308c\u3066\u3044\u307e\u3059\u3002<\/td><\/tr><tr><th>\u304a\u652f\u6255\u3044\u65b9\u6cd5<\/th><td>\u30af\u30ec\u30b8\u30c3\u30c8\u30ab\u30fc\u30c9\u3001PayPal\u3001\u307e\u305f\u306f\u6307\u5b9a\u306e\u30aa\u30f3\u30e9\u30a4\u30f3\u6c7a\u6e08\u30b5\u30fc\u30d3\u30b9\u3002<\/td><\/tr><tr><th>\u304a\u652f\u6255\u3044\u671f\u9650<\/th><td>\u3054\u6ce8\u6587\u6642\u306b\u5373\u6642\u6c7a\u6e08\u304c\u884c\u308f\u308c\u307e\u3059\u3002<\/td><\/tr><tr><th>\u30b5\u30fc\u30d3\u30b9\u63d0\u4f9b\u6642\u671f<\/th><td>\u3054\u5165\u91d1\u78ba\u8a8d\u5f8c\u3001\u62c5\u5f53\u8005\u3088\u308a\u6848\u5185\u30e1\u30fc\u30eb\u3092\u9001\u4fe1\u3057\u3001\u624b\u7d9a\u304d\u304c\u958b\u59cb\u3055\u308c\u307e\u3059\u3002<\/td><\/tr><tr><th>\u30ad\u30e3\u30f3\u30bb\u30eb\u30fb\u8fd4\u91d1\u306b\u3064\u3044\u3066<\/th><td>\u30b5\u30fc\u30d3\u30b9\u306e\u6027\u8cea\u4e0a\u3001\u539f\u5247\u3068\u3057\u3066\u304a\u652f\u6255\u3044\u5f8c\u306e\u30ad\u30e3\u30f3\u30bb\u30eb\u30fb\u8fd4\u91d1\u306f\u3067\u304d\u307e\u305b\u3093\u3002<br \/>\u305f\u3060\u3057\u3001ALLO KOREA\u5074\u306e\u90fd\u5408\u306b\u3088\u308b\u30b5\u30fc\u30d3\u30b9\u63d0\u4f9b\u4e2d\u6b62\u304c\u767a\u751f\u3057\u305f\u5834\u5408\u306f\u3001\u5168\u984d\u8fd4\u91d1\u3044\u305f\u3057\u307e\u3059\u3002<\/td><\/tr><\/tbody><\/table>\t\t\t\t\t\t\t\t<\/div>\n\t\t\t\t\t<\/div>\n\t\t\t\t<\/div>\n\t\t\t\t<\/div>","protected":false},"excerpt":{"rendered":"<p>\u7279\u5b9a\u5546\u53d6\u5f15\u6cd5\u306b\u57fa\u3065\u304f\u8868\u8a18<\/p>","protected":false},"author":263901211,"featured_media":3505,"parent":0,"menu_order":0,"comment_status":"closed","ping_status":"closed","template":"","meta":{"_crdt_document":"","footnotes":""},"class_list":["post-7375","page","type-page","status-publish","has-post-thumbnail","hentry"],"yoast_head":"<!-- This site is optimized with the Yoast SEO Premium plugin v24.7 (Yoast SEO v27.4) - https:\/\/yoast.com\/product\/yoast-seo-premium-wordpress\/ -->\n<title>Politique de confidentialit\u00e9 Allo Korea<\/title>\n<meta name=\"description\" content=\"Ceci est la page de la politique de confidentialit\u00e9 d\u2019Allo Korea. Nous accordons la priorit\u00e9 \u00e0 la protection de vos donn\u00e9es personnelles et expliquons les informations collect\u00e9es, leur utilisation, la dur\u00e9e de conservation et l\u2019utilisation des cookies.\" \/>\n<meta name=\"robots\" content=\"index, follow, max-snippet:-1, max-image-preview:large, max-video-preview:-1\" \/>\n<link rel=\"canonical\" href=\"https:\/\/allo-korea.com\/es\/jp-policy\/\" \/>\n<meta property=\"og:locale\" content=\"es_ES\" \/>\n<meta property=\"og:type\" content=\"article\" \/>\n<meta property=\"og:title\" content=\"ALLO KOREA | \u7279\u5b9a\u5546\u53d6\u5f15\u6cd5\u306b\u57fa\u3065\u304f\u8868\u8a18\" \/>\n<meta property=\"og:description\" content=\"Ceci est la page de la politique de confidentialit\u00e9 d\u2019Allo Korea. Nous accordons la priorit\u00e9 \u00e0 la protection de vos donn\u00e9es personnelles et expliquons les informations collect\u00e9es, leur utilisation, la dur\u00e9e de conservation et l\u2019utilisation des cookies.\" \/>\n<meta property=\"og:url\" content=\"https:\/\/allo-korea.com\/es\/jp-policy\/\" \/>\n<meta property=\"og:site_name\" content=\"ALLO KOREA\" \/>\n<meta property=\"article:modified_time\" content=\"2025-10-16T10:46:19+00:00\" \/>\n<meta property=\"og:image\" content=\"https:\/\/allo-korea.com\/wp-content\/uploads\/2025\/07\/\uc81c\ubaa9\uc744-\uc785\ub825\ud574\uc8fc\uc138\uc694__\ubcf5\uc0ac\ubcf8-2-001.png\" \/>\n\t<meta property=\"og:image:width\" content=\"1200\" \/>\n\t<meta property=\"og:image:height\" content=\"630\" \/>\n\t<meta property=\"og:image:type\" content=\"image\/png\" \/>\n<meta name=\"twitter:card\" content=\"summary_large_image\" \/>\n<meta name=\"twitter:label1\" content=\"Tiempo de lectura\" \/>\n\t<meta name=\"twitter:data1\" content=\"1 minuto\" \/>\n<script type=\"application\/ld+json\" class=\"yoast-schema-graph\">{\"@context\":\"https:\\\/\\\/schema.org\",\"@graph\":[{\"@type\":\"WebPage\",\"@id\":\"https:\\\/\\\/allo-korea.com\\\/fr\\\/jp-policy\\\/\",\"url\":\"https:\\\/\\\/allo-korea.com\\\/fr\\\/jp-policy\\\/\",\"name\":\"Politique de confidentialit\u00e9 Allo Korea\",\"isPartOf\":{\"@id\":\"https:\\\/\\\/allo-korea.com\\\/#website\"},\"primaryImageOfPage\":{\"@id\":\"https:\\\/\\\/allo-korea.com\\\/fr\\\/jp-policy\\\/#primaryimage\"},\"image\":{\"@id\":\"https:\\\/\\\/allo-korea.com\\\/fr\\\/jp-policy\\\/#primaryimage\"},\"thumbnailUrl\":\"https:\\\/\\\/i0.wp.com\\\/allo-korea.com\\\/wp-content\\\/uploads\\\/2025\\\/07\\\/%EC%A0%9C%EB%AA%A9%EC%9D%84-%EC%9E%85%EB%A0%A5%ED%95%B4%EC%A3%BC%EC%84%B8%EC%9A%94__%EB%B3%B5%EC%82%AC%EB%B3%B8-2-001.png?fit=1200%2C630&ssl=1\",\"datePublished\":\"2025-10-16T10:44:13+00:00\",\"dateModified\":\"2025-10-16T10:46:19+00:00\",\"description\":\"Ceci est la page de la politique de confidentialit\u00e9 d\u2019Allo Korea. Nous accordons la priorit\u00e9 \u00e0 la protection de vos donn\u00e9es personnelles et expliquons les informations collect\u00e9es, leur utilisation, la dur\u00e9e de conservation et l\u2019utilisation des cookies.\",\"breadcrumb\":{\"@id\":\"https:\\\/\\\/allo-korea.com\\\/fr\\\/jp-policy\\\/#breadcrumb\"},\"inLanguage\":\"es\",\"potentialAction\":[{\"@type\":\"ReadAction\",\"target\":[\"https:\\\/\\\/allo-korea.com\\\/fr\\\/jp-policy\\\/\"]}]},{\"@type\":\"ImageObject\",\"inLanguage\":\"es\",\"@id\":\"https:\\\/\\\/allo-korea.com\\\/fr\\\/jp-policy\\\/#primaryimage\",\"url\":\"https:\\\/\\\/i0.wp.com\\\/allo-korea.com\\\/wp-content\\\/uploads\\\/2025\\\/07\\\/%EC%A0%9C%EB%AA%A9%EC%9D%84-%EC%9E%85%EB%A0%A5%ED%95%B4%EC%A3%BC%EC%84%B8%EC%9A%94__%EB%B3%B5%EC%82%AC%EB%B3%B8-2-001.png?fit=1200%2C630&ssl=1\",\"contentUrl\":\"https:\\\/\\\/i0.wp.com\\\/allo-korea.com\\\/wp-content\\\/uploads\\\/2025\\\/07\\\/%EC%A0%9C%EB%AA%A9%EC%9D%84-%EC%9E%85%EB%A0%A5%ED%95%B4%EC%A3%BC%EC%84%B8%EC%9A%94__%EB%B3%B5%EC%82%AC%EB%B3%B8-2-001.png?fit=1200%2C630&ssl=1\",\"width\":1200,\"height\":630},{\"@type\":\"BreadcrumbList\",\"@id\":\"https:\\\/\\\/allo-korea.com\\\/fr\\\/jp-policy\\\/#breadcrumb\",\"itemListElement\":[{\"@type\":\"ListItem\",\"position\":1,\"name\":\"Accueil\",\"item\":\"https:\\\/\\\/allo-korea.com\\\/\"},{\"@type\":\"ListItem\",\"position\":2,\"name\":\"ALLO KOREA | \u7279\u5b9a\u5546\u53d6\u5f15\u6cd5\u306b\u57fa\u3065\u304f\u8868\u8a18\"}]},{\"@type\":\"WebSite\",\"@id\":\"https:\\\/\\\/allo-korea.com\\\/#website\",\"url\":\"https:\\\/\\\/allo-korea.com\\\/\",\"name\":\"ALLO-KOREA | Vivre et \u00c9tudier en Cor\u00e9e \u2013 Logement, Visa, Services\",\"description\":\"Live in Korea. Settle Fast. Stay Smart.\",\"publisher\":{\"@id\":\"https:\\\/\\\/allo-korea.com\\\/#organization\"},\"alternateName\":\"ALLO-KOREA\",\"potentialAction\":[{\"@type\":\"SearchAction\",\"target\":{\"@type\":\"EntryPoint\",\"urlTemplate\":\"https:\\\/\\\/allo-korea.com\\\/?s={search_term_string}\"},\"query-input\":{\"@type\":\"PropertyValueSpecification\",\"valueRequired\":true,\"valueName\":\"search_term_string\"}}],\"inLanguage\":\"es\"},{\"@type\":\"Organization\",\"@id\":\"https:\\\/\\\/allo-korea.com\\\/#organization\",\"name\":\"ALLO KOREA\",\"url\":\"https:\\\/\\\/allo-korea.com\\\/\",\"logo\":{\"@type\":\"ImageObject\",\"inLanguage\":\"es\",\"@id\":\"https:\\\/\\\/allo-korea.com\\\/#\\\/schema\\\/logo\\\/image\\\/\",\"url\":\"https:\\\/\\\/i0.wp.com\\\/allo-korea.com\\\/wp-content\\\/uploads\\\/2025\\\/03\\\/%EC%A0%9C%EB%AA%A9%EC%9D%84-%EC%9E%85%EB%A0%A5%ED%95%B4%EC%A3%BC%EC%84%B8%EC%9A%94__%EB%B3%B5%EC%82%AC%EB%B3%B8-1-001-2.png?fit=2518%2C480&ssl=1\",\"contentUrl\":\"https:\\\/\\\/i0.wp.com\\\/allo-korea.com\\\/wp-content\\\/uploads\\\/2025\\\/03\\\/%EC%A0%9C%EB%AA%A9%EC%9D%84-%EC%9E%85%EB%A0%A5%ED%95%B4%EC%A3%BC%EC%84%B8%EC%9A%94__%EB%B3%B5%EC%82%AC%EB%B3%B8-1-001-2.png?fit=2518%2C480&ssl=1\",\"width\":2518,\"height\":480,\"caption\":\"ALLO KOREA\"},\"image\":{\"@id\":\"https:\\\/\\\/allo-korea.com\\\/#\\\/schema\\\/logo\\\/image\\\/\"},\"description\":\"Move to Korea or study in Korea without the stress. ALLO KOREA handles your visa, housing, bank, phone, and ARC \u2014 helping you start living freely from day one.\",\"email\":\"contact@allo-korea.com\",\"legalName\":\"ALLO KOREA\",\"foundingDate\":\"2025-05-01\",\"vatID\":\"776-81-03840\",\"taxID\":\"776-81-03840\",\"duns\":\"696339103\",\"numberOfEmployees\":{\"@type\":\"QuantitativeValue\",\"minValue\":\"1\",\"maxValue\":\"10\"}}]}<\/script>\n<!-- \/ Yoast SEO Premium plugin. -->","yoast_head_json":{"title":"Pol\u00edtica de confidencialidad Allo Korea","description":"Esta es la p\u00e1gina de la pol\u00edtica de confidencialidad de Allo Korea. Damos prioridad a la protecci\u00f3n de sus datos personales y explicamos la informaci\u00f3n recopilada, su uso, el tiempo de conservaci\u00f3n y el uso de cookies.","robots":{"index":"index","follow":"follow","max-snippet":"max-snippet:-1","max-image-preview":"max-image-preview:large","max-video-preview":"max-video-preview:-1"},"canonical":"https:\/\/allo-korea.com\/es\/jp-policy\/","og_locale":"es_ES","og_type":"article","og_title":"ALLO KOREA | \u7279\u5b9a\u5546\u53d6\u5f15\u6cd5\u306b\u57fa\u3065\u304f\u8868\u8a18","og_description":"Ceci est la page de la politique de confidentialit\u00e9 d\u2019Allo Korea. Nous accordons la priorit\u00e9 \u00e0 la protection de vos donn\u00e9es personnelles et expliquons les informations collect\u00e9es, leur utilisation, la dur\u00e9e de conservation et l\u2019utilisation des cookies.","og_url":"https:\/\/allo-korea.com\/es\/jp-policy\/","og_site_name":"ALLO KOREA","article_modified_time":"2025-10-16T10:46:19+00:00","og_image":[{"width":1200,"height":630,"url":"https:\/\/allo-korea.com\/wp-content\/uploads\/2025\/07\/\uc81c\ubaa9\uc744-\uc785\ub825\ud574\uc8fc\uc138\uc694__\ubcf5\uc0ac\ubcf8-2-001.png","type":"image\/png"}],"twitter_card":"summary_large_image","twitter_misc":{"Tiempo de lectura":"1 minuto"},"schema":{"@context":"https:\/\/schema.org","@graph":[{"@type":"WebPage","@id":"https:\/\/allo-korea.com\/fr\/jp-policy\/","url":"https:\/\/allo-korea.com\/fr\/jp-policy\/","name":"Pol\u00edtica de confidencialidad Allo Korea","isPartOf":{"@id":"https:\/\/allo-korea.com\/#website"},"primaryImageOfPage":{"@id":"https:\/\/allo-korea.com\/fr\/jp-policy\/#primaryimage"},"image":{"@id":"https:\/\/allo-korea.com\/fr\/jp-policy\/#primaryimage"},"thumbnailUrl":"https:\/\/i0.wp.com\/allo-korea.com\/wp-content\/uploads\/2025\/07\/%EC%A0%9C%EB%AA%A9%EC%9D%84-%EC%9E%85%EB%A0%A5%ED%95%B4%EC%A3%BC%EC%84%B8%EC%9A%94__%EB%B3%B5%EC%82%AC%EB%B3%B8-2-001.png?fit=1200%2C630&ssl=1","datePublished":"2025-10-16T10:44:13+00:00","dateModified":"2025-10-16T10:46:19+00:00","description":"Esta es la p\u00e1gina de la pol\u00edtica de confidencialidad de Allo Korea. Damos prioridad a la protecci\u00f3n de sus datos personales y explicamos la informaci\u00f3n recopilada, su uso, el tiempo de conservaci\u00f3n y el uso de cookies.","breadcrumb":{"@id":"https:\/\/allo-korea.com\/fr\/jp-policy\/#breadcrumb"},"inLanguage":"es","potentialAction":[{"@type":"ReadAction","target":["https:\/\/allo-korea.com\/fr\/jp-policy\/"]}]},{"@type":"ImageObject","inLanguage":"es","@id":"https:\/\/allo-korea.com\/fr\/jp-policy\/#primaryimage","url":"https:\/\/i0.wp.com\/allo-korea.com\/wp-content\/uploads\/2025\/07\/%EC%A0%9C%EB%AA%A9%EC%9D%84-%EC%9E%85%EB%A0%A5%ED%95%B4%EC%A3%BC%EC%84%B8%EC%9A%94__%EB%B3%B5%EC%82%AC%EB%B3%B8-2-001.png?fit=1200%2C630&ssl=1","contentUrl":"https:\/\/i0.wp.com\/allo-korea.com\/wp-content\/uploads\/2025\/07\/%EC%A0%9C%EB%AA%A9%EC%9D%84-%EC%9E%85%EB%A0%A5%ED%95%B4%EC%A3%BC%EC%84%B8%EC%9A%94__%EB%B3%B5%EC%82%AC%EB%B3%B8-2-001.png?fit=1200%2C630&ssl=1","width":1200,"height":630},{"@type":"BreadcrumbList","@id":"https:\/\/allo-korea.com\/fr\/jp-policy\/#breadcrumb","itemListElement":[{"@type":"ListItem","position":1,"name":"Accueil","item":"https:\/\/allo-korea.com\/"},{"@type":"ListItem","position":2,"name":"ALLO KOREA | \u7279\u5b9a\u5546\u53d6\u5f15\u6cd5\u306b\u57fa\u3065\u304f\u8868\u8a18"}]},{"@type":"WebSite","@id":"https:\/\/allo-korea.com\/#website","url":"https:\/\/allo-korea.com\/","name":"ALLO-KOREA | Vivir y estudiar en Corea - Logement, Visa, Services","description":"Vivir en Corea. Inst\u00e1late r\u00e1pido. S\u00e9 listo.","publisher":{"@id":"https:\/\/allo-korea.com\/#organization"},"alternateName":"ALLO-KOREA","potentialAction":[{"@type":"SearchAction","target":{"@type":"EntryPoint","urlTemplate":"https:\/\/allo-korea.com\/?s={search_term_string}"},"query-input":{"@type":"PropertyValueSpecification","valueRequired":true,"valueName":"search_term_string"}}],"inLanguage":"es"},{"@type":"Organization","@id":"https:\/\/allo-korea.com\/#organization","name":"ALLO COREA","url":"https:\/\/allo-korea.com\/","logo":{"@type":"ImageObject","inLanguage":"es","@id":"https:\/\/allo-korea.com\/#\/schema\/logo\/image\/","url":"https:\/\/i0.wp.com\/allo-korea.com\/wp-content\/uploads\/2025\/03\/%EC%A0%9C%EB%AA%A9%EC%9D%84-%EC%9E%85%EB%A0%A5%ED%95%B4%EC%A3%BC%EC%84%B8%EC%9A%94__%EB%B3%B5%EC%82%AC%EB%B3%B8-1-001-2.png?fit=2518%2C480&ssl=1","contentUrl":"https:\/\/i0.wp.com\/allo-korea.com\/wp-content\/uploads\/2025\/03\/%EC%A0%9C%EB%AA%A9%EC%9D%84-%EC%9E%85%EB%A0%A5%ED%95%B4%EC%A3%BC%EC%84%B8%EC%9A%94__%EB%B3%B5%EC%82%AC%EB%B3%B8-1-001-2.png?fit=2518%2C480&ssl=1","width":2518,"height":480,"caption":"ALLO KOREA"},"image":{"@id":"https:\/\/allo-korea.com\/#\/schema\/logo\/image\/"},"description":"M\u00fadate a Corea o estudia en Corea sin estr\u00e9s. ALLO KOREA se ocupa de tu visado, alojamiento, banco, tel\u00e9fono y ARC, para que puedas empezar a vivir libremente desde el primer d\u00eda.","email":"contact@allo-korea.com","legalName":"ALLO KOREA","foundingDate":"2025-05-01","vatID":"776-81-03840","taxID":"776-81-03840","duns":"696339103","numberOfEmployees":{"@type":"QuantitativeValue","minValue":"1","maxValue":"10"}}]}},"jetpack_likes_enabled":true,"jetpack_sharing_enabled":true,"jetpack_shortlink":"https:\/\/wp.me\/PgrwzS-1UX","_links":{"self":[{"href":"https:\/\/allo-korea.com\/es\/wp-json\/wp\/v2\/pages\/7375","targetHints":{"allow":["GET"]}}],"collection":[{"href":"https:\/\/allo-korea.com\/es\/wp-json\/wp\/v2\/pages"}],"about":[{"href":"https:\/\/allo-korea.com\/es\/wp-json\/wp\/v2\/types\/page"}],"author":[{"embeddable":true,"href":"https:\/\/allo-korea.com\/es\/wp-json\/wp\/v2\/users\/263901211"}],"replies":[{"embeddable":true,"href":"https:\/\/allo-korea.com\/es\/wp-json\/wp\/v2\/comments?post=7375"}],"version-history":[{"count":0,"href":"https:\/\/allo-korea.com\/es\/wp-json\/wp\/v2\/pages\/7375\/revisions"}],"wp:featuredmedia":[{"embeddable":true,"href":"https:\/\/allo-korea.com\/es\/wp-json\/wp\/v2\/media\/3505"}],"wp:attachment":[{"href":"https:\/\/allo-korea.com\/es\/wp-json\/wp\/v2\/media?parent=7375"}],"curies":[{"name":"wp","href":"https:\/\/api.w.org\/{rel}","templated":true}]}}