{"id":8774,"date":"2025-10-30T19:07:33","date_gmt":"2025-10-30T10:07:33","guid":{"rendered":"https:\/\/allo-korea.com\/?page_id=8774"},"modified":"2026-01-28T17:05:57","modified_gmt":"2026-01-28T08:05:57","slug":"legal-notice","status":"publish","type":"page","link":"https:\/\/allo-korea.com\/en\/legal-notice\/","title":{"rendered":"ALLO KOREA Company Info"},"content":{"rendered":"\t\t<div data-elementor-type=\"wp-page\" data-elementor-id=\"8774\" class=\"elementor elementor-8774\" data-elementor-post-type=\"page\">\n\t\t\t\t<div data-particle_enable=\"false\" data-particle-mobile-disabled=\"false\" class=\"elementor-element elementor-element-131b643 e-flex e-con-boxed e-con e-parent\" data-id=\"131b643\" data-element_type=\"container\" data-e-type=\"container\" data-settings=\"{&quot;background_background&quot;:&quot;classic&quot;}\">\n\t\t\t\t\t<div class=\"e-con-inner\">\n\t\t\t\t<div class=\"elementor-element elementor-element-e58d0f5 elementor-widget elementor-widget-image\" data-id=\"e58d0f5\" data-element_type=\"widget\" data-e-type=\"widget\" data-widget_type=\"image.default\">\n\t\t\t\t\t\t\t\t\t\t\t\t\t\t\t<img fetchpriority=\"high\" decoding=\"async\" width=\"800\" height=\"152\" src=\"https:\/\/i0.wp.com\/allo-korea.com\/wp-content\/uploads\/2025\/03\/%EC%A0%9C%EB%AA%A9%EC%9D%84-%EC%9E%85%EB%A0%A5%ED%95%B4%EC%A3%BC%EC%84%B8%EC%9A%94__%EB%B3%B5%EC%82%AC%EB%B3%B8-1-001-2.png?fit=800%2C152&amp;ssl=1\" class=\"attachment-large size-large wp-image-33\" alt=\"allokorea-logo\" \/>\t\t\t\t\t\t\t\t\t\t\t\t\t\t\t<\/div>\n\t\t\t\t\t<\/div>\n\t\t\t\t<\/div>\n\t\t<div data-particle_enable=\"false\" data-particle-mobile-disabled=\"false\" class=\"elementor-element elementor-element-1eb119e e-grid e-con-boxed e-con e-child\" data-id=\"1eb119e\" data-element_type=\"container\" data-e-type=\"container\">\n\t\t\t\t\t<div class=\"e-con-inner\">\n\t\t\t\t<div class=\"elementor-element elementor-element-3431c02 elementor-widget elementor-widget-image\" data-id=\"3431c02\" data-element_type=\"widget\" data-e-type=\"widget\" data-widget_type=\"image.default\">\n\t\t\t\t\t\t\t\t\t\t\t\t\t\t\t<img decoding=\"async\" width=\"735\" height=\"1041\" src=\"https:\/\/i0.wp.com\/allo-korea.com\/wp-content\/uploads\/2026\/01\/0.webp?fit=735%2C1041&amp;ssl=1\" class=\"attachment-1536x1536 size-1536x1536 wp-image-12881\" alt=\"\" srcset=\"https:\/\/i0.wp.com\/allo-korea.com\/wp-content\/uploads\/2026\/01\/0.webp?w=735&amp;ssl=1 735w, https:\/\/i0.wp.com\/allo-korea.com\/wp-content\/uploads\/2026\/01\/0.webp?resize=212%2C300&amp;ssl=1 212w, https:\/\/i0.wp.com\/allo-korea.com\/wp-content\/uploads\/2026\/01\/0.webp?resize=723%2C1024&amp;ssl=1 723w, https:\/\/i0.wp.com\/allo-korea.com\/wp-content\/uploads\/2026\/01\/0.webp?resize=8%2C12&amp;ssl=1 8w, https:\/\/i0.wp.com\/allo-korea.com\/wp-content\/uploads\/2026\/01\/0.webp?resize=600%2C850&amp;ssl=1 600w, https:\/\/i0.wp.com\/allo-korea.com\/wp-content\/uploads\/2026\/01\/0.webp?resize=318%2C450&amp;ssl=1 318w\" sizes=\"(max-width: 735px) 100vw, 735px\" \/>\t\t\t\t\t\t\t\t\t\t\t\t\t\t\t<\/div>\n\t\t<div data-particle_enable=\"false\" data-particle-mobile-disabled=\"false\" class=\"elementor-element elementor-element-5518eef e-con-full e-flex e-con e-child\" data-id=\"5518eef\" data-element_type=\"container\" data-e-type=\"container\">\n\t\t\t\t<div class=\"elementor-element elementor-element-5297146 elementor-widget elementor-widget-heading\" data-id=\"5297146\" data-element_type=\"widget\" data-e-type=\"widget\" data-widget_type=\"heading.default\">\n\t\t\t\t\t<h2 class=\"elementor-heading-title elementor-size-default\">Company Information<\/h2>\t\t\t\t<\/div>\n\t\t\t\t<div class=\"elementor-element elementor-element-a596614 elementor-widget elementor-widget-text-editor\" data-id=\"a596614\" data-element_type=\"widget\" data-e-type=\"widget\" data-widget_type=\"text-editor.default\">\n\t\t\t\t\t\t\t\t\t<p data-start=\"83\" data-end=\"125\"><strong data-start=\"83\" data-end=\"99\">Company Name<\/strong><br data-start=\"99\" data-end=\"102\" \/>ALLO PARTNERS Co., Ltd.<\/p><p data-start=\"127\" data-end=\"174\"><strong data-start=\"127\" data-end=\"159\">Business Registration Number<\/strong><br data-start=\"159\" data-end=\"162\" \/>859-87-03642<\/p><p data-start=\"176\" data-end=\"208\"><strong data-start=\"176\" data-end=\"194\">Representative<\/strong><br data-start=\"194\" data-end=\"197\" \/>HAN Taehyun<\/p><p data-start=\"210\" data-end=\"292\"><strong data-start=\"210\" data-end=\"230\">Business Address<\/strong><br data-start=\"230\" data-end=\"233\" \/>161-8 Magokjungang-ro, Gangseo-gu, Seoul, Republic of Korea<\/p><p data-start=\"339\" data-end=\"435\"><strong data-start=\"339\" data-end=\"356\">Business Type<\/strong><br data-start=\"356\" data-end=\"359\" \/>Professional, Scientific and Technical Services \/ Wholesale and Retail Trade<\/p><p data-start=\"437\" data-end=\"460\"><strong data-start=\"437\" data-end=\"460\">Business Activities<\/strong><\/p><ul data-start=\"462\" data-end=\"530\"><li data-start=\"462\" data-end=\"493\"><p data-start=\"464\" data-end=\"493\">Advertising agency services<\/p><\/li><li data-start=\"494\" data-end=\"530\"><p data-start=\"496\" data-end=\"530\">Electronic commerce via internet<\/p><\/li><\/ul>\t\t\t\t\t\t\t\t<\/div>\n\t\t\t\t<\/div>\n\t\t\t\t\t<\/div>\n\t\t\t\t<\/div>\n\t\t\t\t<\/div>\n\t\t","protected":false},"excerpt":{"rendered":"<p>Company Information Company NameALLO PARTNERS Co., Ltd. Business Registration Number859-87-03642 RepresentativeHAN Taehyun Business Address161-8 Magokjungang-ro, Gangseo-gu, Seoul, Republic of Korea Business TypeProfessional, Scientific and Technical Services \/ Wholesale and Retail Trade Business Activities Advertising agency services Electronic commerce via internet<\/p>\n","protected":false},"author":263901211,"featured_media":3505,"parent":0,"menu_order":0,"comment_status":"closed","ping_status":"closed","template":"","meta":{"_crdt_document":"","footnotes":""},"class_list":["post-8774","page","type-page","status-publish","has-post-thumbnail","hentry"],"yoast_head":"<!-- This site is optimized with the Yoast SEO Premium plugin v24.7 (Yoast SEO v27.6) - https:\/\/yoast.com\/product\/yoast-seo-premium-wordpress\/ -->\n<title>ALLO KOREA Company Info<\/title>\n<meta name=\"description\" content=\"D\u00e9couvrez ALLOGLOBAL, soci\u00e9t\u00e9 bas\u00e9e \u00e0 S\u00e9oul sp\u00e9cialis\u00e9e dans les services d\u2019assistance, de marketing et de gestion pour les \u00e9trangers et entreprises souhaitant s\u2019implanter en Cor\u00e9e.\" \/>\n<meta name=\"robots\" content=\"index, follow, max-snippet:-1, max-image-preview:large, max-video-preview:-1\" \/>\n<link rel=\"canonical\" href=\"https:\/\/allo-korea.com\/en\/legal-notice\/\" \/>\n<meta property=\"og:locale\" content=\"en_US\" \/>\n<meta property=\"og:type\" content=\"article\" \/>\n<meta property=\"og:title\" content=\"ALLO KOREA Company Info\" \/>\n<meta property=\"og:description\" content=\"D\u00e9couvrez ALLOGLOBAL, soci\u00e9t\u00e9 bas\u00e9e \u00e0 S\u00e9oul sp\u00e9cialis\u00e9e dans les services d\u2019assistance, de marketing et de gestion pour les \u00e9trangers et entreprises souhaitant s\u2019implanter en Cor\u00e9e.\" \/>\n<meta property=\"og:url\" content=\"https:\/\/allo-korea.com\/en\/legal-notice\/\" \/>\n<meta property=\"og:site_name\" content=\"ALLO KOREA\" \/>\n<meta property=\"article:modified_time\" content=\"2026-01-28T08:05:57+00:00\" \/>\n<meta property=\"og:image\" content=\"https:\/\/allo-korea.com\/wp-content\/uploads\/2025\/07\/\uc81c\ubaa9\uc744-\uc785\ub825\ud574\uc8fc\uc138\uc694__\ubcf5\uc0ac\ubcf8-2-001.png\" \/>\n\t<meta property=\"og:image:width\" content=\"1200\" \/>\n\t<meta property=\"og:image:height\" content=\"630\" \/>\n\t<meta property=\"og:image:type\" content=\"image\/png\" \/>\n<meta name=\"twitter:card\" content=\"summary_large_image\" \/>\n<meta name=\"twitter:label1\" content=\"Est. reading time\" \/>\n\t<meta name=\"twitter:data1\" content=\"1 minute\" \/>\n<script type=\"application\/ld+json\" class=\"yoast-schema-graph\">{\"@context\":\"https:\\\/\\\/schema.org\",\"@graph\":[{\"@type\":\"WebPage\",\"@id\":\"https:\\\/\\\/allo-korea.com\\\/en\\\/legal-notice\\\/\",\"url\":\"https:\\\/\\\/allo-korea.com\\\/en\\\/legal-notice\\\/\",\"name\":\"ALLO KOREA Company Info\",\"isPartOf\":{\"@id\":\"https:\\\/\\\/allo-korea.com\\\/#website\"},\"primaryImageOfPage\":{\"@id\":\"https:\\\/\\\/allo-korea.com\\\/en\\\/legal-notice\\\/#primaryimage\"},\"image\":{\"@id\":\"https:\\\/\\\/allo-korea.com\\\/en\\\/legal-notice\\\/#primaryimage\"},\"thumbnailUrl\":\"https:\\\/\\\/i0.wp.com\\\/allo-korea.com\\\/wp-content\\\/uploads\\\/2025\\\/07\\\/%EC%A0%9C%EB%AA%A9%EC%9D%84-%EC%9E%85%EB%A0%A5%ED%95%B4%EC%A3%BC%EC%84%B8%EC%9A%94__%EB%B3%B5%EC%82%AC%EB%B3%B8-2-001.png?fit=1200%2C630&ssl=1\",\"datePublished\":\"2025-10-30T10:07:33+00:00\",\"dateModified\":\"2026-01-28T08:05:57+00:00\",\"description\":\"D\u00e9couvrez ALLOGLOBAL, soci\u00e9t\u00e9 bas\u00e9e \u00e0 S\u00e9oul sp\u00e9cialis\u00e9e dans les services d\u2019assistance, de marketing et de gestion pour les \u00e9trangers et entreprises souhaitant s\u2019implanter en Cor\u00e9e.\",\"breadcrumb\":{\"@id\":\"https:\\\/\\\/allo-korea.com\\\/en\\\/legal-notice\\\/#breadcrumb\"},\"inLanguage\":\"en-US\",\"potentialAction\":[{\"@type\":\"ReadAction\",\"target\":[\"https:\\\/\\\/allo-korea.com\\\/en\\\/legal-notice\\\/\"]}]},{\"@type\":\"ImageObject\",\"inLanguage\":\"en-US\",\"@id\":\"https:\\\/\\\/allo-korea.com\\\/en\\\/legal-notice\\\/#primaryimage\",\"url\":\"https:\\\/\\\/i0.wp.com\\\/allo-korea.com\\\/wp-content\\\/uploads\\\/2025\\\/07\\\/%EC%A0%9C%EB%AA%A9%EC%9D%84-%EC%9E%85%EB%A0%A5%ED%95%B4%EC%A3%BC%EC%84%B8%EC%9A%94__%EB%B3%B5%EC%82%AC%EB%B3%B8-2-001.png?fit=1200%2C630&ssl=1\",\"contentUrl\":\"https:\\\/\\\/i0.wp.com\\\/allo-korea.com\\\/wp-content\\\/uploads\\\/2025\\\/07\\\/%EC%A0%9C%EB%AA%A9%EC%9D%84-%EC%9E%85%EB%A0%A5%ED%95%B4%EC%A3%BC%EC%84%B8%EC%9A%94__%EB%B3%B5%EC%82%AC%EB%B3%B8-2-001.png?fit=1200%2C630&ssl=1\",\"width\":1200,\"height\":630},{\"@type\":\"BreadcrumbList\",\"@id\":\"https:\\\/\\\/allo-korea.com\\\/en\\\/legal-notice\\\/#breadcrumb\",\"itemListElement\":[{\"@type\":\"ListItem\",\"position\":1,\"name\":\"Accueil\",\"item\":\"https:\\\/\\\/allo-korea.com\\\/en\\\/\"},{\"@type\":\"ListItem\",\"position\":2,\"name\":\"ALLO KOREA Company Info\"}]},{\"@type\":\"WebSite\",\"@id\":\"https:\\\/\\\/allo-korea.com\\\/#website\",\"url\":\"https:\\\/\\\/allo-korea.com\\\/\",\"name\":\"ALLO-KOREA | Vivre et \u00c9tudier en Cor\u00e9e \u2013 Logement, Visa, Services\",\"description\":\"Live in Korea. Settle Fast. Stay Smart.\",\"publisher\":{\"@id\":\"https:\\\/\\\/allo-korea.com\\\/#organization\"},\"alternateName\":\"ALLO-KOREA\",\"potentialAction\":[{\"@type\":\"SearchAction\",\"target\":{\"@type\":\"EntryPoint\",\"urlTemplate\":\"https:\\\/\\\/allo-korea.com\\\/?s={search_term_string}\"},\"query-input\":{\"@type\":\"PropertyValueSpecification\",\"valueRequired\":true,\"valueName\":\"search_term_string\"}}],\"inLanguage\":\"en-US\"},{\"@type\":\"Organization\",\"@id\":\"https:\\\/\\\/allo-korea.com\\\/#organization\",\"name\":\"ALLO KOREA\",\"url\":\"https:\\\/\\\/allo-korea.com\\\/\",\"logo\":{\"@type\":\"ImageObject\",\"inLanguage\":\"en-US\",\"@id\":\"https:\\\/\\\/allo-korea.com\\\/#\\\/schema\\\/logo\\\/image\\\/\",\"url\":\"https:\\\/\\\/i0.wp.com\\\/allo-korea.com\\\/wp-content\\\/uploads\\\/2025\\\/03\\\/%EC%A0%9C%EB%AA%A9%EC%9D%84-%EC%9E%85%EB%A0%A5%ED%95%B4%EC%A3%BC%EC%84%B8%EC%9A%94__%EB%B3%B5%EC%82%AC%EB%B3%B8-1-001-2.png?fit=2518%2C480&ssl=1\",\"contentUrl\":\"https:\\\/\\\/i0.wp.com\\\/allo-korea.com\\\/wp-content\\\/uploads\\\/2025\\\/03\\\/%EC%A0%9C%EB%AA%A9%EC%9D%84-%EC%9E%85%EB%A0%A5%ED%95%B4%EC%A3%BC%EC%84%B8%EC%9A%94__%EB%B3%B5%EC%82%AC%EB%B3%B8-1-001-2.png?fit=2518%2C480&ssl=1\",\"width\":2518,\"height\":480,\"caption\":\"ALLO KOREA\"},\"image\":{\"@id\":\"https:\\\/\\\/allo-korea.com\\\/#\\\/schema\\\/logo\\\/image\\\/\"},\"description\":\"Move to Korea or study in Korea without the stress. ALLO KOREA handles your visa, housing, bank, phone, and ARC \u2014 helping you start living freely from day one.\",\"email\":\"contact@allo-korea.com\",\"legalName\":\"ALLO KOREA\",\"foundingDate\":\"2025-05-01\",\"vatID\":\"776-81-03840\",\"taxID\":\"776-81-03840\",\"duns\":\"696339103\",\"numberOfEmployees\":{\"@type\":\"QuantitativeValue\",\"minValue\":\"1\",\"maxValue\":\"10\"}}]}<\/script>\n<!-- \/ Yoast SEO Premium plugin. -->","yoast_head_json":{"title":"ALLO KOREA Company Info","description":"D\u00e9couvrez ALLOGLOBAL, soci\u00e9t\u00e9 bas\u00e9e \u00e0 S\u00e9oul sp\u00e9cialis\u00e9e dans les services d\u2019assistance, de marketing et de gestion pour les \u00e9trangers et entreprises souhaitant s\u2019implanter en Cor\u00e9e.","robots":{"index":"index","follow":"follow","max-snippet":"max-snippet:-1","max-image-preview":"max-image-preview:large","max-video-preview":"max-video-preview:-1"},"canonical":"https:\/\/allo-korea.com\/en\/legal-notice\/","og_locale":"en_US","og_type":"article","og_title":"ALLO KOREA Company Info","og_description":"D\u00e9couvrez ALLOGLOBAL, soci\u00e9t\u00e9 bas\u00e9e \u00e0 S\u00e9oul sp\u00e9cialis\u00e9e dans les services d\u2019assistance, de marketing et de gestion pour les \u00e9trangers et entreprises souhaitant s\u2019implanter en Cor\u00e9e.","og_url":"https:\/\/allo-korea.com\/en\/legal-notice\/","og_site_name":"ALLO KOREA","article_modified_time":"2026-01-28T08:05:57+00:00","og_image":[{"width":1200,"height":630,"url":"https:\/\/allo-korea.com\/wp-content\/uploads\/2025\/07\/\uc81c\ubaa9\uc744-\uc785\ub825\ud574\uc8fc\uc138\uc694__\ubcf5\uc0ac\ubcf8-2-001.png","type":"image\/png"}],"twitter_card":"summary_large_image","twitter_misc":{"Est. reading time":"1 minute"},"schema":{"@context":"https:\/\/schema.org","@graph":[{"@type":"WebPage","@id":"https:\/\/allo-korea.com\/en\/legal-notice\/","url":"https:\/\/allo-korea.com\/en\/legal-notice\/","name":"ALLO KOREA Company Info","isPartOf":{"@id":"https:\/\/allo-korea.com\/#website"},"primaryImageOfPage":{"@id":"https:\/\/allo-korea.com\/en\/legal-notice\/#primaryimage"},"image":{"@id":"https:\/\/allo-korea.com\/en\/legal-notice\/#primaryimage"},"thumbnailUrl":"https:\/\/i0.wp.com\/allo-korea.com\/wp-content\/uploads\/2025\/07\/%EC%A0%9C%EB%AA%A9%EC%9D%84-%EC%9E%85%EB%A0%A5%ED%95%B4%EC%A3%BC%EC%84%B8%EC%9A%94__%EB%B3%B5%EC%82%AC%EB%B3%B8-2-001.png?fit=1200%2C630&ssl=1","datePublished":"2025-10-30T10:07:33+00:00","dateModified":"2026-01-28T08:05:57+00:00","description":"D\u00e9couvrez ALLOGLOBAL, soci\u00e9t\u00e9 bas\u00e9e \u00e0 S\u00e9oul sp\u00e9cialis\u00e9e dans les services d\u2019assistance, de marketing et de gestion pour les \u00e9trangers et entreprises souhaitant s\u2019implanter en Cor\u00e9e.","breadcrumb":{"@id":"https:\/\/allo-korea.com\/en\/legal-notice\/#breadcrumb"},"inLanguage":"en-US","potentialAction":[{"@type":"ReadAction","target":["https:\/\/allo-korea.com\/en\/legal-notice\/"]}]},{"@type":"ImageObject","inLanguage":"en-US","@id":"https:\/\/allo-korea.com\/en\/legal-notice\/#primaryimage","url":"https:\/\/i0.wp.com\/allo-korea.com\/wp-content\/uploads\/2025\/07\/%EC%A0%9C%EB%AA%A9%EC%9D%84-%EC%9E%85%EB%A0%A5%ED%95%B4%EC%A3%BC%EC%84%B8%EC%9A%94__%EB%B3%B5%EC%82%AC%EB%B3%B8-2-001.png?fit=1200%2C630&ssl=1","contentUrl":"https:\/\/i0.wp.com\/allo-korea.com\/wp-content\/uploads\/2025\/07\/%EC%A0%9C%EB%AA%A9%EC%9D%84-%EC%9E%85%EB%A0%A5%ED%95%B4%EC%A3%BC%EC%84%B8%EC%9A%94__%EB%B3%B5%EC%82%AC%EB%B3%B8-2-001.png?fit=1200%2C630&ssl=1","width":1200,"height":630},{"@type":"BreadcrumbList","@id":"https:\/\/allo-korea.com\/en\/legal-notice\/#breadcrumb","itemListElement":[{"@type":"ListItem","position":1,"name":"Accueil","item":"https:\/\/allo-korea.com\/en\/"},{"@type":"ListItem","position":2,"name":"ALLO KOREA Company Info"}]},{"@type":"WebSite","@id":"https:\/\/allo-korea.com\/#website","url":"https:\/\/allo-korea.com\/","name":"ALLO-KOREA | Vivre et \u00c9tudier en Cor\u00e9e \u2013 Logement, Visa, Services","description":"Live in Korea. Settle Fast. Stay Smart.","publisher":{"@id":"https:\/\/allo-korea.com\/#organization"},"alternateName":"ALLO-KOREA","potentialAction":[{"@type":"SearchAction","target":{"@type":"EntryPoint","urlTemplate":"https:\/\/allo-korea.com\/?s={search_term_string}"},"query-input":{"@type":"PropertyValueSpecification","valueRequired":true,"valueName":"search_term_string"}}],"inLanguage":"en-US"},{"@type":"Organization","@id":"https:\/\/allo-korea.com\/#organization","name":"ALLO KOREA","url":"https:\/\/allo-korea.com\/","logo":{"@type":"ImageObject","inLanguage":"en-US","@id":"https:\/\/allo-korea.com\/#\/schema\/logo\/image\/","url":"https:\/\/i0.wp.com\/allo-korea.com\/wp-content\/uploads\/2025\/03\/%EC%A0%9C%EB%AA%A9%EC%9D%84-%EC%9E%85%EB%A0%A5%ED%95%B4%EC%A3%BC%EC%84%B8%EC%9A%94__%EB%B3%B5%EC%82%AC%EB%B3%B8-1-001-2.png?fit=2518%2C480&ssl=1","contentUrl":"https:\/\/i0.wp.com\/allo-korea.com\/wp-content\/uploads\/2025\/03\/%EC%A0%9C%EB%AA%A9%EC%9D%84-%EC%9E%85%EB%A0%A5%ED%95%B4%EC%A3%BC%EC%84%B8%EC%9A%94__%EB%B3%B5%EC%82%AC%EB%B3%B8-1-001-2.png?fit=2518%2C480&ssl=1","width":2518,"height":480,"caption":"ALLO KOREA"},"image":{"@id":"https:\/\/allo-korea.com\/#\/schema\/logo\/image\/"},"description":"Move to Korea or study in Korea without the stress. ALLO KOREA handles your visa, housing, bank, phone, and ARC \u2014 helping you start living freely from day one.","email":"contact@allo-korea.com","legalName":"ALLO KOREA","foundingDate":"2025-05-01","vatID":"776-81-03840","taxID":"776-81-03840","duns":"696339103","numberOfEmployees":{"@type":"QuantitativeValue","minValue":"1","maxValue":"10"}}]}},"jetpack_likes_enabled":true,"jetpack_sharing_enabled":true,"jetpack_shortlink":"https:\/\/wp.me\/PgrwzS-2hw","_links":{"self":[{"href":"https:\/\/allo-korea.com\/en\/wp-json\/wp\/v2\/pages\/8774","targetHints":{"allow":["GET"]}}],"collection":[{"href":"https:\/\/allo-korea.com\/en\/wp-json\/wp\/v2\/pages"}],"about":[{"href":"https:\/\/allo-korea.com\/en\/wp-json\/wp\/v2\/types\/page"}],"author":[{"embeddable":true,"href":"https:\/\/allo-korea.com\/en\/wp-json\/wp\/v2\/users\/263901211"}],"replies":[{"embeddable":true,"href":"https:\/\/allo-korea.com\/en\/wp-json\/wp\/v2\/comments?post=8774"}],"version-history":[{"count":4,"href":"https:\/\/allo-korea.com\/en\/wp-json\/wp\/v2\/pages\/8774\/revisions"}],"predecessor-version":[{"id":12886,"href":"https:\/\/allo-korea.com\/en\/wp-json\/wp\/v2\/pages\/8774\/revisions\/12886"}],"wp:featuredmedia":[{"embeddable":true,"href":"https:\/\/allo-korea.com\/en\/wp-json\/wp\/v2\/media\/3505"}],"wp:attachment":[{"href":"https:\/\/allo-korea.com\/en\/wp-json\/wp\/v2\/media?parent=8774"}],"curies":[{"name":"wp","href":"https:\/\/api.w.org\/{rel}","templated":true}]}}